{"id":34635,"date":"2022-04-17T08:06:05","date_gmt":"2022-04-17T06:06:05","guid":{"rendered":"https:\/\/www.ivo.es\/la-fundacio\/el-patronat\/saluda-del-president\/"},"modified":"2022-10-13T07:53:51","modified_gmt":"2022-10-13T05:53:51","slug":"saluda-del-president","status":"publish","type":"page","link":"https:\/\/www.ivo.es\/val\/la-fundacio\/el-patronat\/saluda-del-president\/","title":{"rendered":"Saluda del President"},"content":{"rendered":"\t\t<div data-elementor-type=\"wp-page\" data-elementor-id=\"34635\" class=\"elementor elementor-34635 elementor-189\" data-elementor-post-type=\"page\">\n\t\t\t\t\t\t<section data-particle_enable=\"false\" data-particle-mobile-disabled=\"false\" class=\"elementor-section elementor-top-section elementor-element elementor-element-1139c53a elementor-section-boxed elementor-section-height-default elementor-section-height-default\" data-id=\"1139c53a\" data-element_type=\"section\" data-e-type=\"section\">\n\t\t\t\t\t\t<div class=\"elementor-container elementor-column-gap-default\">\n\t\t\t\t\t<div class=\"elementor-column elementor-col-50 elementor-top-column elementor-element elementor-element-2a8e4e5\" data-id=\"2a8e4e5\" data-element_type=\"column\" data-e-type=\"column\">\n\t\t\t<div class=\"elementor-widget-wrap elementor-element-populated\">\n\t\t\t\t\t\t<div class=\"elementor-element elementor-element-2dbccd0 elementor-widget elementor-widget-image\" data-id=\"2dbccd0\" data-element_type=\"widget\" data-e-type=\"widget\" data-widget_type=\"image.default\">\n\t\t\t\t<div class=\"elementor-widget-container\">\n\t\t\t\t\t\t\t\t\t\t\t\t\t\t\t<img fetchpriority=\"high\" decoding=\"async\" width=\"240\" height=\"266\" src=\"https:\/\/www.ivo.es\/wp-content\/uploads\/2022\/06\/AntonioLlombartBosch.png\" class=\"attachment-large size-large wp-image-30623\" alt=\"\" \/>\t\t\t\t\t\t\t\t\t\t\t\t\t\t\t<\/div>\n\t\t\t\t<\/div>\n\t\t\t\t\t<\/div>\n\t\t<\/div>\n\t\t\t\t<div class=\"elementor-column elementor-col-50 elementor-top-column elementor-element elementor-element-c08f147\" data-id=\"c08f147\" data-element_type=\"column\" data-e-type=\"column\">\n\t\t\t<div class=\"elementor-widget-wrap elementor-element-populated\">\n\t\t\t\t\t\t<div class=\"elementor-element elementor-element-a8c98b9 elementor-widget elementor-widget-text-editor\" data-id=\"a8c98b9\" data-element_type=\"widget\" data-e-type=\"widget\" data-widget_type=\"text-editor.default\">\n\t\t\t\t<div class=\"elementor-widget-container\">\n\t\t\t\t\t\t\t\t\t<p><\/p>\n<p>\u00abLa Fundaci\u00f3 Institut Valenci\u00e0 d&#8217;Oncologia \u00e9s una entitat privada sense \u00e0nim de lucre que va ser creada l&#8217;any 1976 amb la finalitat d&#8217;atorgar assist\u00e8ncia als pacients de c\u00e0ncer, a m\u00e9s de promoure la prevenci\u00f3 de la malaltia, el desenvolupament de l&#8217;activitat investigadora i docent en mat\u00e8ries relacionades amb la lluita contra el c\u00e0ncer, i la formaci\u00f3 de m\u00e8dics onc\u00f2legs i especialistes afins.<\/p>\n<p><\/p>\n<p><\/p>\n<p>En el moment present, constitueix un honor i una gran satisfacci\u00f3 per a mi com a President del Patronat de la Fundaci\u00f3 poder afirmar que aquesta instituci\u00f3, despr\u00e9s de quasi quaranta anys al servei de la societat, s&#8217;ha convertit en un centre de refer\u00e8ncia i reconegut prestigi en la lluita contra el c\u00e0ncer, no sols en l&#8217;\u00e0mbit nacional sin\u00f3 tamb\u00e9 en l&#8217;internacional.<\/p>\n<p><\/p>\n<p><\/p>\n<p>La tasca assistencial juntament amb la cient\u00edfica desenvolupada pels professionals de la instituci\u00f3, mitjan\u00e7ant la realitzaci\u00f3 d&#8217;assajos cl\u00ednics, projectes d&#8217;investigaci\u00f3, la participaci\u00f3 en cursos i congressos a nivell mundial, la doc\u00e8ncia i la constant tenacitat per incorporar la tecnologia m\u00e9s avan\u00e7ada en les nostres instal\u00b7lacions, han sigut i continuen sent els grans reptes des dels or\u00edgens de la instituci\u00f3.<\/p>\n<p><\/p>\n<p><\/p>\n<p>Aquesta missi\u00f3 ha sigut possible gr\u00e0cies a una bona avinen\u00e7a amb la Conselleria de Sanitat de la Generalitat Valenciana, aix\u00ed com a la confian\u00e7a dels pacients, i fonamentalment a la voluntat, a l&#8217;esfor\u00e7 i a la perseveran\u00e7a de tots i cadascun de nosaltres. En particular, a la professionalitat i humanitat del nostre personal, que ha contribu\u00eft positivament al desenvolupament del Centre.<\/p>\n<p><\/p>\n<p><\/p>\n<p>\u00c9s la nostra intenci\u00f3 continuar millorant progressivament aquesta \u00e0rdua tasca que ens obliga di\u00e0riament a adequar els nostres coneixements i la nostra tecnologia a les noves exig\u00e8ncies necess\u00e0ries per al control de la malaltia.\u00bb<\/p>\n<p><\/p>\n<p><\/p>\n<p><strong>Antonio Llombart Bosch<\/strong><br>\nPresident del Patronat de la Fundaci\u00f3 IVO\n\t\t\t\t\t\t\t\t<\/div>\n\t\t\t\t<\/div>\n\t\t\t\t\t<\/div>\n\t\t<\/div>\n\t\t\t\t\t<\/div>\n\t\t<\/section>\n\t\t\t\t<\/div>\n\t\t","protected":false},"excerpt":{"rendered":"<p>Antonio Llombart Bosch \u00e9s el President del Patronat de la Fundaci\u00f3 IVO<\/p>\n","protected":false},"author":1,"featured_media":32398,"parent":32397,"menu_order":0,"comment_status":"closed","ping_status":"closed","template":"","meta":{"_acf_changed":false,"om_disable_all_campaigns":false,"footnotes":""},"class_list":["post-34635","page","type-page","status-publish","has-post-thumbnail","hentry"],"acf":[],"aioseo_notices":[],"_links":{"self":[{"href":"https:\/\/www.ivo.es\/val\/wp-json\/wp\/v2\/pages\/34635","targetHints":{"allow":["GET"]}}],"collection":[{"href":"https:\/\/www.ivo.es\/val\/wp-json\/wp\/v2\/pages"}],"about":[{"href":"https:\/\/www.ivo.es\/val\/wp-json\/wp\/v2\/types\/page"}],"author":[{"embeddable":true,"href":"https:\/\/www.ivo.es\/val\/wp-json\/wp\/v2\/users\/1"}],"replies":[{"embeddable":true,"href":"https:\/\/www.ivo.es\/val\/wp-json\/wp\/v2\/comments?post=34635"}],"version-history":[{"count":1,"href":"https:\/\/www.ivo.es\/val\/wp-json\/wp\/v2\/pages\/34635\/revisions"}],"predecessor-version":[{"id":34636,"href":"https:\/\/www.ivo.es\/val\/wp-json\/wp\/v2\/pages\/34635\/revisions\/34636"}],"up":[{"embeddable":true,"href":"https:\/\/www.ivo.es\/val\/wp-json\/wp\/v2\/pages\/32397"}],"wp:featuredmedia":[{"embeddable":true,"href":"https:\/\/www.ivo.es\/val\/wp-json\/wp\/v2\/media\/32398"}],"wp:attachment":[{"href":"https:\/\/www.ivo.es\/val\/wp-json\/wp\/v2\/media?parent=34635"}],"curies":[{"name":"wp","href":"https:\/\/api.w.org\/{rel}","templated":true}]}}