{"id":33474,"date":"2022-05-20T11:11:37","date_gmt":"2022-05-20T09:11:37","guid":{"rendered":"https:\/\/www.ivo.es\/docencia\/comissio-de-docencia\/"},"modified":"2025-11-24T17:01:28","modified_gmt":"2025-11-24T16:01:28","slug":"comissio-de-docencia","status":"publish","type":"page","link":"https:\/\/www.ivo.es\/val\/docencia\/comissio-de-docencia\/","title":{"rendered":"Comissi\u00f3 de doc\u00e8ncia"},"content":{"rendered":"\t\t<div data-elementor-type=\"wp-page\" data-elementor-id=\"33474\" class=\"elementor elementor-33474 elementor-28196\" data-elementor-post-type=\"page\">\n\t\t\t\t\t\t<section data-particle_enable=\"false\" data-particle-mobile-disabled=\"false\" class=\"elementor-section elementor-top-section elementor-element elementor-element-8271bec elementor-section-height-min-height elementor-section-boxed elementor-section-height-default elementor-section-items-middle\" data-id=\"8271bec\" data-element_type=\"section\" data-e-type=\"section\">\n\t\t\t\t\t\t<div class=\"elementor-container elementor-column-gap-default\">\n\t\t\t\t\t<div class=\"elementor-column elementor-col-100 elementor-top-column elementor-element elementor-element-4e3c0a2\" data-id=\"4e3c0a2\" data-element_type=\"column\" data-e-type=\"column\">\n\t\t\t<div class=\"elementor-widget-wrap elementor-element-populated\">\n\t\t\t\t\t\t<section data-particle_enable=\"false\" data-particle-mobile-disabled=\"false\" class=\"elementor-section elementor-inner-section elementor-element elementor-element-7833f36 elementor-section-boxed elementor-section-height-default elementor-section-height-default\" data-id=\"7833f36\" data-element_type=\"section\" data-e-type=\"section\">\n\t\t\t\t\t\t<div class=\"elementor-container elementor-column-gap-wider\">\n\t\t\t\t\t<div class=\"elementor-column elementor-col-50 elementor-inner-column elementor-element elementor-element-0eb5427\" data-id=\"0eb5427\" data-element_type=\"column\" data-e-type=\"column\">\n\t\t\t<div class=\"elementor-widget-wrap elementor-element-populated\">\n\t\t\t\t\t\t<div class=\"elementor-element elementor-element-9e60f5d elementor-widget elementor-widget-heading\" data-id=\"9e60f5d\" data-element_type=\"widget\" data-e-type=\"widget\" data-widget_type=\"heading.default\">\n\t\t\t\t<div class=\"elementor-widget-container\">\n\t\t\t\t\t<h2 class=\"elementor-heading-title elementor-size-default\">Comissi\u00f3 de doc\u00e8ncia<\/h2>\t\t\t\t<\/div>\n\t\t\t\t<\/div>\n\t\t\t\t<div class=\"elementor-element elementor-element-555f458 elementor-widget elementor-widget-text-editor\" data-id=\"555f458\" data-element_type=\"widget\" data-e-type=\"widget\" data-widget_type=\"text-editor.default\">\n\t\t\t\t<div class=\"elementor-widget-container\">\n\t\t\t\t\t\t\t\t\t<p>La comissi\u00f3 de doc\u00e8ncia de l&#8217;IVO s&#8217;encarrega principalment d&#8217;organitzar la formaci\u00f3, supervisar la seua aplicaci\u00f3 pr\u00e0ctica i controlar el compliment dels objectius que s&#8217;especifiquen en els programes.\u00a0<\/p><p>La seua missi\u00f3 \u00e9s identificar i satisfer les expectatives i necessitats de formaci\u00f3 dels seus professionals en ci\u00e8ncies de la Salut i altres ci\u00e8ncies afins de manera cont\u00ednua.\u00a0<\/p>\t\t\t\t\t\t\t\t<\/div>\n\t\t\t\t<\/div>\n\t\t\t\t\t<\/div>\n\t\t<\/div>\n\t\t\t\t<div class=\"elementor-column elementor-col-50 elementor-inner-column elementor-element elementor-element-8019cc9\" data-id=\"8019cc9\" data-element_type=\"column\" data-e-type=\"column\">\n\t\t\t<div class=\"elementor-widget-wrap elementor-element-populated\">\n\t\t\t\t\t\t<div class=\"elementor-element elementor-element-869bdea elementor-widget elementor-widget-image\" data-id=\"869bdea\" data-element_type=\"widget\" data-e-type=\"widget\" data-widget_type=\"image.default\">\n\t\t\t\t<div class=\"elementor-widget-container\">\n\t\t\t\t\t\t\t\t\t\t\t\t\t\t\t<img fetchpriority=\"high\" decoding=\"async\" width=\"640\" height=\"427\" src=\"https:\/\/www.ivo.es\/wp-content\/uploads\/2024\/02\/SalonActos-8391.jpg\" class=\"attachment-large size-large wp-image-37312\" alt=\"\" srcset=\"https:\/\/www.ivo.es\/wp-content\/uploads\/2024\/02\/SalonActos-8391.jpg 1000w, https:\/\/www.ivo.es\/wp-content\/uploads\/2024\/02\/SalonActos-8391-300x200.jpg 300w, https:\/\/www.ivo.es\/wp-content\/uploads\/2024\/02\/SalonActos-8391-768x512.jpg 768w\" sizes=\"(max-width: 640px) 100vw, 640px\" \/>\t\t\t\t\t\t\t\t\t\t\t\t\t\t\t<\/div>\n\t\t\t\t<\/div>\n\t\t\t\t\t<\/div>\n\t\t<\/div>\n\t\t\t\t\t<\/div>\n\t\t<\/section>\n\t\t\t\t<section data-particle_enable=\"false\" data-particle-mobile-disabled=\"false\" class=\"elementor-section elementor-inner-section elementor-element elementor-element-50895aa elementor-section-boxed elementor-section-height-default elementor-section-height-default\" data-id=\"50895aa\" data-element_type=\"section\" data-e-type=\"section\">\n\t\t\t\t\t\t<div class=\"elementor-container elementor-column-gap-wider\">\n\t\t\t\t\t<div class=\"elementor-column elementor-col-50 elementor-inner-column elementor-element elementor-element-4ae4373\" data-id=\"4ae4373\" data-element_type=\"column\" data-e-type=\"column\">\n\t\t\t<div class=\"elementor-widget-wrap elementor-element-populated\">\n\t\t\t\t\t\t<div class=\"elementor-element elementor-element-e669d9f elementor-widget elementor-widget-eael-adv-accordion\" data-id=\"e669d9f\" data-element_type=\"widget\" data-e-type=\"widget\" data-widget_type=\"eael-adv-accordion.default\">\n\t\t\t\t<div class=\"elementor-widget-container\">\n\t\t\t\t\t            <div class=\"eael-adv-accordion\" id=\"eael-adv-accordion-e669d9f\" data-scroll-on-click=\"no\" data-scroll-speed=\"300\" data-accordion-id=\"e669d9f\" data-accordion-type=\"accordion\" data-toogle-speed=\"300\">\n            <div class=\"eael-accordion-list\">\n\t\t\t\t\t<div id=\"funcions\" class=\"elementor-tab-title eael-accordion-header\" tabindex=\"0\" data-tab=\"1\" aria-controls=\"elementor-tab-content-2411\"><span class=\"eael-advanced-accordion-icon-closed\"><i aria-hidden=\"true\" class=\"fa-accordion-icon fas fa-minus\"><\/i><\/span><span class=\"eael-advanced-accordion-icon-opened\"><i aria-hidden=\"true\" class=\"fa-accordion-icon fas fa-minus\"><\/i><\/span><span class=\"eael-accordion-tab-title\">Funcions<\/span><i aria-hidden=\"true\" class=\"fa-toggle fas fa-angle-right\"><\/i><\/div><div id=\"elementor-tab-content-2411\" class=\"eael-accordion-content clearfix\" data-tab=\"1\" aria-labelledby=\"funcions\"><div class=\"elementor-element elementor-element-5282a66 eael-infobox-icon-bg-shape-none eael-infobox-icon-hover-bg-shape-none elementor-widget elementor-widget-eael-info-box\"><div class=\"elementor-widget-container\"><div class=\"eael-infobox icon-on-left\"><div class=\"infobox-content eael-icon-only\"><p class=\"title\"><strong>Facilitar la integraci\u00f3<\/strong><\/p><p>Facilitar la integraci\u00f3 de les activitats formatives i dels residents amb l&#8217;activitat assistencial i ordin\u00e0ria del centre, i la de planificar la seua activitat professional en el centre conjuntament amb els \u00f2rgans de direcci\u00f3 d&#8217;aquest.<\/p><p><strong>Elaborar protocols<\/strong><\/p><\/div><\/div><\/div><\/div><div class=\"elementor-element elementor-element-a3978eb eael-infobox-icon-bg-shape-none eael-infobox-icon-hover-bg-shape-none elementor-widget elementor-widget-eael-info-box\"><div class=\"elementor-widget-container\"><div class=\"eael-infobox icon-on-left\"><div class=\"infobox-content eael-icon-only\"><p>Elaborar el protocol de supervisi\u00f3 dels residents en els termes establits per la legislaci\u00f3 vigent.<\/p><p><strong>Garantir pla individual de formaci\u00f3<\/strong><\/p><\/div><\/div><\/div><\/div><div class=\"elementor-element elementor-element-8a32e1f eael-infobox-icon-bg-shape-none eael-infobox-icon-hover-bg-shape-none elementor-widget elementor-widget-eael-info-box\"><div class=\"elementor-widget-container\"><div class=\"eael-infobox icon-on-left\"><div class=\"infobox-content eael-icon-only\"><p>Garantir que cadascun dels residents de les especialitats que es formen en el centre compta amb el corresponent pla individual de formaci\u00f3, verificar en col\u00b7laboraci\u00f3 amb els tutors de l&#8217;especialitat, la seua adequaci\u00f3 a la guia formativa o itinerari tipus citat.<\/p><p><strong>Aprovar el pla de gesti\u00f3 de qualitat docent<\/strong><\/p><\/div><\/div><\/div><\/div><div class=\"elementor-element elementor-element-7357e51 eael-infobox-icon-bg-shape-none eael-infobox-icon-hover-bg-shape-none elementor-widget elementor-widget-eael-info-box\"><div class=\"elementor-widget-container\"><div class=\"eael-infobox icon-on-left\"><div class=\"infobox-content eael-icon-only\"><p>Aprovar el pla de gesti\u00f3 de qualitat docent del centre, supervisar el seu compliment, per a la qual cosa els responsables de les unitats assistencials i els corresponents \u00f2rgans de direcci\u00f3 i gesti\u00f3 facilitaran tota la informaci\u00f3 necess\u00e0ria.<\/p><p><strong>Facilitar la formaci\u00f3 continuada<\/strong><\/p><\/div><\/div><\/div><\/div><div class=\"elementor-element elementor-element-2878ef9 eael-infobox-icon-bg-shape-none eael-infobox-icon-hover-bg-shape-none elementor-widget elementor-widget-eael-info-box\"><div class=\"elementor-widget-container\"><div class=\"eael-infobox icon-on-left\"><div class=\"infobox-content eael-icon-only\"><p>Facilitar la formaci\u00f3 continuada dels tutors en metodologies docents i altres aspectes relacionats amb els programes formatius.<\/p><\/div><\/div><\/div><\/div><\/div>\n\t\t\t\t\t<\/div><div class=\"eael-accordion-list\">\n\t\t\t\t\t<div id=\"membres\" class=\"elementor-tab-title eael-accordion-header\" tabindex=\"0\" data-tab=\"2\" aria-controls=\"elementor-tab-content-2412\"><span class=\"eael-advanced-accordion-icon-closed\"><i aria-hidden=\"true\" class=\"fa-accordion-icon fas fa-minus\"><\/i><\/span><span class=\"eael-advanced-accordion-icon-opened\"><i aria-hidden=\"true\" class=\"fa-accordion-icon fas fa-minus\"><\/i><\/span><span class=\"eael-accordion-tab-title\">Membres<\/span><i aria-hidden=\"true\" class=\"fa-toggle fas fa-angle-right\"><\/i><\/div><div id=\"elementor-tab-content-2412\" class=\"eael-accordion-content clearfix\" data-tab=\"2\" aria-labelledby=\"membres\"><div class=\"elementor-element elementor-element-5282a66 eael-infobox-icon-bg-shape-none eael-infobox-icon-hover-bg-shape-none elementor-widget elementor-widget-eael-info-box\"><div class=\"elementor-widget-container\"><div class=\"eael-infobox icon-on-left\"><div class=\"infobox-content eael-icon-only\"><strong>President:<\/strong> Onofre Sanmart\u00edn Jim\u00e9nez (Cap del Servici Dermatologia)<\/div><\/div><\/div><\/div><div class=\"elementor-element elementor-element-2878ef9 eael-infobox-icon-bg-shape-none eael-infobox-icon-hover-bg-shape-none elementor-widget elementor-widget-eael-info-box\"><div class=\"elementor-widget-container\"><div class=\"eael-infobox icon-on-left\"><div class=\"infobox-content eael-icon-only\"><p><strong>Secret\u00e0ria:<\/strong> Lourdes Bello Luna (Llicenciada en Dret)<br \/><strong>Vocals: <\/strong><\/p><ul><li>Sergio Sandiego Contreras (Tutor i Metge Adjunt del Servici d&#8217;Oncologia M\u00e8dica)<\/li><li>Marcos Meli\u00e1n Sosa (Tutor i Metge Adjunt del Servici d&#8217;Oncologia M\u00e8dica)<\/li><li>F\u00e1tima Mar\u00eda Mayo Mart\u00ednez (Tutora i Metge Adjunt del Servici de Dermatologia)<\/li><li>Paula Santamaia Garc\u00eda (Tutora i Metge Adjunt del Servici d&#8217;Oncologia Radioter\u00e0pica)<\/li><li>Sandra Canos Puente (Tutora i Metge Adjunt del Servici d\u00b4Oncologia Radioterapica)<\/li><li>Vicente Crisp\u00edn Contreras (Cap Servici de Radiof\u00edsica i Protecci\u00f3 Radiol\u00f2gica)<\/li><li>Carlos J. Andr\u00e9s Blasco (Cap Servici de Farm\u00e0cia)<\/li><li>Pilar Ferrer Pe\u00f1aranda (Representant Conselleria Sanitat)<\/li><li>Carlos Fuster Diana (Cap Cl\u00ednic Servici de Cirurgia General i Digestiva)<\/li><li>Francisco Manch\u00f3n Adsuar\u00a0 (Tutor i Metge Adjunt del Servici de Medicina Nuclear)<\/li><li>Ismael Pascual Pastor Climente (Tutor i Farmac\u00e9utic Adjunt)<\/li><li>Sandra Bernab\u00e9u Castell\u00e1 (Tutora i Farmac\u00e8utica Adjunta)<\/li><li>Representant dels Especialistes en formacion<\/li><\/ul><\/div><\/div><\/div><\/div><\/div>\n\t\t\t\t\t<\/div><div class=\"eael-accordion-list\">\n\t\t\t\t\t<div id=\"ubicaci\" class=\"elementor-tab-title eael-accordion-header\" tabindex=\"0\" data-tab=\"3\" aria-controls=\"elementor-tab-content-2413\"><span class=\"eael-advanced-accordion-icon-closed\"><i aria-hidden=\"true\" class=\"fa-accordion-icon fas fa-minus\"><\/i><\/span><span class=\"eael-advanced-accordion-icon-opened\"><i aria-hidden=\"true\" class=\"fa-accordion-icon fas fa-minus\"><\/i><\/span><span class=\"eael-accordion-tab-title\">Ubicaci\u00f3<\/span><i aria-hidden=\"true\" class=\"fa-toggle fas fa-angle-right\"><\/i><\/div><div id=\"elementor-tab-content-2413\" class=\"eael-accordion-content clearfix\" data-tab=\"3\" aria-labelledby=\"ubicaci\"><p>La Secretaria de la Comissi\u00f3 de Doc\u00e8ncia est\u00e0 situada en la tercera planta de l&#8217;<a href=\"https:\/\/ivo22.gyoza.tech\/complejo-hospitalario\/edificio-consultas-externas\/\">edifici de Consultes Externes<\/a>\u00a0<\/p><\/div>\n\t\t\t\t\t<\/div><\/div>\t\t\t\t<\/div>\n\t\t\t\t<\/div>\n\t\t\t\t\t<\/div>\n\t\t<\/div>\n\t\t\t\t<div class=\"elementor-column elementor-col-50 elementor-inner-column elementor-element elementor-element-a53a0f5\" data-id=\"a53a0f5\" data-element_type=\"column\" data-e-type=\"column\">\n\t\t\t<div class=\"elementor-widget-wrap elementor-element-populated\">\n\t\t\t\t\t\t<div class=\"elementor-element elementor-element-a58e23d elementor-widget elementor-widget-heading\" data-id=\"a58e23d\" data-element_type=\"widget\" data-e-type=\"widget\" data-widget_type=\"heading.default\">\n\t\t\t\t<div class=\"elementor-widget-container\">\n\t\t\t\t\t<h3 class=\"elementor-heading-title elementor-size-default\">Contacte<\/h3>\t\t\t\t<\/div>\n\t\t\t\t<\/div>\n\t\t\t\t<div class=\"elementor-element elementor-element-e6fc96d elementor-align-justify elementor-widget elementor-widget-button\" data-id=\"e6fc96d\" data-element_type=\"widget\" data-e-type=\"widget\" data-widget_type=\"button.default\">\n\t\t\t\t<div class=\"elementor-widget-container\">\n\t\t\t\t\t\t\t\t\t<div class=\"elementor-button-wrapper\">\n\t\t\t\t\t<a class=\"elementor-button elementor-button-link elementor-size-sm\" href=\"#elementor-action%3Aaction%3Dpopup%3Aopen%26settings%3DeyJpZCI6MzE4MzcsInRvZ2dsZSI6ZmFsc2V9\">\n\t\t\t\t\t\t<span class=\"elementor-button-content-wrapper\">\n\t\t\t\t\t\t<span class=\"elementor-button-icon\">\n\t\t\t\t<i aria-hidden=\"true\" class=\"far fa-envelope\"><\/i>\t\t\t<\/span>\n\t\t\t\t\t\t\t\t\t<span class=\"elementor-button-text\">Contactar<\/span>\n\t\t\t\t\t<\/span>\n\t\t\t\t\t<\/a>\n\t\t\t\t<\/div>\n\t\t\t\t\t\t\t\t<\/div>\n\t\t\t\t<\/div>\n\t\t\t\t\t<\/div>\n\t\t<\/div>\n\t\t\t\t\t<\/div>\n\t\t<\/section>\n\t\t\t\t\t<\/div>\n\t\t<\/div>\n\t\t\t\t\t<\/div>\n\t\t<\/section>\n\t\t\t\t<\/div>\n\t\t","protected":false},"excerpt":{"rendered":"<p>Comissi\u00f3 de doc\u00e8ncia La comissi\u00f3 de doc\u00e8ncia de l&#8217;IVO s&#8217;encarrega principalment d&#8217;organitzar la formaci\u00f3, supervisar la seua aplicaci\u00f3 pr\u00e0ctica i controlar el compliment dels objectius que s&#8217;especifiquen en els programes.\u00a0 La seua missi\u00f3 \u00e9s identificar i satisfer les expectatives i necessitats de formaci\u00f3 dels seus professionals en ci\u00e8ncies de la Salut i altres ci\u00e8ncies afins [&hellip;]<\/p>\n","protected":false},"author":3,"featured_media":30013,"parent":33454,"menu_order":0,"comment_status":"closed","ping_status":"closed","template":"","meta":{"_acf_changed":false,"om_disable_all_campaigns":false,"footnotes":""},"class_list":["post-33474","page","type-page","status-publish","has-post-thumbnail","hentry"],"acf":[],"aioseo_notices":[],"_links":{"self":[{"href":"https:\/\/www.ivo.es\/val\/wp-json\/wp\/v2\/pages\/33474","targetHints":{"allow":["GET"]}}],"collection":[{"href":"https:\/\/www.ivo.es\/val\/wp-json\/wp\/v2\/pages"}],"about":[{"href":"https:\/\/www.ivo.es\/val\/wp-json\/wp\/v2\/types\/page"}],"author":[{"embeddable":true,"href":"https:\/\/www.ivo.es\/val\/wp-json\/wp\/v2\/users\/3"}],"replies":[{"embeddable":true,"href":"https:\/\/www.ivo.es\/val\/wp-json\/wp\/v2\/comments?post=33474"}],"version-history":[{"count":16,"href":"https:\/\/www.ivo.es\/val\/wp-json\/wp\/v2\/pages\/33474\/revisions"}],"predecessor-version":[{"id":41940,"href":"https:\/\/www.ivo.es\/val\/wp-json\/wp\/v2\/pages\/33474\/revisions\/41940"}],"up":[{"embeddable":true,"href":"https:\/\/www.ivo.es\/val\/wp-json\/wp\/v2\/pages\/33454"}],"wp:featuredmedia":[{"embeddable":true,"href":"https:\/\/www.ivo.es\/val\/wp-json\/wp\/v2\/media\/30013"}],"wp:attachment":[{"href":"https:\/\/www.ivo.es\/val\/wp-json\/wp\/v2\/media?parent=33474"}],"curies":[{"name":"wp","href":"https:\/\/api.w.org\/{rel}","templated":true}]}}