{"id":33458,"date":"2022-04-22T09:34:47","date_gmt":"2022-04-22T07:34:47","guid":{"rendered":"https:\/\/www.ivo.es\/investigacio\/"},"modified":"2022-06-27T09:27:31","modified_gmt":"2022-06-27T07:27:31","slug":"investigacio","status":"publish","type":"page","link":"https:\/\/www.ivo.es\/val\/investigacio\/","title":{"rendered":"Investigaci\u00f3"},"content":{"rendered":"\t\t<div data-elementor-type=\"wp-page\" data-elementor-id=\"33458\" class=\"elementor elementor-33458 elementor-22290\" data-elementor-post-type=\"page\">\n\t\t\t\t\t\t<section data-particle_enable=\"false\" data-particle-mobile-disabled=\"false\" class=\"elementor-section elementor-top-section elementor-element elementor-element-dcf9257 elementor-section-boxed elementor-section-height-default elementor-section-height-default\" data-id=\"dcf9257\" data-element_type=\"section\" data-e-type=\"section\">\n\t\t\t\t\t\t<div class=\"elementor-container elementor-column-gap-default\">\n\t\t\t\t\t<div class=\"elementor-column elementor-col-100 elementor-top-column elementor-element elementor-element-38b9188\" data-id=\"38b9188\" data-element_type=\"column\" data-e-type=\"column\">\n\t\t\t<div class=\"elementor-widget-wrap elementor-element-populated\">\n\t\t\t\t\t\t<section data-particle_enable=\"false\" data-particle-mobile-disabled=\"false\" class=\"elementor-section elementor-inner-section elementor-element elementor-element-2841219 elementor-section-boxed elementor-section-height-default elementor-section-height-default\" data-id=\"2841219\" data-element_type=\"section\" data-e-type=\"section\">\n\t\t\t\t\t\t<div class=\"elementor-container elementor-column-gap-wider\">\n\t\t\t\t\t<div class=\"elementor-column elementor-col-33 elementor-inner-column elementor-element elementor-element-b73a1de\" data-id=\"b73a1de\" data-element_type=\"column\" data-e-type=\"column\" data-settings=\"{&quot;background_background&quot;:&quot;classic&quot;}\">\n\t\t\t<div class=\"elementor-widget-wrap elementor-element-populated\">\n\t\t\t\t\t\t<div class=\"elementor-element elementor-element-f4870a3 elementor-position-top elementor-widget elementor-widget-image-box\" data-id=\"f4870a3\" data-element_type=\"widget\" data-e-type=\"widget\" data-widget_type=\"image-box.default\">\n\t\t\t\t<div class=\"elementor-widget-container\">\n\t\t\t\t\t<div class=\"elementor-image-box-wrapper\"><figure class=\"elementor-image-box-img\"><img fetchpriority=\"high\" decoding=\"async\" width=\"1000\" height=\"667\" src=\"https:\/\/www.ivo.es\/wp-content\/uploads\/2022\/05\/LAB-AnatomiaPatologica-Microtomia-corte-de-Tejidos-en-parafina-0489.jpg\" class=\"attachment-full size-full wp-image-23369\" alt=\"\" srcset=\"https:\/\/www.ivo.es\/wp-content\/uploads\/2022\/05\/LAB-AnatomiaPatologica-Microtomia-corte-de-Tejidos-en-parafina-0489.jpg 1000w, https:\/\/www.ivo.es\/wp-content\/uploads\/2022\/05\/LAB-AnatomiaPatologica-Microtomia-corte-de-Tejidos-en-parafina-0489-300x200.jpg 300w, https:\/\/www.ivo.es\/wp-content\/uploads\/2022\/05\/LAB-AnatomiaPatologica-Microtomia-corte-de-Tejidos-en-parafina-0489-768x512.jpg 768w\" sizes=\"(max-width: 1000px) 100vw, 1000px\" \/><\/figure><div class=\"elementor-image-box-content\"><h3 class=\"elementor-image-box-title\">Assajos cl\u00ednics<\/h3><p class=\"elementor-image-box-description\">El desenvolupament de nous f\u00e0rmacs ha de passar per un proc\u00e9s anomenat assaig cl\u00ednic: la investigaci\u00f3 que t\u00e9 l'objectiu de trobar nous medicaments.<\/p><\/div><\/div>\t\t\t\t<\/div>\n\t\t\t\t<\/div>\n\t\t\t\t<div class=\"elementor-element elementor-element-5f35d00 elementor-align-center animated-slow elementor-invisible elementor-widget elementor-widget-button\" data-id=\"5f35d00\" data-element_type=\"widget\" data-e-type=\"widget\" data-settings=\"{&quot;_animation&quot;:&quot;fadeIn&quot;}\" data-widget_type=\"button.default\">\n\t\t\t\t<div class=\"elementor-widget-container\">\n\t\t\t\t\t\t\t\t\t<div class=\"elementor-button-wrapper\">\n\t\t\t\t\t<a class=\"elementor-button elementor-button-link elementor-size-sm\" href=\"https:\/\/www.ivo.es\/val\/investigacio\/assajos-clinics\/\">\n\t\t\t\t\t\t<span class=\"elementor-button-content-wrapper\">\n\t\t\t\t\t\t\t\t\t<span class=\"elementor-button-text\">Con\u00e9ixer m\u00e9s<\/span>\n\t\t\t\t\t<\/span>\n\t\t\t\t\t<\/a>\n\t\t\t\t<\/div>\n\t\t\t\t\t\t\t\t<\/div>\n\t\t\t\t<\/div>\n\t\t\t\t\t<\/div>\n\t\t<\/div>\n\t\t\t\t<div class=\"elementor-column elementor-col-33 elementor-inner-column elementor-element elementor-element-2b4dc93\" data-id=\"2b4dc93\" data-element_type=\"column\" data-e-type=\"column\" data-settings=\"{&quot;background_background&quot;:&quot;classic&quot;}\">\n\t\t\t<div class=\"elementor-widget-wrap elementor-element-populated\">\n\t\t\t\t\t\t<div class=\"elementor-element elementor-element-df1db95 elementor-position-top elementor-widget elementor-widget-image-box\" data-id=\"df1db95\" data-element_type=\"widget\" data-e-type=\"widget\" data-widget_type=\"image-box.default\">\n\t\t\t\t<div class=\"elementor-widget-container\">\n\t\t\t\t\t<div class=\"elementor-image-box-wrapper\"><figure class=\"elementor-image-box-img\"><img decoding=\"async\" width=\"1000\" height=\"667\" src=\"https:\/\/www.ivo.es\/wp-content\/uploads\/2022\/05\/Nevera-3409.jpg\" class=\"attachment-full size-full wp-image-23546\" alt=\"\" srcset=\"https:\/\/www.ivo.es\/wp-content\/uploads\/2022\/05\/Nevera-3409.jpg 1000w, https:\/\/www.ivo.es\/wp-content\/uploads\/2022\/05\/Nevera-3409-300x200.jpg 300w, https:\/\/www.ivo.es\/wp-content\/uploads\/2022\/05\/Nevera-3409-768x512.jpg 768w\" sizes=\"(max-width: 1000px) 100vw, 1000px\" \/><\/figure><div class=\"elementor-image-box-content\"><h3 class=\"elementor-image-box-title\">Biobanc<\/h3><p class=\"elementor-image-box-description\">El Biobanc de l'IVO recull, emmagatzema i distribueix mostres biol\u00f2giques de qualitat de pacients oncol\u00f2gics per a la investigaci\u00f3 biom\u00e8dica.<\/p><\/div><\/div>\t\t\t\t<\/div>\n\t\t\t\t<\/div>\n\t\t\t\t<div class=\"elementor-element elementor-element-67070d2 elementor-align-center animated-slow elementor-invisible elementor-widget elementor-widget-button\" data-id=\"67070d2\" data-element_type=\"widget\" data-e-type=\"widget\" data-settings=\"{&quot;_animation&quot;:&quot;fadeIn&quot;}\" data-widget_type=\"button.default\">\n\t\t\t\t<div class=\"elementor-widget-container\">\n\t\t\t\t\t\t\t\t\t<div class=\"elementor-button-wrapper\">\n\t\t\t\t\t<a class=\"elementor-button elementor-button-link elementor-size-sm\" href=\"https:\/\/www.ivo.es\/val\/investigacio\/biobanc\/\">\n\t\t\t\t\t\t<span class=\"elementor-button-content-wrapper\">\n\t\t\t\t\t\t\t\t\t<span class=\"elementor-button-text\">Con\u00e9ixer m\u00e9s<\/span>\n\t\t\t\t\t<\/span>\n\t\t\t\t\t<\/a>\n\t\t\t\t<\/div>\n\t\t\t\t\t\t\t\t<\/div>\n\t\t\t\t<\/div>\n\t\t\t\t\t<\/div>\n\t\t<\/div>\n\t\t\t\t<div class=\"elementor-column elementor-col-33 elementor-inner-column elementor-element elementor-element-47f18df\" data-id=\"47f18df\" data-element_type=\"column\" data-e-type=\"column\" data-settings=\"{&quot;background_background&quot;:&quot;classic&quot;}\">\n\t\t\t<div class=\"elementor-widget-wrap elementor-element-populated\">\n\t\t\t\t\t\t<div class=\"elementor-element elementor-element-bb72af3 elementor-position-top elementor-widget elementor-widget-image-box\" data-id=\"bb72af3\" data-element_type=\"widget\" data-e-type=\"widget\" data-widget_type=\"image-box.default\">\n\t\t\t\t<div class=\"elementor-widget-container\">\n\t\t\t\t\t<div class=\"elementor-image-box-wrapper\"><figure class=\"elementor-image-box-img\"><img decoding=\"async\" width=\"1000\" height=\"667\" src=\"https:\/\/www.ivo.es\/wp-content\/uploads\/2022\/05\/LAB-BioMolecular-Microscopio-de-fluorescencia0304.jpg\" class=\"attachment-full size-full wp-image-27104\" alt=\"\" srcset=\"https:\/\/www.ivo.es\/wp-content\/uploads\/2022\/05\/LAB-BioMolecular-Microscopio-de-fluorescencia0304.jpg 1000w, https:\/\/www.ivo.es\/wp-content\/uploads\/2022\/05\/LAB-BioMolecular-Microscopio-de-fluorescencia0304-300x200.jpg 300w, https:\/\/www.ivo.es\/wp-content\/uploads\/2022\/05\/LAB-BioMolecular-Microscopio-de-fluorescencia0304-768x512.jpg 768w\" sizes=\"(max-width: 1000px) 100vw, 1000px\" \/><\/figure><div class=\"elementor-image-box-content\"><h3 class=\"elementor-image-box-title\">Mem\u00f2ria cient\u00edfica<\/h3><p class=\"elementor-image-box-description\">La Mem\u00f2ria Cient\u00edfica de l'IVO presenta el balan\u00e7 de l'activitat cient\u00edfica i una recopilaci\u00f3 de projectes i publicacions cient\u00edfiques<\/p><\/div><\/div>\t\t\t\t<\/div>\n\t\t\t\t<\/div>\n\t\t\t\t<div class=\"elementor-element elementor-element-a64d3ab elementor-align-center animated-slow elementor-invisible elementor-widget elementor-widget-button\" data-id=\"a64d3ab\" data-element_type=\"widget\" data-e-type=\"widget\" data-settings=\"{&quot;_animation&quot;:&quot;fadeIn&quot;}\" data-widget_type=\"button.default\">\n\t\t\t\t<div class=\"elementor-widget-container\">\n\t\t\t\t\t\t\t\t\t<div class=\"elementor-button-wrapper\">\n\t\t\t\t\t<a class=\"elementor-button elementor-button-link elementor-size-sm\" href=\"https:\/\/www.ivo.es\/investigacion\/memoria-cientifica\/\">\n\t\t\t\t\t\t<span class=\"elementor-button-content-wrapper\">\n\t\t\t\t\t\t\t\t\t<span class=\"elementor-button-text\">Con\u00e9ixer m\u00e9s<\/span>\n\t\t\t\t\t<\/span>\n\t\t\t\t\t<\/a>\n\t\t\t\t<\/div>\n\t\t\t\t\t\t\t\t<\/div>\n\t\t\t\t<\/div>\n\t\t\t\t\t<\/div>\n\t\t<\/div>\n\t\t\t\t\t<\/div>\n\t\t<\/section>\n\t\t\t\t\t<\/div>\n\t\t<\/div>\n\t\t\t\t\t<\/div>\n\t\t<\/section>\n\t\t\t\t<\/div>\n\t\t","protected":false},"excerpt":{"rendered":"<p>Assajos cl\u00ednics El desenvolupament de nous f\u00e0rmacs ha de passar per un proc\u00e9s anomenat assaig cl\u00ednic: la investigaci\u00f3 que t\u00e9 l&#8217;objectiu de trobar nous medicaments. Con\u00e9ixer m\u00e9s Biobanc El Biobanc de l&#8217;IVO recull, emmagatzema i distribueix mostres biol\u00f2giques de qualitat de pacients oncol\u00f2gics per a la investigaci\u00f3 biom\u00e8dica. Con\u00e9ixer m\u00e9s Mem\u00f2ria cient\u00edfica La Mem\u00f2ria Cient\u00edfica [&hellip;]<\/p>\n","protected":false},"author":1,"featured_media":31267,"parent":0,"menu_order":0,"comment_status":"closed","ping_status":"closed","template":"","meta":{"_acf_changed":false,"om_disable_all_campaigns":false,"footnotes":""},"class_list":["post-33458","page","type-page","status-publish","has-post-thumbnail","hentry"],"acf":[],"aioseo_notices":[],"_links":{"self":[{"href":"https:\/\/www.ivo.es\/val\/wp-json\/wp\/v2\/pages\/33458","targetHints":{"allow":["GET"]}}],"collection":[{"href":"https:\/\/www.ivo.es\/val\/wp-json\/wp\/v2\/pages"}],"about":[{"href":"https:\/\/www.ivo.es\/val\/wp-json\/wp\/v2\/types\/page"}],"author":[{"embeddable":true,"href":"https:\/\/www.ivo.es\/val\/wp-json\/wp\/v2\/users\/1"}],"replies":[{"embeddable":true,"href":"https:\/\/www.ivo.es\/val\/wp-json\/wp\/v2\/comments?post=33458"}],"version-history":[{"count":7,"href":"https:\/\/www.ivo.es\/val\/wp-json\/wp\/v2\/pages\/33458\/revisions"}],"predecessor-version":[{"id":33714,"href":"https:\/\/www.ivo.es\/val\/wp-json\/wp\/v2\/pages\/33458\/revisions\/33714"}],"wp:featuredmedia":[{"embeddable":true,"href":"https:\/\/www.ivo.es\/val\/wp-json\/wp\/v2\/media\/31267"}],"wp:attachment":[{"href":"https:\/\/www.ivo.es\/val\/wp-json\/wp\/v2\/media?parent=33458"}],"curies":[{"name":"wp","href":"https:\/\/api.w.org\/{rel}","templated":true}]}}