{"id":32326,"date":"2022-05-11T12:45:29","date_gmt":"2022-05-11T10:45:29","guid":{"rendered":"https:\/\/www.ivo.es\/atencio-al-pacient\/diagnostic-precoc-del-cancer\/cancer-de-prostata\/"},"modified":"2024-05-29T10:56:36","modified_gmt":"2024-05-29T08:56:36","slug":"cancer-de-prostata","status":"publish","type":"page","link":"https:\/\/www.ivo.es\/val\/atencio-al-pacient\/diagnostic-precoc-del-cancer\/cancer-prostata\/","title":{"rendered":"C\u00e0ncer de pr\u00f2stata"},"content":{"rendered":"\t\t<div data-elementor-type=\"wp-page\" data-elementor-id=\"32326\" class=\"elementor elementor-32326 elementor-25641\" data-elementor-post-type=\"page\">\n\t\t\t\t\t\t<section data-particle_enable=\"false\" data-particle-mobile-disabled=\"false\" class=\"elementor-section elementor-top-section elementor-element elementor-element-e513300 elementor-section-height-min-height elementor-section-boxed elementor-section-height-default elementor-section-items-middle\" data-id=\"e513300\" data-element_type=\"section\" data-e-type=\"section\">\n\t\t\t\t\t\t<div class=\"elementor-container elementor-column-gap-default\">\n\t\t\t\t\t<div class=\"elementor-column elementor-col-100 elementor-top-column elementor-element elementor-element-62035b\" data-id=\"62035b\" data-element_type=\"column\" data-e-type=\"column\">\n\t\t\t<div class=\"elementor-widget-wrap elementor-element-populated\">\n\t\t\t\t\t\t<section data-particle_enable=\"false\" data-particle-mobile-disabled=\"false\" class=\"elementor-section elementor-inner-section elementor-element elementor-element-29649fb5 elementor-section-boxed elementor-section-height-default elementor-section-height-default\" data-id=\"29649fb5\" data-element_type=\"section\" data-e-type=\"section\">\n\t\t\t\t\t\t<div class=\"elementor-container elementor-column-gap-default\">\n\t\t\t\t\t<div class=\"elementor-column elementor-col-50 elementor-inner-column elementor-element elementor-element-69989bf\" data-id=\"69989bf\" data-element_type=\"column\" data-e-type=\"column\">\n\t\t\t<div class=\"elementor-widget-wrap elementor-element-populated\">\n\t\t\t\t\t\t<div class=\"elementor-element elementor-element-5712c014 elementor-widget elementor-widget-heading\" data-id=\"5712c014\" data-element_type=\"widget\" data-e-type=\"widget\" data-widget_type=\"heading.default\">\n\t\t\t\t<div class=\"elementor-widget-container\">\n\t\t\t\t\t<h4 class=\"elementor-heading-title elementor-size-default\">Qu\u00e8 \u00e9s el c\u00e0ncer de pr\u00f2stata?<\/h4>\t\t\t\t<\/div>\n\t\t\t\t<\/div>\n\t\t\t\t<div class=\"elementor-element elementor-element-5c2cbcab elementor-widget elementor-widget-text-editor\" data-id=\"5c2cbcab\" data-element_type=\"widget\" data-e-type=\"widget\" data-widget_type=\"text-editor.default\">\n\t\t\t\t<div class=\"elementor-widget-container\">\n\t\t\t\t\t\t\t\t\tEl c\u00e0ncer de pr\u00f2stata \u00e9s el tumor m\u00e9s freq\u00fcent en l\u2019home. Entre els 50 i 70 anys \u00e9s la segona causa de mort per c\u00e0ncer en l\u2019home.\r\n\r\nEn la primera part del seu desenvolupament no presenta cap tipus de mol\u00e8sties; \u00e9s posteriorment, a causa de l\u2019estretiment del conducte urinari i la irritaci\u00f3 de la bufeta, quan comencen a produir-se les dificultats urin\u00e0ries.\r\n\r\nEn la seua etapa inicial, quan no presenta s\u00edmptomes, pot ser curat; d\u2019ac\u00ed prov\u00e9 la import\u00e0ncia del diagn\u00f2stic preco\u00e7.\t\t\t\t\t\t\t\t<\/div>\n\t\t\t\t<\/div>\n\t\t\t\t\t<\/div>\n\t\t<\/div>\n\t\t\t\t<div class=\"elementor-column elementor-col-50 elementor-inner-column elementor-element elementor-element-46dbed24\" data-id=\"46dbed24\" data-element_type=\"column\" data-e-type=\"column\">\n\t\t\t<div class=\"elementor-widget-wrap elementor-element-populated\">\n\t\t\t\t\t\t<div class=\"elementor-element elementor-element-1c781301 elementor-widget elementor-widget-heading\" data-id=\"1c781301\" data-element_type=\"widget\" data-e-type=\"widget\" data-widget_type=\"heading.default\">\n\t\t\t\t<div class=\"elementor-widget-container\">\n\t\t\t\t\t<h4 class=\"elementor-heading-title elementor-size-default\">Programa de diagn\u00f2stic preco\u00e7<\/h4>\t\t\t\t<\/div>\n\t\t\t\t<\/div>\n\t\t\t\t<div class=\"elementor-element elementor-element-5fcbe613 elementor-widget elementor-widget-text-editor\" data-id=\"5fcbe613\" data-element_type=\"widget\" data-e-type=\"widget\" data-widget_type=\"text-editor.default\">\n\t\t\t\t<div class=\"elementor-widget-container\">\n\t\t\t\t\t\t\t\t\t<p>Dirigit a homes en edats entre 50 i 75 anys o amb antecedents familiars de c\u00e0ncer de pr\u00f2stata a partir dels 40 anys i amb una expectativa de vida superior a 10 anys.<\/p>\n<p>La prova consisteix en una exploraci\u00f3 senzilla com \u00e9s el tacte rectal i una an\u00e0lisi de sang convencional per a detectar el PSA. Si \u00e9s &gt; 4ng\/ml es remet a IVO per a an\u00e0lisi d&#8217;orina i cultiu. Despr\u00e9s de descartar infecci\u00f3 urin\u00e0ria, es realitza un segon an\u00e0lisi de PSA i si \u00e9s &gt; 4ng\/ml, es realitza una RM multiparam\u00e8trica.<\/p>\n<p>Amb el resultat d&#8217;aquests procediments es discuteix en el comit\u00e9 de Uro-radiologia la pertin\u00e8ncia de realitzar una bi\u00f2psia de pr\u00f2stata transrectal o transperineal amb software de fusi\u00f3 ECO\/RM o bi\u00f2psia per mapatge.<\/p>\t\t\t\t\t\t\t\t<\/div>\n\t\t\t\t<\/div>\n\t\t\t\t\t<\/div>\n\t\t<\/div>\n\t\t\t\t\t<\/div>\n\t\t<\/section>\n\t\t\t\t<div class=\"elementor-element elementor-element-14497ba8 elementor-widget elementor-widget-heading\" data-id=\"14497ba8\" data-element_type=\"widget\" data-e-type=\"widget\" data-widget_type=\"heading.default\">\n\t\t\t\t<div class=\"elementor-widget-container\">\n\t\t\t\t\t<h3 class=\"elementor-heading-title elementor-size-default\">En l'IVO, el diagn\u00f2stic preco\u00e7 del c\u00e0ncer de pr\u00f2stata es realitza en la Unitat de Diagn\u00f2stic Preco\u00e7 II Marqu\u00e9s del T\u00faria<\/h3>\t\t\t\t<\/div>\n\t\t\t\t<\/div>\n\t\t\t\t<section data-particle_enable=\"false\" data-particle-mobile-disabled=\"false\" class=\"elementor-section elementor-inner-section elementor-element elementor-element-5b6dbbac elementor-section-boxed elementor-section-height-default elementor-section-height-default\" data-id=\"5b6dbbac\" data-element_type=\"section\" data-e-type=\"section\">\n\t\t\t\t\t\t<div class=\"elementor-container elementor-column-gap-default\">\n\t\t\t\t\t<div class=\"elementor-column elementor-col-50 elementor-inner-column elementor-element elementor-element-45465eb5\" data-id=\"45465eb5\" data-element_type=\"column\" data-e-type=\"column\" data-settings=\"{&quot;background_background&quot;:&quot;classic&quot;}\">\n\t\t\t<div class=\"elementor-widget-wrap elementor-element-populated\">\n\t\t\t\t\t\t<div class=\"elementor-element elementor-element-7b0bfa93 elementor-widget elementor-widget-heading\" data-id=\"7b0bfa93\" data-element_type=\"widget\" data-e-type=\"widget\" data-widget_type=\"heading.default\">\n\t\t\t\t<div class=\"elementor-widget-container\">\n\t\t\t\t\t<h2 class=\"elementor-heading-title elementor-size-default\">On?<\/h2>\t\t\t\t<\/div>\n\t\t\t\t<\/div>\n\t\t\t\t<div class=\"elementor-element elementor-element-41417471 elementor-widget elementor-widget-text-editor\" data-id=\"41417471\" data-element_type=\"widget\" data-e-type=\"widget\" data-widget_type=\"text-editor.default\">\n\t\t\t\t<div class=\"elementor-widget-container\">\n\t\t\t\t\t\t\t\t\t<p><strong>Unitat de Diagn\u00f2stic Preco\u00e7 II Marqu\u00e9s del T\u00faria<\/strong><\/p><p><strong>Direcci\u00f3<\/strong><br \/>C\/ Estrella 3. Baix. 46007 Val\u00e8ncia.<\/p><p><strong>Tel\u00e8fons per a cita pr\u00e8via<\/strong><\/p><p>96 111 40 90<br \/><span class=\"phone\">96 111 41 34<br \/>96 110 46 05<\/span><\/p>\t\t\t\t\t\t\t\t<\/div>\n\t\t\t\t<\/div>\n\t\t\t\t<div class=\"elementor-element elementor-element-1bac328d elementor-align-center animated-slow elementor-invisible elementor-widget elementor-widget-button\" data-id=\"1bac328d\" data-element_type=\"widget\" data-e-type=\"widget\" data-settings=\"{&quot;_animation&quot;:&quot;fadeIn&quot;}\" data-widget_type=\"button.default\">\n\t\t\t\t<div class=\"elementor-widget-container\">\n\t\t\t\t\t\t\t\t\t<div class=\"elementor-button-wrapper\">\n\t\t\t\t\t<a class=\"elementor-button elementor-button-link elementor-size-sm\" href=\"https:\/\/www.ivo.es\/val\/complex-hospitalari-i-unitats\/unitats-de-diagnostic-precoc-ivo-a-valencia\/\" target=\"_blank\">\n\t\t\t\t\t\t<span class=\"elementor-button-content-wrapper\">\n\t\t\t\t\t\t\t\t\t<span class=\"elementor-button-text\">Saber m\u00e9s<\/span>\n\t\t\t\t\t<\/span>\n\t\t\t\t\t<\/a>\n\t\t\t\t<\/div>\n\t\t\t\t\t\t\t\t<\/div>\n\t\t\t\t<\/div>\n\t\t\t\t\t<\/div>\n\t\t<\/div>\n\t\t\t\t<div class=\"elementor-column elementor-col-50 elementor-inner-column elementor-element elementor-element-79a50111\" data-id=\"79a50111\" data-element_type=\"column\" data-e-type=\"column\">\n\t\t\t<div class=\"elementor-widget-wrap elementor-element-populated\">\n\t\t\t\t\t\t<div class=\"elementor-element elementor-element-570853cb elementor-widget elementor-widget-image\" data-id=\"570853cb\" data-element_type=\"widget\" data-e-type=\"widget\" data-widget_type=\"image.default\">\n\t\t\t\t<div class=\"elementor-widget-container\">\n\t\t\t\t\t\t\t\t\t\t\t\t\t\t\t<img fetchpriority=\"high\" decoding=\"async\" width=\"640\" height=\"480\" src=\"https:\/\/www.ivo.es\/wp-content\/uploads\/2022\/05\/ivo-la-estrella-mama-2-1-1024x768.jpg\" class=\"attachment-large size-large wp-image-25666\" alt=\"\" srcset=\"https:\/\/www.ivo.es\/wp-content\/uploads\/2022\/05\/ivo-la-estrella-mama-2-1-1024x768.jpg 1024w, https:\/\/www.ivo.es\/wp-content\/uploads\/2022\/05\/ivo-la-estrella-mama-2-1-300x225.jpg 300w, https:\/\/www.ivo.es\/wp-content\/uploads\/2022\/05\/ivo-la-estrella-mama-2-1-768x576.jpg 768w, https:\/\/www.ivo.es\/wp-content\/uploads\/2022\/05\/ivo-la-estrella-mama-2-1-1536x1152.jpg 1536w, https:\/\/www.ivo.es\/wp-content\/uploads\/2022\/05\/ivo-la-estrella-mama-2-1-1067x800.jpg 1067w, https:\/\/www.ivo.es\/wp-content\/uploads\/2022\/05\/ivo-la-estrella-mama-2-1.jpg 2048w\" sizes=\"(max-width: 640px) 100vw, 640px\" \/>\t\t\t\t\t\t\t\t\t\t\t\t\t\t\t<\/div>\n\t\t\t\t<\/div>\n\t\t\t\t\t<\/div>\n\t\t<\/div>\n\t\t\t\t\t<\/div>\n\t\t<\/section>\n\t\t\t\t\t<\/div>\n\t\t<\/div>\n\t\t\t\t\t<\/div>\n\t\t<\/section>\n\t\t\t\t<section data-particle_enable=\"false\" data-particle-mobile-disabled=\"false\" class=\"elementor-section elementor-top-section elementor-element elementor-element-e0de0d7 elementor-section-boxed elementor-section-height-default elementor-section-height-default\" data-id=\"e0de0d7\" data-element_type=\"section\" data-e-type=\"section\">\n\t\t\t\t\t\t<div class=\"elementor-container elementor-column-gap-default\">\n\t\t\t\t\t<div class=\"elementor-column elementor-col-100 elementor-top-column elementor-element elementor-element-073b042\" data-id=\"073b042\" data-element_type=\"column\" data-e-type=\"column\">\n\t\t\t<div class=\"elementor-widget-wrap elementor-element-populated\">\n\t\t\t\t\t\t<div class=\"elementor-element elementor-element-6e6083a elementor-widget elementor-widget-template\" data-id=\"6e6083a\" data-element_type=\"widget\" data-e-type=\"widget\" data-widget_type=\"template.default\">\n\t\t\t\t<div class=\"elementor-widget-container\">\n\t\t\t\t\t\t\t<div class=\"elementor-template\">\n\t\t\t\t\t<div data-elementor-type=\"section\" data-elementor-id=\"31857\" class=\"elementor elementor-31857 elementor-27551 elementor-27551\" data-elementor-post-type=\"elementor_library\">\n\t\t\t\t\t<section data-particle_enable=\"false\" data-particle-mobile-disabled=\"false\" class=\"elementor-section elementor-top-section elementor-element elementor-element-581d532c elementor-section-boxed elementor-section-height-default elementor-section-height-default\" data-id=\"581d532c\" data-element_type=\"section\" data-e-type=\"section\">\n\t\t\t\t\t\t<div class=\"elementor-container elementor-column-gap-default\">\n\t\t\t\t\t<div class=\"elementor-column elementor-col-100 elementor-top-column elementor-element elementor-element-7ce5bc00\" data-id=\"7ce5bc00\" data-element_type=\"column\" data-e-type=\"column\">\n\t\t\t<div class=\"elementor-widget-wrap elementor-element-populated\">\n\t\t\t\t\t\t<section data-particle_enable=\"false\" data-particle-mobile-disabled=\"false\" class=\"elementor-section elementor-inner-section elementor-element elementor-element-3437eeae elementor-section-boxed elementor-section-height-default elementor-section-height-default\" data-id=\"3437eeae\" data-element_type=\"section\" data-e-type=\"section\">\n\t\t\t\t\t\t<div class=\"elementor-container elementor-column-gap-wider\">\n\t\t\t\t\t<div class=\"elementor-column elementor-col-50 elementor-inner-column elementor-element elementor-element-1f1dd615\" data-id=\"1f1dd615\" data-element_type=\"column\" data-e-type=\"column\" data-settings=\"{&quot;background_background&quot;:&quot;classic&quot;}\">\n\t\t\t<div class=\"elementor-widget-wrap elementor-element-populated\">\n\t\t\t\t\t\t<div class=\"elementor-element elementor-element-75c44d31 elementor-position-top elementor-widget elementor-widget-image-box\" data-id=\"75c44d31\" data-element_type=\"widget\" data-e-type=\"widget\" data-widget_type=\"image-box.default\">\n\t\t\t\t<div class=\"elementor-widget-container\">\n\t\t\t\t\t<div class=\"elementor-image-box-wrapper\"><figure class=\"elementor-image-box-img\"><img decoding=\"async\" width=\"640\" height=\"427\" src=\"https:\/\/www.ivo.es\/wp-content\/uploads\/2022\/05\/stethoscope-gf3c5ad9a6_640.jpg\" class=\"attachment-full size-full wp-image-23618\" alt=\"\" srcset=\"https:\/\/www.ivo.es\/wp-content\/uploads\/2022\/05\/stethoscope-gf3c5ad9a6_640.jpg 640w, https:\/\/www.ivo.es\/wp-content\/uploads\/2022\/05\/stethoscope-gf3c5ad9a6_640-300x200.jpg 300w\" sizes=\"(max-width: 640px) 100vw, 640px\" \/><\/figure><div class=\"elementor-image-box-content\"><h3 class=\"elementor-image-box-title\">Servicis m\u00e8dics<\/h3><p class=\"elementor-image-box-description\">L'especialitzaci\u00f3 en oncologia de l'IVO permet una estructura del servici organitzada per \u00e0rees assistencials segons el tipus de tumor.<\/p><\/div><\/div>\t\t\t\t<\/div>\n\t\t\t\t<\/div>\n\t\t\t\t<div class=\"elementor-element elementor-element-11a77716 elementor-align-center animated-slow elementor-invisible elementor-widget elementor-widget-button\" data-id=\"11a77716\" data-element_type=\"widget\" data-e-type=\"widget\" data-settings=\"{&quot;_animation&quot;:&quot;fadeIn&quot;}\" data-widget_type=\"button.default\">\n\t\t\t\t<div class=\"elementor-widget-container\">\n\t\t\t\t\t\t\t\t\t<div class=\"elementor-button-wrapper\">\n\t\t\t\t\t<a class=\"elementor-button elementor-button-link elementor-size-sm\" href=\"https:\/\/www.ivo.es\/val\/quadre-medic\/servicis\/\">\n\t\t\t\t\t\t<span class=\"elementor-button-content-wrapper\">\n\t\t\t\t\t\t\t\t\t<span class=\"elementor-button-text\">Veure m\u00e9s<\/span>\n\t\t\t\t\t<\/span>\n\t\t\t\t\t<\/a>\n\t\t\t\t<\/div>\n\t\t\t\t\t\t\t\t<\/div>\n\t\t\t\t<\/div>\n\t\t\t\t\t<\/div>\n\t\t<\/div>\n\t\t\t\t<div class=\"elementor-column elementor-col-50 elementor-inner-column elementor-element elementor-element-5a113716\" data-id=\"5a113716\" data-element_type=\"column\" data-e-type=\"column\" data-settings=\"{&quot;background_background&quot;:&quot;classic&quot;}\">\n\t\t\t<div class=\"elementor-widget-wrap elementor-element-populated\">\n\t\t\t\t\t\t<div class=\"elementor-element elementor-element-136eb9e6 elementor-position-top elementor-widget elementor-widget-image-box\" data-id=\"136eb9e6\" data-element_type=\"widget\" data-e-type=\"widget\" data-widget_type=\"image-box.default\">\n\t\t\t\t<div class=\"elementor-widget-container\">\n\t\t\t\t\t<div class=\"elementor-image-box-wrapper\"><figure class=\"elementor-image-box-img\"><img decoding=\"async\" width=\"640\" height=\"427\" src=\"https:\/\/www.ivo.es\/wp-content\/uploads\/2022\/05\/adult-gdb6159566_640.jpg\" class=\"attachment-full size-full wp-image-23612\" alt=\"\" srcset=\"https:\/\/www.ivo.es\/wp-content\/uploads\/2022\/05\/adult-gdb6159566_640.jpg 640w, https:\/\/www.ivo.es\/wp-content\/uploads\/2022\/05\/adult-gdb6159566_640-300x200.jpg 300w\" sizes=\"(max-width: 640px) 100vw, 640px\" \/><\/figure><div class=\"elementor-image-box-content\"><h3 class=\"elementor-image-box-title\">Comit\u00e9s de Tumors<\/h3><p class=\"elementor-image-box-description\">Els comit\u00e9s s\u00f3n la m\u00e0xima expressi\u00f3 de la medicina multidisciplin\u00e0ria. Estan formats per facultatius experts de les principals especialitats oncol\u00f2giques.<\/p><\/div><\/div>\t\t\t\t<\/div>\n\t\t\t\t<\/div>\n\t\t\t\t<div class=\"elementor-element elementor-element-505775ca elementor-align-center animated-slow elementor-invisible elementor-widget elementor-widget-button\" data-id=\"505775ca\" data-element_type=\"widget\" data-e-type=\"widget\" data-settings=\"{&quot;_animation&quot;:&quot;fadeIn&quot;}\" data-widget_type=\"button.default\">\n\t\t\t\t<div class=\"elementor-widget-container\">\n\t\t\t\t\t\t\t\t\t<div class=\"elementor-button-wrapper\">\n\t\t\t\t\t<a class=\"elementor-button elementor-button-link elementor-size-sm\" href=\"https:\/\/www.ivo.es\/val\/quadre-medic\/comites-de-tumors\/\">\n\t\t\t\t\t\t<span class=\"elementor-button-content-wrapper\">\n\t\t\t\t\t\t\t\t\t<span class=\"elementor-button-text\">Veure m\u00e9s<\/span>\n\t\t\t\t\t<\/span>\n\t\t\t\t\t<\/a>\n\t\t\t\t<\/div>\n\t\t\t\t\t\t\t\t<\/div>\n\t\t\t\t<\/div>\n\t\t\t\t\t<\/div>\n\t\t<\/div>\n\t\t\t\t\t<\/div>\n\t\t<\/section>\n\t\t\t\t\t<\/div>\n\t\t<\/div>\n\t\t\t\t\t<\/div>\n\t\t<\/section>\n\t\t\t\t<\/div>\n\t\t\t\t<\/div>\n\t\t\t\t\t\t<\/div>\n\t\t\t\t<\/div>\n\t\t\t\t\t<\/div>\n\t\t<\/div>\n\t\t\t\t\t<\/div>\n\t\t<\/section>\n\t\t\t\t<\/div>\n\t\t","protected":false},"excerpt":{"rendered":"<p>La societat \u00e9s cada vegada m\u00e9s conscient de la import\u00e0ncia de la detecci\u00f3 preco\u00e7 en la lluita contra els processos oncol\u00f2gics.<\/p>\n","protected":false},"author":3,"featured_media":31338,"parent":31878,"menu_order":0,"comment_status":"closed","ping_status":"closed","template":"","meta":{"_acf_changed":false,"om_disable_all_campaigns":false,"footnotes":""},"class_list":["post-32326","page","type-page","status-publish","has-post-thumbnail","hentry"],"acf":[],"aioseo_notices":[],"_links":{"self":[{"href":"https:\/\/www.ivo.es\/val\/wp-json\/wp\/v2\/pages\/32326","targetHints":{"allow":["GET"]}}],"collection":[{"href":"https:\/\/www.ivo.es\/val\/wp-json\/wp\/v2\/pages"}],"about":[{"href":"https:\/\/www.ivo.es\/val\/wp-json\/wp\/v2\/types\/page"}],"author":[{"embeddable":true,"href":"https:\/\/www.ivo.es\/val\/wp-json\/wp\/v2\/users\/3"}],"replies":[{"embeddable":true,"href":"https:\/\/www.ivo.es\/val\/wp-json\/wp\/v2\/comments?post=32326"}],"version-history":[{"count":13,"href":"https:\/\/www.ivo.es\/val\/wp-json\/wp\/v2\/pages\/32326\/revisions"}],"predecessor-version":[{"id":38462,"href":"https:\/\/www.ivo.es\/val\/wp-json\/wp\/v2\/pages\/32326\/revisions\/38462"}],"up":[{"embeddable":true,"href":"https:\/\/www.ivo.es\/val\/wp-json\/wp\/v2\/pages\/31878"}],"wp:featuredmedia":[{"embeddable":true,"href":"https:\/\/www.ivo.es\/val\/wp-json\/wp\/v2\/media\/31338"}],"wp:attachment":[{"href":"https:\/\/www.ivo.es\/val\/wp-json\/wp\/v2\/media?parent=32326"}],"curies":[{"name":"wp","href":"https:\/\/api.w.org\/{rel}","templated":true}]}}