{"id":31513,"date":"2022-05-16T14:50:41","date_gmt":"2022-05-16T14:50:41","guid":{"rendered":"https:\/\/www.ivo.es\/cures-pal%c2%b7liatives\/"},"modified":"2022-06-09T12:07:51","modified_gmt":"2022-06-09T12:07:51","slug":"cures-pal%c2%b7liatives","status":"publish","type":"page","link":"https:\/\/www.ivo.es\/val\/el-cancer\/tractament\/cures-palliatives\/","title":{"rendered":"Cures pal\u00b7liatives"},"content":{"rendered":"\t\t<div data-elementor-type=\"wp-page\" data-elementor-id=\"31513\" class=\"elementor elementor-31513 elementor-27276\" data-elementor-post-type=\"page\">\n\t\t\t\t\t\t<section data-particle_enable=\"false\" data-particle-mobile-disabled=\"false\" class=\"elementor-section elementor-top-section elementor-element elementor-element-c4bbb3a elementor-section-height-min-height elementor-section-boxed elementor-section-height-default elementor-section-items-middle\" data-id=\"c4bbb3a\" data-element_type=\"section\" data-e-type=\"section\">\n\t\t\t\t\t\t<div class=\"elementor-container elementor-column-gap-default\">\n\t\t\t\t\t<div class=\"elementor-column elementor-col-50 elementor-top-column elementor-element elementor-element-b502380\" data-id=\"b502380\" data-element_type=\"column\" data-e-type=\"column\">\n\t\t\t<div class=\"elementor-widget-wrap elementor-element-populated\">\n\t\t\t\t\t\t<div class=\"elementor-element elementor-element-351a7c8 elementor-widget elementor-widget-text-editor\" data-id=\"351a7c8\" data-element_type=\"widget\" data-e-type=\"widget\" data-widget_type=\"text-editor.default\">\n\t\t\t\t<div class=\"elementor-widget-container\">\n\t\t\t\t\t\t\t\t\t<p>Segons l&#8217;Organitzaci\u00f3 Mundial de la Salut (OMS), les cures pal\u00b7liatives constitueixen un plantejament que <strong>millora la qualitat de vida dels pacients i dels qui l\u2019envolten<\/strong> quan afronten problemes associats a una malaltia cr\u00f2nica i potencialment progressiva. <strong>Prevenen i alleugen el sofriment<\/strong> a trav\u00e9s de la identificaci\u00f3 primerenca, l&#8217;avaluaci\u00f3 i el tractament correctes del dolor i altres problemes, siguen aquests <strong>d&#8217;ordre f\u00edsic, psicosocial o espiritual. <\/strong>L&#8217;enfocament actual de l&#8217;atenci\u00f3 a pacients cr\u00f2nics amb malaltia avan\u00e7ada tracta d&#8217;identificar de manera primerenca a persones que requereixen cures pal\u00b7liatives.<\/p><p>Les cures pal\u00b7liatives es basen en el <strong>treball en equip coordinat en diferents nivells assistencials<\/strong> per tal d&#8217;identificar i proporcionar assist\u00e8ncia a aquells pacients en condicions d&#8217;especial fragilitat i als qui els proporcionen cures en el seu entorn familiar i afectiu.<\/p>\t\t\t\t\t\t\t\t<\/div>\n\t\t\t\t<\/div>\n\t\t\t\t\t<\/div>\n\t\t<\/div>\n\t\t\t\t<div class=\"elementor-column elementor-col-50 elementor-top-column elementor-element elementor-element-41b2d18\" data-id=\"41b2d18\" data-element_type=\"column\" data-e-type=\"column\">\n\t\t\t<div class=\"elementor-widget-wrap elementor-element-populated\">\n\t\t\t\t\t\t<div class=\"elementor-element elementor-element-62bb47a elementor-widget elementor-widget-video\" data-id=\"62bb47a\" data-element_type=\"widget\" data-e-type=\"widget\" data-settings=\"{&quot;youtube_url&quot;:&quot;https:\\\/\\\/www.youtube.com\\\/watch?v=qjyMgpJ4ebM&quot;,&quot;video_type&quot;:&quot;youtube&quot;}\" data-widget_type=\"video.default\">\n\t\t\t\t<div class=\"elementor-widget-container\">\n\t\t\t\t\t\t\t<div class=\"elementor-wrapper elementor-open-inline\">\n\t\t\t<div class=\"elementor-video\"><\/div>\t\t<\/div>\n\t\t\t\t\t\t<\/div>\n\t\t\t\t<\/div>\n\t\t\t\t\t<\/div>\n\t\t<\/div>\n\t\t\t\t\t<\/div>\n\t\t<\/section>\n\t\t\t\t<section data-particle_enable=\"false\" data-particle-mobile-disabled=\"false\" class=\"elementor-section elementor-top-section elementor-element elementor-element-660434c elementor-section-boxed elementor-section-height-default elementor-section-height-default\" data-id=\"660434c\" data-element_type=\"section\" data-e-type=\"section\">\n\t\t\t\t\t\t<div class=\"elementor-container elementor-column-gap-default\">\n\t\t\t\t\t<div class=\"elementor-column elementor-col-100 elementor-top-column elementor-element elementor-element-140efdd\" data-id=\"140efdd\" data-element_type=\"column\" data-e-type=\"column\">\n\t\t\t<div class=\"elementor-widget-wrap elementor-element-populated\">\n\t\t\t\t\t\t<div class=\"elementor-element elementor-element-25d97ea elementor-widget elementor-widget-heading\" data-id=\"25d97ea\" data-element_type=\"widget\" data-e-type=\"widget\" data-widget_type=\"heading.default\">\n\t\t\t\t<div class=\"elementor-widget-container\">\n\t\t\t\t\t<h2 class=\"elementor-heading-title elementor-size-default\">Les cures pal\u00b7liatives i el c\u00e0ncer<\/h2>\t\t\t\t<\/div>\n\t\t\t\t<\/div>\n\t\t\t\t<section data-particle_enable=\"false\" data-particle-mobile-disabled=\"false\" class=\"elementor-section elementor-inner-section elementor-element elementor-element-2bb6903 elementor-section-boxed elementor-section-height-default elementor-section-height-default\" data-id=\"2bb6903\" data-element_type=\"section\" data-e-type=\"section\">\n\t\t\t\t\t\t<div class=\"elementor-container elementor-column-gap-default\">\n\t\t\t\t\t<div class=\"elementor-column elementor-col-50 elementor-inner-column elementor-element elementor-element-9918572\" data-id=\"9918572\" data-element_type=\"column\" data-e-type=\"column\">\n\t\t\t<div class=\"elementor-widget-wrap elementor-element-populated\">\n\t\t\t\t\t\t<div class=\"elementor-element elementor-element-8fc834f elementor-widget elementor-widget-text-editor\" data-id=\"8fc834f\" data-element_type=\"widget\" data-e-type=\"widget\" data-widget_type=\"text-editor.default\">\n\t\t\t\t<div class=\"elementor-widget-container\">\n\t\t\t\t\t\t\t\t\t<p>Actualment, el model d&#8217;atenci\u00f3 de cures pal\u00b7liatives \u00e9s un <strong>model integrat d&#8217;atenci\u00f3<\/strong> que s&#8217;integra de manera <strong>coordinada amb la resta de tractaments contra el c\u00e0ncer<\/strong> amb l&#8217;objectiu de <strong>controlar la malaltia i els s\u00edmptomes associats a ella<\/strong>, tractant de buscar<strong> la millora de la qualitat de vida<\/strong> de les persones en totes les etapes de la malaltia.<\/p><p>Les cures pal\u00b7liatives poden complementar o enriquir les ter\u00e0pies espec\u00edfiques per al c\u00e0ncer o poden convertir-se en l&#8217;enfocament \u00fanic de l&#8217;atenci\u00f3. Es tracta d&#8217;<strong>identificar als pacients diana independentment del moment de la seua malaltia<\/strong>.<\/p><p>Constitueixen una <strong>atenci\u00f3 individualitzada i adaptada a les caracter\u00edstiques de cada pacient<\/strong> que valora els seus aspectes <strong>f\u00edsics, emocionals, sociofamiliars i espirituals,<\/strong> basada en un model d&#8217;atenci\u00f3 multidimensional.<\/p>\t\t\t\t\t\t\t\t<\/div>\n\t\t\t\t<\/div>\n\t\t\t\t\t<\/div>\n\t\t<\/div>\n\t\t\t\t<div class=\"elementor-column elementor-col-50 elementor-inner-column elementor-element elementor-element-07623b6\" data-id=\"07623b6\" data-element_type=\"column\" data-e-type=\"column\">\n\t\t\t<div class=\"elementor-widget-wrap elementor-element-populated\">\n\t\t\t\t\t\t<div class=\"elementor-element elementor-element-a787091 elementor-widget elementor-widget-heading\" data-id=\"a787091\" data-element_type=\"widget\" data-e-type=\"widget\" data-widget_type=\"heading.default\">\n\t\t\t\t<div class=\"elementor-widget-container\">\n\t\t\t\t\t<h3 class=\"elementor-heading-title elementor-size-default\">Caracter\u00edstiques de les cures pal\u00b7liatives<\/h3>\t\t\t\t<\/div>\n\t\t\t\t<\/div>\n\t\t\t\t<div class=\"elementor-element elementor-element-75a691f elementor-align-start elementor-icon-list--layout-traditional elementor-list-item-link-full_width elementor-widget elementor-widget-icon-list\" data-id=\"75a691f\" data-element_type=\"widget\" data-e-type=\"widget\" data-widget_type=\"icon-list.default\">\n\t\t\t\t<div class=\"elementor-widget-container\">\n\t\t\t\t\t\t\t<ul class=\"elementor-icon-list-items\">\n\t\t\t\t\t\t\t<li class=\"elementor-icon-list-item\">\n\t\t\t\t\t\t\t\t\t\t\t<span class=\"elementor-icon-list-icon\">\n\t\t\t\t\t\t\t<i aria-hidden=\"true\" class=\"fas fa-check\"><\/i>\t\t\t\t\t\t<\/span>\n\t\t\t\t\t\t\t\t\t\t<span class=\"elementor-icon-list-text\">Proporcionar l'alleujament del dolor i altres s\u00edmptomes que produeixen sofriment en qualsevol etapa de la malaltia.<\/span>\n\t\t\t\t\t\t\t\t\t<\/li>\n\t\t\t\t\t\t\t\t<li class=\"elementor-icon-list-item\">\n\t\t\t\t\t\t\t\t\t\t\t<span class=\"elementor-icon-list-icon\">\n\t\t\t\t\t\t\t<i aria-hidden=\"true\" class=\"fas fa-check\"><\/i>\t\t\t\t\t\t<\/span>\n\t\t\t\t\t\t\t\t\t\t<span class=\"elementor-icon-list-text\">Millorar la qualitat de vida del pacient i el seu entorn<\/span>\n\t\t\t\t\t\t\t\t\t<\/li>\n\t\t\t\t\t\t\t\t<li class=\"elementor-icon-list-item\">\n\t\t\t\t\t\t\t\t\t\t\t<span class=\"elementor-icon-list-icon\">\n\t\t\t\t\t\t\t<i aria-hidden=\"true\" class=\"fas fa-check\"><\/i>\t\t\t\t\t\t<\/span>\n\t\t\t\t\t\t\t\t\t\t<span class=\"elementor-icon-list-text\">Oferir suport als familiars i als sers estimats durant la malaltia i el duel: cuidar, acompanyar i sostindre.<\/span>\n\t\t\t\t\t\t\t\t\t<\/li>\n\t\t\t\t\t\t\t\t<li class=\"elementor-icon-list-item\">\n\t\t\t\t\t\t\t\t\t\t\t<span class=\"elementor-icon-list-icon\">\n\t\t\t\t\t\t\t<i aria-hidden=\"true\" class=\"fas fa-check\"><\/i>\t\t\t\t\t\t<\/span>\n\t\t\t\t\t\t\t\t\t\t<span class=\"elementor-icon-list-text\">Explorar els desitjos del pacient i familiars en relaci\u00f3 amb els possibles tractaments i cures.<\/span>\n\t\t\t\t\t\t\t\t\t<\/li>\n\t\t\t\t\t\t\t\t<li class=\"elementor-icon-list-item\">\n\t\t\t\t\t\t\t\t\t\t\t<span class=\"elementor-icon-list-icon\">\n\t\t\t\t\t\t\t<i aria-hidden=\"true\" class=\"fas fa-check\"><\/i>\t\t\t\t\t\t<\/span>\n\t\t\t\t\t\t\t\t\t\t<span class=\"elementor-icon-list-text\">No es proposen accelerar el proc\u00e9s de morir ni tampoc retardar-lo.<\/span>\n\t\t\t\t\t\t\t\t\t<\/li>\n\t\t\t\t\t\t<\/ul>\n\t\t\t\t\t\t<\/div>\n\t\t\t\t<\/div>\n\t\t\t\t\t<\/div>\n\t\t<\/div>\n\t\t\t\t\t<\/div>\n\t\t<\/section>\n\t\t\t\t\t<\/div>\n\t\t<\/div>\n\t\t\t\t\t<\/div>\n\t\t<\/section>\n\t\t\t\t<section data-particle_enable=\"false\" data-particle-mobile-disabled=\"false\" class=\"elementor-section elementor-top-section elementor-element elementor-element-f057895 elementor-section-boxed elementor-section-height-default elementor-section-height-default\" data-id=\"f057895\" data-element_type=\"section\" data-e-type=\"section\">\n\t\t\t\t\t\t<div class=\"elementor-container elementor-column-gap-default\">\n\t\t\t\t\t<div class=\"elementor-column elementor-col-100 elementor-top-column elementor-element elementor-element-f7d3ac9\" data-id=\"f7d3ac9\" data-element_type=\"column\" data-e-type=\"column\">\n\t\t\t<div class=\"elementor-widget-wrap elementor-element-populated\">\n\t\t\t\t\t\t<div class=\"elementor-element elementor-element-243fb65 elementor-widget elementor-widget-heading\" data-id=\"243fb65\" data-element_type=\"widget\" data-e-type=\"widget\" data-widget_type=\"heading.default\">\n\t\t\t\t<div class=\"elementor-widget-container\">\n\t\t\t\t\t<h2 class=\"elementor-heading-title elementor-size-default\">Quan s\u00f3n necess\u00e0ries les cures pal\u00b7liatives?<\/h2>\t\t\t\t<\/div>\n\t\t\t\t<\/div>\n\t\t\t\t<div class=\"elementor-element elementor-element-2b389ac elementor-widget elementor-widget-text-editor\" data-id=\"2b389ac\" data-element_type=\"widget\" data-e-type=\"widget\" data-widget_type=\"text-editor.default\">\n\t\t\t\t<div class=\"elementor-widget-container\">\n\t\t\t\t\t\t\t\t\t<p>Les cures pal\u00b7liatives poden<strong> proveir-se al llarg del tractament contra el c\u00e0ncer<\/strong>, des del diagn\u00f2stic fins al final de la vida. La integraci\u00f3 i coordinaci\u00f3 de l&#8217;atenci\u00f3 que rep el pacient \u00e9s el punt clau per a controlar amb \u00e8xit el proc\u00e9s durant la malaltia, incloent-hi l&#8217;etapa de la malaltia avan\u00e7ada. Per aix\u00f2, aquesta atenci\u00f3 ha d&#8217;incloure a tots els especialistes que atenen el pacient en qualsevol moment de la seua malaltia.<\/p>\t\t\t\t\t\t\t\t<\/div>\n\t\t\t\t<\/div>\n\t\t\t\t<section data-particle_enable=\"false\" data-particle-mobile-disabled=\"false\" class=\"elementor-section elementor-inner-section elementor-element elementor-element-1545d72 elementor-section-boxed elementor-section-height-default elementor-section-height-default\" data-id=\"1545d72\" data-element_type=\"section\" data-e-type=\"section\">\n\t\t\t\t\t\t<div class=\"elementor-container elementor-column-gap-default\">\n\t\t\t\t\t<div class=\"elementor-column elementor-col-50 elementor-inner-column elementor-element elementor-element-b053050\" data-id=\"b053050\" data-element_type=\"column\" data-e-type=\"column\" data-settings=\"{&quot;background_background&quot;:&quot;classic&quot;}\">\n\t\t\t<div class=\"elementor-widget-wrap elementor-element-populated\">\n\t\t\t\t\t\t<div class=\"elementor-element elementor-element-614b879 elementor-position-top elementor-widget elementor-widget-image-box\" data-id=\"614b879\" data-element_type=\"widget\" data-e-type=\"widget\" data-widget_type=\"image-box.default\">\n\t\t\t\t<div class=\"elementor-widget-container\">\n\t\t\t\t\t<div class=\"elementor-image-box-wrapper\"><figure class=\"elementor-image-box-img\"><img fetchpriority=\"high\" decoding=\"async\" width=\"522\" height=\"278\" src=\"https:\/\/www.ivo.es\/wp-content\/uploads\/2022\/05\/doctor-g1f2f25142_640-e1652773106795.jpg\" class=\"attachment-full size-full wp-image-23619\" alt=\"\" srcset=\"https:\/\/www.ivo.es\/wp-content\/uploads\/2022\/05\/doctor-g1f2f25142_640-e1652773106795.jpg 522w, https:\/\/www.ivo.es\/wp-content\/uploads\/2022\/05\/doctor-g1f2f25142_640-e1652773106795-300x160.jpg 300w\" sizes=\"(max-width: 522px) 100vw, 522px\" \/><\/figure><div class=\"elementor-image-box-content\"><h3 class=\"elementor-image-box-title\">A l'hospital<\/h3><p class=\"elementor-image-box-description\">El pacient, en algun moment de la seua evoluci\u00f3, pot necessitar una atenci\u00f3 m\u00e9s continuada en la <strong>planta d'hospitalitzaci\u00f3<\/strong>, perqu\u00e8 les seues necessitats aix\u00ed ho requereixen (reaguditzaci\u00f3 d'algun proc\u00e9s, aparici\u00f3 de nous problemes cl\u00ednics, desig expr\u00e9s del pacient, etc.).\n<br><br>\nDurant la seua estada hospital\u00e0ria, el pacient rebr\u00e0 unes <strong>cures especialitzades<\/strong> per tal de donar cobertura a aquests canvis, <strong>controlar s\u00edmptomes dif\u00edcils i atendre necessitats complexes.<\/strong>\n<br><br>\nL'assist\u00e8ncia en planta es coordina amb l'assist\u00e8ncia al domicili. <strong>El pacient se sent at\u00e9s<\/strong> per un equip coordinat amb capacitat de comunicaci\u00f3 que li proporciona una atenci\u00f3 integral en els diferents moments de la seua malaltia. \n\n<\/p><\/div><\/div>\t\t\t\t<\/div>\n\t\t\t\t<\/div>\n\t\t\t\t\t<\/div>\n\t\t<\/div>\n\t\t\t\t<div class=\"elementor-column elementor-col-50 elementor-inner-column elementor-element elementor-element-1c64b39\" data-id=\"1c64b39\" data-element_type=\"column\" data-e-type=\"column\" data-settings=\"{&quot;background_background&quot;:&quot;classic&quot;}\">\n\t\t\t<div class=\"elementor-widget-wrap elementor-element-populated\">\n\t\t\t\t\t\t<div class=\"elementor-element elementor-element-953251a elementor-position-top elementor-widget elementor-widget-image-box\" data-id=\"953251a\" data-element_type=\"widget\" data-e-type=\"widget\" data-widget_type=\"image-box.default\">\n\t\t\t\t<div class=\"elementor-widget-container\">\n\t\t\t\t\t<div class=\"elementor-image-box-wrapper\"><figure class=\"elementor-image-box-img\"><img decoding=\"async\" width=\"681\" height=\"368\" src=\"https:\/\/www.ivo.es\/wp-content\/uploads\/2022\/05\/cuidados-paliativos-casa.jpg\" class=\"attachment-full size-full wp-image-27301\" alt=\"\" srcset=\"https:\/\/www.ivo.es\/wp-content\/uploads\/2022\/05\/cuidados-paliativos-casa.jpg 681w, https:\/\/www.ivo.es\/wp-content\/uploads\/2022\/05\/cuidados-paliativos-casa-300x162.jpg 300w\" sizes=\"(max-width: 681px) 100vw, 681px\" \/><\/figure><div class=\"elementor-image-box-content\"><h3 class=\"elementor-image-box-title\">Al domicili<\/h3><p class=\"elementor-image-box-description\">Personal <strong>metge i infermer amb experi\u00e8ncia en cures pal\u00b7liatives<\/strong> atendran el pacient en el seu domicili, de manera coordinada amb tots els recursos de l'hospital i amb l'estret suport de l'<strong>equip del Servei de Psicologia de l'IVO<\/strong>.\n<br><br>\nL'equip realitza una valoraci\u00f3 integral at\u00e9s el model multidimensional de necessitats de pacient i cuidador, i proporciona una <strong>atenci\u00f3 adaptada a cada situaci\u00f3<\/strong>, que tracta de donar resposta a les necessitats existents en cada entorn.\n<br><br>\nEs tra\u00e7a un <strong>pla d'atenci\u00f3 individualitzat<\/strong>, segons aquestes necessitats, centrat sempre en el pacient. Aquest pla individualitzat d'atenci\u00f3 marcar\u00e0 el ritme de l'atenci\u00f3 i s'adaptar\u00e0 als canvis en la situaci\u00f3 cl\u00ednica del pacient.\n\n<\/p><\/div><\/div>\t\t\t\t<\/div>\n\t\t\t\t<\/div>\n\t\t\t\t\t<\/div>\n\t\t<\/div>\n\t\t\t\t\t<\/div>\n\t\t<\/section>\n\t\t\t\t\t<\/div>\n\t\t<\/div>\n\t\t\t\t\t<\/div>\n\t\t<\/section>\n\t\t\t\t<section data-particle_enable=\"false\" data-particle-mobile-disabled=\"false\" class=\"elementor-section elementor-top-section elementor-element elementor-element-3db99d1 elementor-section-boxed elementor-section-height-default elementor-section-height-default\" data-id=\"3db99d1\" data-element_type=\"section\" data-e-type=\"section\">\n\t\t\t\t\t\t<div class=\"elementor-container elementor-column-gap-default\">\n\t\t\t\t\t<div class=\"elementor-column elementor-col-100 elementor-top-column elementor-element elementor-element-2b7c380\" data-id=\"2b7c380\" data-element_type=\"column\" data-e-type=\"column\">\n\t\t\t<div class=\"elementor-widget-wrap elementor-element-populated\">\n\t\t\t\t\t\t<div class=\"elementor-element elementor-element-affec97 elementor-widget elementor-widget-heading\" data-id=\"affec97\" data-element_type=\"widget\" data-e-type=\"widget\" data-widget_type=\"heading.default\">\n\t\t\t\t<div class=\"elementor-widget-container\">\n\t\t\t\t\t<h2 class=\"elementor-heading-title elementor-size-default\">M\u00e9s informaci\u00f3<\/h2>\t\t\t\t<\/div>\n\t\t\t\t<\/div>\n\t\t\t\t<section data-particle_enable=\"false\" data-particle-mobile-disabled=\"false\" class=\"elementor-section elementor-inner-section elementor-element elementor-element-c0c7ba8 elementor-section-boxed elementor-section-height-default elementor-section-height-default\" data-id=\"c0c7ba8\" data-element_type=\"section\" data-e-type=\"section\">\n\t\t\t\t\t\t<div class=\"elementor-container elementor-column-gap-default\">\n\t\t\t\t\t<div class=\"elementor-column elementor-col-100 elementor-inner-column elementor-element elementor-element-0f1c08f\" data-id=\"0f1c08f\" data-element_type=\"column\" data-e-type=\"column\">\n\t\t\t<div class=\"elementor-widget-wrap elementor-element-populated\">\n\t\t\t\t\t\t<div class=\"elementor-element elementor-element-94e17d0 elementor-align-start elementor-icon-list--layout-traditional elementor-list-item-link-full_width elementor-widget elementor-widget-icon-list\" data-id=\"94e17d0\" data-element_type=\"widget\" data-e-type=\"widget\" data-widget_type=\"icon-list.default\">\n\t\t\t\t<div class=\"elementor-widget-container\">\n\t\t\t\t\t\t\t<ul class=\"elementor-icon-list-items\">\n\t\t\t\t\t\t\t<li class=\"elementor-icon-list-item\">\n\t\t\t\t\t\t\t\t\t\t\t<a href=\"https:\/\/www.sanidad.gob.es\/organizacion\/sns\/planCalidadSNS\/docs\/paliativos\/cuidadospaliativos.pdf\" target=\"_blank\">\n\n\t\t\t\t\t\t\t\t\t\t\t\t<span class=\"elementor-icon-list-icon\">\n\t\t\t\t\t\t\t<i aria-hidden=\"true\" class=\"fas fa-external-link-alt\"><\/i>\t\t\t\t\t\t<\/span>\n\t\t\t\t\t\t\t\t\t\t<span class=\"elementor-icon-list-text\">Estrat\u00e8gia en Cures Pal\u00b7liatives del Sistema Nacional de Salut (en castell\u00e0)<\/span>\n\t\t\t\t\t\t\t\t\t\t\t<\/a>\n\t\t\t\t\t\t\t\t\t<\/li>\n\t\t\t\t\t\t\t\t<li class=\"elementor-icon-list-item\">\n\t\t\t\t\t\t\t\t\t\t\t<a href=\"https:\/\/www.secpal.com\/guia-cuidados-paliativos-1\" target=\"_blank\">\n\n\t\t\t\t\t\t\t\t\t\t\t\t<span class=\"elementor-icon-list-icon\">\n\t\t\t\t\t\t\t<i aria-hidden=\"true\" class=\"fas fa-external-link-alt\"><\/i>\t\t\t\t\t\t<\/span>\n\t\t\t\t\t\t\t\t\t\t<span class=\"elementor-icon-list-text\">Guia de Cures Pal\u00b7liatives. Sociedad Espa\u00f1ola de Cuidados Paliativos (en castell\u00e0)<\/span>\n\t\t\t\t\t\t\t\t\t\t\t<\/a>\n\t\t\t\t\t\t\t\t\t<\/li>\n\t\t\t\t\t\t\t\t<li class=\"elementor-icon-list-item\">\n\t\t\t\t\t\t\t\t\t\t\t<a href=\"https:\/\/www.who.int\/es\/news-room\/fact-sheets\/detail\/palliative-care\" target=\"_blank\">\n\n\t\t\t\t\t\t\t\t\t\t\t\t<span class=\"elementor-icon-list-icon\">\n\t\t\t\t\t\t\t<i aria-hidden=\"true\" class=\"fas fa-external-link-alt\"><\/i>\t\t\t\t\t\t<\/span>\n\t\t\t\t\t\t\t\t\t\t<span class=\"elementor-icon-list-text\">Organitzaci\u00f3 Mundial de la Salut. Cures Pal\u00b7liatives<\/span>\n\t\t\t\t\t\t\t\t\t\t\t<\/a>\n\t\t\t\t\t\t\t\t\t<\/li>\n\t\t\t\t\t\t<\/ul>\n\t\t\t\t\t\t<\/div>\n\t\t\t\t<\/div>\n\t\t\t\t\t<\/div>\n\t\t<\/div>\n\t\t\t\t\t<\/div>\n\t\t<\/section>\n\t\t\t\t\t<\/div>\n\t\t<\/div>\n\t\t\t\t\t<\/div>\n\t\t<\/section>\n\t\t\t\t<\/div>\n\t\t","protected":false},"excerpt":{"rendered":"<p>Segons l&#8217;Organitzaci\u00f3 Mundial de la Salut (OMS), les cures pal\u00b7liatives constitueixen un plantejament que millora la qualitat de vida dels pacients i dels qui l\u2019envolten quan afronten problemes associats a una malaltia cr\u00f2nica i potencialment progressiva. Prevenen i alleugen el sofriment a trav\u00e9s de la identificaci\u00f3 primerenca, l&#8217;avaluaci\u00f3 i el tractament correctes del dolor i [&hellip;]<\/p>\n","protected":false},"author":3,"featured_media":30013,"parent":32474,"menu_order":0,"comment_status":"closed","ping_status":"closed","template":"","meta":{"_acf_changed":false,"om_disable_all_campaigns":false,"footnotes":""},"class_list":["post-31513","page","type-page","status-publish","has-post-thumbnail","hentry"],"acf":[],"aioseo_notices":[],"_links":{"self":[{"href":"https:\/\/www.ivo.es\/val\/wp-json\/wp\/v2\/pages\/31513","targetHints":{"allow":["GET"]}}],"collection":[{"href":"https:\/\/www.ivo.es\/val\/wp-json\/wp\/v2\/pages"}],"about":[{"href":"https:\/\/www.ivo.es\/val\/wp-json\/wp\/v2\/types\/page"}],"author":[{"embeddable":true,"href":"https:\/\/www.ivo.es\/val\/wp-json\/wp\/v2\/users\/3"}],"replies":[{"embeddable":true,"href":"https:\/\/www.ivo.es\/val\/wp-json\/wp\/v2\/comments?post=31513"}],"version-history":[{"count":1,"href":"https:\/\/www.ivo.es\/val\/wp-json\/wp\/v2\/pages\/31513\/revisions"}],"predecessor-version":[{"id":31514,"href":"https:\/\/www.ivo.es\/val\/wp-json\/wp\/v2\/pages\/31513\/revisions\/31514"}],"up":[{"embeddable":true,"href":"https:\/\/www.ivo.es\/val\/wp-json\/wp\/v2\/pages\/32474"}],"wp:featuredmedia":[{"embeddable":true,"href":"https:\/\/www.ivo.es\/val\/wp-json\/wp\/v2\/media\/30013"}],"wp:attachment":[{"href":"https:\/\/www.ivo.es\/val\/wp-json\/wp\/v2\/media?parent=31513"}],"curies":[{"name":"wp","href":"https:\/\/api.w.org\/{rel}","templated":true}]}}