{"id":31372,"date":"2022-04-22T08:03:10","date_gmt":"2022-04-22T06:03:10","guid":{"rendered":"https:\/\/www.ivo.es\/quadre-medic\/"},"modified":"2026-03-20T09:26:02","modified_gmt":"2026-03-20T08:26:02","slug":"quadre-medic","status":"publish","type":"page","link":"https:\/\/www.ivo.es\/val\/quadre-medic\/","title":{"rendered":"Quadre m\u00e8dic"},"content":{"rendered":"\t\t<div data-elementor-type=\"wp-page\" data-elementor-id=\"31372\" class=\"elementor elementor-31372 elementor-963\" data-elementor-post-type=\"page\">\n\t\t\t\t\t\t<section data-particle_enable=\"false\" data-particle-mobile-disabled=\"false\" class=\"elementor-section elementor-top-section elementor-element elementor-element-a60d6f1 elementor-section-boxed elementor-section-height-default elementor-section-height-default\" data-id=\"a60d6f1\" data-element_type=\"section\" data-e-type=\"section\">\n\t\t\t\t\t\t<div class=\"elementor-container elementor-column-gap-default\">\n\t\t\t\t\t<div class=\"elementor-column elementor-col-100 elementor-top-column elementor-element elementor-element-12b6c92\" data-id=\"12b6c92\" data-element_type=\"column\" data-e-type=\"column\">\n\t\t\t<div class=\"elementor-widget-wrap elementor-element-populated\">\n\t\t\t\t\t\t<section data-particle_enable=\"false\" data-particle-mobile-disabled=\"false\" class=\"elementor-section elementor-inner-section elementor-element elementor-element-e5d9c24 elementor-section-boxed elementor-section-height-default elementor-section-height-default\" data-id=\"e5d9c24\" data-element_type=\"section\" data-e-type=\"section\">\n\t\t\t\t\t\t<div class=\"elementor-container elementor-column-gap-default\">\n\t\t\t\t\t<div class=\"elementor-column elementor-col-50 elementor-inner-column elementor-element elementor-element-15fbcaa\" data-id=\"15fbcaa\" data-element_type=\"column\" data-e-type=\"column\">\n\t\t\t<div class=\"elementor-widget-wrap elementor-element-populated\">\n\t\t\t\t\t\t<div class=\"elementor-element elementor-element-62303cc elementor-widget elementor-widget-heading\" data-id=\"62303cc\" data-element_type=\"widget\" data-e-type=\"widget\" data-widget_type=\"heading.default\">\n\t\t\t\t<div class=\"elementor-widget-container\">\n\t\t\t\t\t<h2 class=\"elementor-heading-title elementor-size-default\">Un equip multidisciplinari<\/h2>\t\t\t\t<\/div>\n\t\t\t\t<\/div>\n\t\t\t\t<div class=\"elementor-element elementor-element-293ffd8 elementor-widget elementor-widget-text-editor\" data-id=\"293ffd8\" data-element_type=\"widget\" data-e-type=\"widget\" data-widget_type=\"text-editor.default\">\n\t\t\t\t<div class=\"elementor-widget-container\">\n\t\t\t\t\t\t\t\t\t<p>El proc\u00e9s oncol\u00f2gic \u00e9s molt complex i com que la resposta no \u00e9s \u00fanica, la soluci\u00f3 tampoc pot ser \u00fanica. En l&#8217;IVO treballem amb la premissa que les estad\u00edstiques estan formades per <strong>persones que requereixen respostes i estrat\u00e8gies terap\u00e8utiques individuals<\/strong>, persones que juntament amb les seues fam\u00edlies sofreixen una enorme c\u00e0rrega psicol\u00f2gica.<\/p><p>La coordinaci\u00f3 d&#8217;un equip compost per\u00a0<strong>750 professionals<\/strong>, entre personal facultatiu, infermeria, auxiliars, t\u00e8cnics i resta de personal, aconsegueix precisament eixa atenci\u00f3 completa del pacient oncol\u00f2gic les 24 hores del dia en tots els aspectes f\u00edsics i an\u00edmics afectats per la patologia. Aquesta <strong>concepci\u00f3 integral<\/strong> del proc\u00e9s garanteix no sols un<strong> tracte molt m\u00e9s humanitzat, sin\u00f3 tamb\u00e9 un<\/strong><strong>\u00a0\u00edndex d&#8217;efic\u00e0cia major<\/strong> al llarg del proc\u00e9s de cada pacient.<\/p>\t\t\t\t\t\t\t\t<\/div>\n\t\t\t\t<\/div>\n\t\t\t\t\t<\/div>\n\t\t<\/div>\n\t\t\t\t<div class=\"elementor-column elementor-col-50 elementor-inner-column elementor-element elementor-element-73d1528\" data-id=\"73d1528\" data-element_type=\"column\" data-e-type=\"column\">\n\t\t\t<div class=\"elementor-widget-wrap elementor-element-populated\">\n\t\t\t\t\t\t<div class=\"elementor-element elementor-element-16e4142 elementor-widget elementor-widget-image\" data-id=\"16e4142\" data-element_type=\"widget\" data-e-type=\"widget\" data-widget_type=\"image.default\">\n\t\t\t\t<div class=\"elementor-widget-container\">\n\t\t\t\t\t\t\t\t\t\t\t\t\t\t\t<img fetchpriority=\"high\" decoding=\"async\" width=\"640\" height=\"469\" src=\"https:\/\/www.ivo.es\/wp-content\/uploads\/2022\/04\/PHOTO-2020-04-08-15-34-39.jpg\" class=\"attachment-large size-large wp-image-38\" alt=\"\" srcset=\"https:\/\/www.ivo.es\/wp-content\/uploads\/2022\/04\/PHOTO-2020-04-08-15-34-39.jpg 1024w, https:\/\/www.ivo.es\/wp-content\/uploads\/2022\/04\/PHOTO-2020-04-08-15-34-39-300x220.jpg 300w, https:\/\/www.ivo.es\/wp-content\/uploads\/2022\/04\/PHOTO-2020-04-08-15-34-39-768x563.jpg 768w\" sizes=\"(max-width: 640px) 100vw, 640px\" \/>\t\t\t\t\t\t\t\t\t\t\t\t\t\t\t<\/div>\n\t\t\t\t<\/div>\n\t\t\t\t\t<\/div>\n\t\t<\/div>\n\t\t\t\t\t<\/div>\n\t\t<\/section>\n\t\t\t\t<section data-particle_enable=\"false\" data-particle-mobile-disabled=\"false\" class=\"elementor-section elementor-inner-section elementor-element elementor-element-5fa9daa elementor-section-boxed elementor-section-height-default elementor-section-height-default\" data-id=\"5fa9daa\" data-element_type=\"section\" data-e-type=\"section\">\n\t\t\t\t\t\t<div class=\"elementor-container elementor-column-gap-default\">\n\t\t\t\t\t<div class=\"elementor-column elementor-col-100 elementor-inner-column elementor-element elementor-element-06eecb5\" data-id=\"06eecb5\" data-element_type=\"column\" data-e-type=\"column\">\n\t\t\t<div class=\"elementor-widget-wrap elementor-element-populated\">\n\t\t\t\t\t\t<div class=\"elementor-element elementor-element-6151daa elementor-widget elementor-widget-heading\" data-id=\"6151daa\" data-element_type=\"widget\" data-e-type=\"widget\" data-widget_type=\"heading.default\">\n\t\t\t\t<div class=\"elementor-widget-container\">\n\t\t\t\t\t<h2 class=\"elementor-heading-title elementor-size-default\">Una concepci\u00f3 integral del proc\u00e9s oncol\u00f2gic<\/h2>\t\t\t\t<\/div>\n\t\t\t\t<\/div>\n\t\t\t\t<div class=\"elementor-element elementor-element-049f361 elementor-widget elementor-widget-text-editor\" data-id=\"049f361\" data-element_type=\"widget\" data-e-type=\"widget\" data-widget_type=\"text-editor.default\">\n\t\t\t\t<div class=\"elementor-widget-container\">\n\t\t\t\t\t\t\t\t\t<p>L&#8217;intercanvi d&#8217;informaci\u00f3 entre els especialistes de l&#8217;IVO en relaci\u00f3 a un mateix pacient, els <strong>equips multidisciplinaris<\/strong> d&#8217;experts en cada especialitat, i la coordinaci\u00f3 entre les diferents unitats m\u00e8diques de l&#8217;hospital, optimitzen el seguiment del pacient durant totes les etapes de la seua malaltia.<\/p>\t\t\t\t\t\t\t\t<\/div>\n\t\t\t\t<\/div>\n\t\t\t\t\t<\/div>\n\t\t<\/div>\n\t\t\t\t\t<\/div>\n\t\t<\/section>\n\t\t\t\t<section data-particle_enable=\"false\" data-particle-mobile-disabled=\"false\" class=\"elementor-section elementor-inner-section elementor-element elementor-element-9e819df elementor-section-boxed elementor-section-height-default elementor-section-height-default\" data-id=\"9e819df\" data-element_type=\"section\" data-e-type=\"section\">\n\t\t\t\t\t\t<div class=\"elementor-container elementor-column-gap-wider\">\n\t\t\t\t\t<div class=\"elementor-column elementor-col-50 elementor-inner-column elementor-element elementor-element-8a90fbf\" data-id=\"8a90fbf\" data-element_type=\"column\" data-e-type=\"column\" data-settings=\"{&quot;background_background&quot;:&quot;classic&quot;}\">\n\t\t\t<div class=\"elementor-widget-wrap elementor-element-populated\">\n\t\t\t\t\t\t<div class=\"elementor-element elementor-element-c85b67b elementor-position-top elementor-widget elementor-widget-image-box\" data-id=\"c85b67b\" data-element_type=\"widget\" data-e-type=\"widget\" data-widget_type=\"image-box.default\">\n\t\t\t\t<div class=\"elementor-widget-container\">\n\t\t\t\t\t<div class=\"elementor-image-box-wrapper\"><figure class=\"elementor-image-box-img\"><img decoding=\"async\" width=\"640\" height=\"427\" src=\"https:\/\/www.ivo.es\/wp-content\/uploads\/2022\/05\/stethoscope-gf3c5ad9a6_640.jpg\" class=\"attachment-full size-full wp-image-23618\" alt=\"\" srcset=\"https:\/\/www.ivo.es\/wp-content\/uploads\/2022\/05\/stethoscope-gf3c5ad9a6_640.jpg 640w, https:\/\/www.ivo.es\/wp-content\/uploads\/2022\/05\/stethoscope-gf3c5ad9a6_640-300x200.jpg 300w\" sizes=\"(max-width: 640px) 100vw, 640px\" \/><\/figure><div class=\"elementor-image-box-content\"><h3 class=\"elementor-image-box-title\">Servicis m\u00e8dics<\/h3><p class=\"elementor-image-box-description\">L'especialitzaci\u00f3 en oncologia de l'IVO permet una estructura del servici organitzada per \u00e0rees assistencials segons el tipus de tumor.<\/p><\/div><\/div>\t\t\t\t<\/div>\n\t\t\t\t<\/div>\n\t\t\t\t<div class=\"elementor-element elementor-element-092d509 elementor-align-center animated-slow elementor-invisible elementor-widget elementor-widget-button\" data-id=\"092d509\" data-element_type=\"widget\" data-e-type=\"widget\" data-settings=\"{&quot;_animation&quot;:&quot;fadeIn&quot;}\" data-widget_type=\"button.default\">\n\t\t\t\t<div class=\"elementor-widget-container\">\n\t\t\t\t\t\t\t\t\t<div class=\"elementor-button-wrapper\">\n\t\t\t\t\t<a class=\"elementor-button elementor-button-link elementor-size-sm\" href=\"https:\/\/www.ivo.es\/val\/quadre-medic\/servicis\/\">\n\t\t\t\t\t\t<span class=\"elementor-button-content-wrapper\">\n\t\t\t\t\t\t\t\t\t<span class=\"elementor-button-text\">Veure m\u00e9s<\/span>\n\t\t\t\t\t<\/span>\n\t\t\t\t\t<\/a>\n\t\t\t\t<\/div>\n\t\t\t\t\t\t\t\t<\/div>\n\t\t\t\t<\/div>\n\t\t\t\t\t<\/div>\n\t\t<\/div>\n\t\t\t\t<div class=\"elementor-column elementor-col-50 elementor-inner-column elementor-element elementor-element-c9cbfe1\" data-id=\"c9cbfe1\" data-element_type=\"column\" data-e-type=\"column\" data-settings=\"{&quot;background_background&quot;:&quot;classic&quot;}\">\n\t\t\t<div class=\"elementor-widget-wrap elementor-element-populated\">\n\t\t\t\t\t\t<div class=\"elementor-element elementor-element-b42544e elementor-position-top elementor-widget elementor-widget-image-box\" data-id=\"b42544e\" data-element_type=\"widget\" data-e-type=\"widget\" data-widget_type=\"image-box.default\">\n\t\t\t\t<div class=\"elementor-widget-container\">\n\t\t\t\t\t<div class=\"elementor-image-box-wrapper\"><figure class=\"elementor-image-box-img\"><img decoding=\"async\" width=\"640\" height=\"427\" src=\"https:\/\/www.ivo.es\/wp-content\/uploads\/2022\/05\/adult-gdb6159566_640.jpg\" class=\"attachment-full size-full wp-image-23612\" alt=\"\" srcset=\"https:\/\/www.ivo.es\/wp-content\/uploads\/2022\/05\/adult-gdb6159566_640.jpg 640w, https:\/\/www.ivo.es\/wp-content\/uploads\/2022\/05\/adult-gdb6159566_640-300x200.jpg 300w\" sizes=\"(max-width: 640px) 100vw, 640px\" \/><\/figure><div class=\"elementor-image-box-content\"><h3 class=\"elementor-image-box-title\">Comit\u00e9s de Tumors<\/h3><p class=\"elementor-image-box-description\">Els comit\u00e9s s\u00f3n la m\u00e0xima expressi\u00f3 de la medicina multidisciplin\u00e0ria. Estan formats per facultatius experts de les principals especialitats oncol\u00f2giques.<\/p><\/div><\/div>\t\t\t\t<\/div>\n\t\t\t\t<\/div>\n\t\t\t\t<div class=\"elementor-element elementor-element-a07e87b elementor-align-center animated-slow elementor-invisible elementor-widget elementor-widget-button\" data-id=\"a07e87b\" data-element_type=\"widget\" data-e-type=\"widget\" data-settings=\"{&quot;_animation&quot;:&quot;fadeIn&quot;}\" data-widget_type=\"button.default\">\n\t\t\t\t<div class=\"elementor-widget-container\">\n\t\t\t\t\t\t\t\t\t<div class=\"elementor-button-wrapper\">\n\t\t\t\t\t<a class=\"elementor-button elementor-button-link elementor-size-sm\" href=\"https:\/\/www.ivo.es\/val\/quadre-medic\/comites-de-tumors\/\">\n\t\t\t\t\t\t<span class=\"elementor-button-content-wrapper\">\n\t\t\t\t\t\t\t\t\t<span class=\"elementor-button-text\">Veure m\u00e9s<\/span>\n\t\t\t\t\t<\/span>\n\t\t\t\t\t<\/a>\n\t\t\t\t<\/div>\n\t\t\t\t\t\t\t\t<\/div>\n\t\t\t\t<\/div>\n\t\t\t\t\t<\/div>\n\t\t<\/div>\n\t\t\t\t\t<\/div>\n\t\t<\/section>\n\t\t\t\t<section data-particle_enable=\"false\" data-particle-mobile-disabled=\"false\" class=\"elementor-section elementor-inner-section elementor-element elementor-element-bfee420 elementor-section-boxed elementor-section-height-default elementor-section-height-default\" data-id=\"bfee420\" data-element_type=\"section\" data-e-type=\"section\">\n\t\t\t\t\t\t<div class=\"elementor-container elementor-column-gap-default\">\n\t\t\t\t\t<div class=\"elementor-column elementor-col-100 elementor-inner-column elementor-element elementor-element-096799c\" data-id=\"096799c\" data-element_type=\"column\" data-e-type=\"column\">\n\t\t\t<div class=\"elementor-widget-wrap elementor-element-populated\">\n\t\t\t\t\t\t<div class=\"elementor-element elementor-element-fef0476 elementor-widget elementor-widget-counter\" data-id=\"fef0476\" data-element_type=\"widget\" data-e-type=\"widget\" data-widget_type=\"counter.default\">\n\t\t\t\t<div class=\"elementor-widget-container\">\n\t\t\t\t\t\t\t<div class=\"elementor-counter\">\n\t\t\t<div class=\"elementor-counter-title\">professionals<\/div>\t\t\t<div class=\"elementor-counter-number-wrapper\">\n\t\t\t\t<span class=\"elementor-counter-number-prefix\"><\/span>\n\t\t\t\t<span class=\"elementor-counter-number\" data-duration=\"2000\" data-to-value=\"750\" data-from-value=\"0\" data-delimiter=\",\">0<\/span>\n\t\t\t\t<span class=\"elementor-counter-number-suffix\"><\/span>\n\t\t\t<\/div>\n\t\t<\/div>\n\t\t\t\t\t\t<\/div>\n\t\t\t\t<\/div>\n\t\t\t\t\t<\/div>\n\t\t<\/div>\n\t\t\t\t\t<\/div>\n\t\t<\/section>\n\t\t\t\t\t<\/div>\n\t\t<\/div>\n\t\t\t\t\t<\/div>\n\t\t<\/section>\n\t\t\t\t<\/div>\n\t\t","protected":false},"excerpt":{"rendered":"<p>Un equip multidisciplinari El proc\u00e9s oncol\u00f2gic \u00e9s molt complex i com que la resposta no \u00e9s \u00fanica, la soluci\u00f3 tampoc pot ser \u00fanica. En l&#8217;IVO treballem amb la premissa que les estad\u00edstiques estan formades per persones que requereixen respostes i estrat\u00e8gies terap\u00e8utiques individuals, persones que juntament amb les seues fam\u00edlies sofreixen una enorme c\u00e0rrega psicol\u00f2gica. [&hellip;]<\/p>\n","protected":false},"author":1,"featured_media":31338,"parent":0,"menu_order":0,"comment_status":"closed","ping_status":"closed","template":"","meta":{"_acf_changed":false,"om_disable_all_campaigns":false,"footnotes":""},"class_list":["post-31372","page","type-page","status-publish","has-post-thumbnail","hentry"],"acf":[],"aioseo_notices":[],"_links":{"self":[{"href":"https:\/\/www.ivo.es\/val\/wp-json\/wp\/v2\/pages\/31372","targetHints":{"allow":["GET"]}}],"collection":[{"href":"https:\/\/www.ivo.es\/val\/wp-json\/wp\/v2\/pages"}],"about":[{"href":"https:\/\/www.ivo.es\/val\/wp-json\/wp\/v2\/types\/page"}],"author":[{"embeddable":true,"href":"https:\/\/www.ivo.es\/val\/wp-json\/wp\/v2\/users\/1"}],"replies":[{"embeddable":true,"href":"https:\/\/www.ivo.es\/val\/wp-json\/wp\/v2\/comments?post=31372"}],"version-history":[{"count":7,"href":"https:\/\/www.ivo.es\/val\/wp-json\/wp\/v2\/pages\/31372\/revisions"}],"predecessor-version":[{"id":42488,"href":"https:\/\/www.ivo.es\/val\/wp-json\/wp\/v2\/pages\/31372\/revisions\/42488"}],"wp:featuredmedia":[{"embeddable":true,"href":"https:\/\/www.ivo.es\/val\/wp-json\/wp\/v2\/media\/31338"}],"wp:attachment":[{"href":"https:\/\/www.ivo.es\/val\/wp-json\/wp\/v2\/media?parent=31372"}],"curies":[{"name":"wp","href":"https:\/\/api.w.org\/{rel}","templated":true}]}}