{"id":31368,"date":"2022-04-21T14:47:30","date_gmt":"2022-04-21T14:47:30","guid":{"rendered":"https:\/\/www.ivo.es\/politica-de-qualitat-i-medi-ambient\/"},"modified":"2022-06-09T15:03:47","modified_gmt":"2022-06-09T15:03:47","slug":"politica-de-qualitat-i-medi-ambient","status":"publish","type":"page","link":"https:\/\/www.ivo.es\/val\/politica-de-qualitat-i-medi-ambient\/","title":{"rendered":"Pol\u00edtica de qualitat i medi ambient"},"content":{"rendered":"\t\t<div data-elementor-type=\"wp-page\" data-elementor-id=\"31368\" class=\"elementor elementor-31368 elementor-914\" data-elementor-post-type=\"page\">\n\t\t\t\t\t\t<section data-particle_enable=\"false\" data-particle-mobile-disabled=\"false\" class=\"elementor-section elementor-top-section elementor-element elementor-element-ece60b3 elementor-section-boxed elementor-section-height-default elementor-section-height-default\" data-id=\"ece60b3\" data-element_type=\"section\" data-e-type=\"section\">\n\t\t\t\t\t\t<div class=\"elementor-container elementor-column-gap-default\">\n\t\t\t\t\t<div class=\"elementor-column elementor-col-50 elementor-top-column elementor-element elementor-element-99fe49b\" data-id=\"99fe49b\" data-element_type=\"column\" data-e-type=\"column\">\n\t\t\t<div class=\"elementor-widget-wrap elementor-element-populated\">\n\t\t\t\t\t\t<div class=\"elementor-element elementor-element-0b54377 elementor-widget elementor-widget-text-editor\" data-id=\"0b54377\" data-element_type=\"widget\" data-e-type=\"widget\" data-widget_type=\"text-editor.default\">\n\t\t\t\t<div class=\"elementor-widget-container\">\n\t\t\t\t\t\t\t\t\t<p>La nostra pol\u00edtica de qualitat est\u00e0 basada en la prestaci\u00f3 d&#8217;una assist\u00e8ncia sanit\u00e0ria, integral i personalitzada en r\u00e8gim d&#8217;hospitalitzaci\u00f3, ambulatori i domiciliari, i l&#8217;aplicaci\u00f3 de t\u00e8cniques preventives, diagn\u00f2stiques, de tractament i rehabilitadores que garantisquen la m\u00e0xima recuperaci\u00f3 i qualitat de vida del pacient oncol\u00f2gic, aix\u00ed com en la doc\u00e8ncia i investigaci\u00f3 en oncologia.<\/p>\t\t\t\t\t\t\t\t<\/div>\n\t\t\t\t<\/div>\n\t\t\t\t<div class=\"elementor-element elementor-element-e2e10d8 elementor-align-center animated-slow elementor-invisible elementor-widget elementor-widget-button\" data-id=\"e2e10d8\" data-element_type=\"widget\" data-e-type=\"widget\" data-settings=\"{&quot;_animation&quot;:&quot;fadeIn&quot;}\" data-widget_type=\"button.default\">\n\t\t\t\t<div class=\"elementor-widget-container\">\n\t\t\t\t\t\t\t\t\t<div class=\"elementor-button-wrapper\">\n\t\t\t\t\t<a class=\"elementor-button elementor-button-link elementor-size-sm\" href=\"https:\/\/www.ivo.es\/wp-content\/uploads\/2022\/04\/Politica-de-Calidad-y-Medio-Ambiente.pdf\" target=\"_blank\">\n\t\t\t\t\t\t<span class=\"elementor-button-content-wrapper\">\n\t\t\t\t\t\t\t\t\t<span class=\"elementor-button-text\">Veure la Pol\u00edtica de qualitat i medi ambient (en castell\u00e0)<\/span>\n\t\t\t\t\t<\/span>\n\t\t\t\t\t<\/a>\n\t\t\t\t<\/div>\n\t\t\t\t\t\t\t\t<\/div>\n\t\t\t\t<\/div>\n\t\t\t\t\t<\/div>\n\t\t<\/div>\n\t\t\t\t<div class=\"elementor-column elementor-col-50 elementor-top-column elementor-element elementor-element-3416e68\" data-id=\"3416e68\" data-element_type=\"column\" data-e-type=\"column\">\n\t\t\t<div class=\"elementor-widget-wrap elementor-element-populated\">\n\t\t\t\t\t\t<div class=\"elementor-element elementor-element-64f5007 elementor-widget elementor-widget-image\" data-id=\"64f5007\" data-element_type=\"widget\" data-e-type=\"widget\" data-widget_type=\"image.default\">\n\t\t\t\t<div class=\"elementor-widget-container\">\n\t\t\t\t\t\t\t\t\t\t\t\t\t\t\t<img fetchpriority=\"high\" decoding=\"async\" width=\"640\" height=\"426\" src=\"https:\/\/www.ivo.es\/wp-content\/uploads\/2022\/04\/IVO.053bis-1024x681.jpg\" class=\"attachment-large size-large wp-image-920\" alt=\"\" srcset=\"https:\/\/www.ivo.es\/wp-content\/uploads\/2022\/04\/IVO.053bis-1024x681.jpg 1024w, https:\/\/www.ivo.es\/wp-content\/uploads\/2022\/04\/IVO.053bis-300x199.jpg 300w, https:\/\/www.ivo.es\/wp-content\/uploads\/2022\/04\/IVO.053bis-768x511.jpg 768w, https:\/\/www.ivo.es\/wp-content\/uploads\/2022\/04\/IVO.053bis-1536x1021.jpg 1536w, https:\/\/www.ivo.es\/wp-content\/uploads\/2022\/04\/IVO.053bis-2048x1362.jpg 2048w, https:\/\/www.ivo.es\/wp-content\/uploads\/2022\/04\/IVO.053bis-1200x798.jpg 1200w\" sizes=\"(max-width: 640px) 100vw, 640px\" \/>\t\t\t\t\t\t\t\t\t\t\t\t\t\t\t<\/div>\n\t\t\t\t<\/div>\n\t\t\t\t\t<\/div>\n\t\t<\/div>\n\t\t\t\t\t<\/div>\n\t\t<\/section>\n\t\t\t\t<\/div>\n\t\t","protected":false},"excerpt":{"rendered":"<p>La nostra pol\u00edtica de qualitat est\u00e0 basada en la prestaci\u00f3 d&#8217;una assist\u00e8ncia sanit\u00e0ria, integral i personalitzada en r\u00e8gim d&#8217;hospitalitzaci\u00f3, ambulatori i domiciliari, i l&#8217;aplicaci\u00f3 de t\u00e8cniques preventives, diagn\u00f2stiques, de tractament i rehabilitadores que garantisquen la m\u00e0xima recuperaci\u00f3 i qualitat de vida del pacient oncol\u00f2gic, aix\u00ed com en la doc\u00e8ncia i investigaci\u00f3 en oncologia. Veure la [&hellip;]<\/p>\n","protected":false},"author":1,"featured_media":30019,"parent":0,"menu_order":0,"comment_status":"closed","ping_status":"closed","template":"","meta":{"_acf_changed":false,"om_disable_all_campaigns":false,"footnotes":""},"class_list":["post-31368","page","type-page","status-publish","has-post-thumbnail","hentry"],"acf":[],"aioseo_notices":[],"_links":{"self":[{"href":"https:\/\/www.ivo.es\/val\/wp-json\/wp\/v2\/pages\/31368","targetHints":{"allow":["GET"]}}],"collection":[{"href":"https:\/\/www.ivo.es\/val\/wp-json\/wp\/v2\/pages"}],"about":[{"href":"https:\/\/www.ivo.es\/val\/wp-json\/wp\/v2\/types\/page"}],"author":[{"embeddable":true,"href":"https:\/\/www.ivo.es\/val\/wp-json\/wp\/v2\/users\/1"}],"replies":[{"embeddable":true,"href":"https:\/\/www.ivo.es\/val\/wp-json\/wp\/v2\/comments?post=31368"}],"version-history":[{"count":2,"href":"https:\/\/www.ivo.es\/val\/wp-json\/wp\/v2\/pages\/31368\/revisions"}],"predecessor-version":[{"id":32511,"href":"https:\/\/www.ivo.es\/val\/wp-json\/wp\/v2\/pages\/31368\/revisions\/32511"}],"wp:featuredmedia":[{"embeddable":true,"href":"https:\/\/www.ivo.es\/val\/wp-json\/wp\/v2\/media\/30019"}],"wp:attachment":[{"href":"https:\/\/www.ivo.es\/val\/wp-json\/wp\/v2\/media?parent=31368"}],"curies":[{"name":"wp","href":"https:\/\/api.w.org\/{rel}","templated":true}]}}