{"id":31356,"date":"2022-04-18T13:03:39","date_gmt":"2022-04-18T11:03:39","guid":{"rendered":"https:\/\/www.ivo.es\/historia\/"},"modified":"2026-02-25T14:20:44","modified_gmt":"2026-02-25T13:20:44","slug":"historia","status":"publish","type":"page","link":"https:\/\/www.ivo.es\/val\/historia\/","title":{"rendered":"Hist\u00f2ria"},"content":{"rendered":"\t\t<div data-elementor-type=\"wp-page\" data-elementor-id=\"31356\" class=\"elementor elementor-31356 elementor-398\" data-elementor-post-type=\"page\">\n\t\t\t\t\t\t<section data-particle_enable=\"false\" data-particle-mobile-disabled=\"false\" class=\"elementor-section elementor-top-section elementor-element elementor-element-165d89c elementor-section-height-min-height elementor-section-boxed elementor-section-height-default elementor-section-items-middle\" data-id=\"165d89c\" data-element_type=\"section\" data-e-type=\"section\">\n\t\t\t\t\t\t<div class=\"elementor-container elementor-column-gap-default\">\n\t\t\t\t\t<div class=\"elementor-column elementor-col-100 elementor-top-column elementor-element elementor-element-ab0c8ee\" data-id=\"ab0c8ee\" data-element_type=\"column\" data-e-type=\"column\">\n\t\t\t<div class=\"elementor-widget-wrap elementor-element-populated\">\n\t\t\t\t\t\t<div class=\"elementor-element elementor-element-7d9d930 elementor-widget elementor-widget-eael-content-timeline\" data-id=\"7d9d930\" data-element_type=\"widget\" data-e-type=\"widget\" data-widget_type=\"eael-content-timeline.default\">\n\t\t\t\t<div class=\"elementor-widget-container\">\n\t\t\t\t\t\t\t<div id=\"eael-content-timeline-7d9d930\" class=\"content-timeline-layout-center date-position- horizontal-timeline-wrapper\" data-slide_to_scroll=\"{&quot;desktop&quot;:1,&quot;mobile&quot;:1,&quot;tablet&quot;:1}\">\n\t\t\t<div class=\"eael-content-timeline-container\">\n\t\t\t\t<div class=\"eael-content-timeline-container\">\n\t\t\t\t\t\t\t\t\t\t\t\t\t\t\t\t\t\t\t\t\t\t\t<div class=\"eael-content-timeline-block\">\n    <div class=\"eael-content-timeline-line\">\n        <div class=\"eael-content-timeline-inner\"><\/div>\n    <\/div>\n    <div class=\"eael-content-timeline-img eael-picture \"><i class=\"far fa-hospital\"><\/i><\/div><div class=\"eael-content-timeline-content\"><span class=\"eael-date\">4 de febrer de 1974<\/span><h2 class=\"eael-timeline-title\"><strong>Comen\u00e7a la construcci\u00f3 de l'IVO<\/strong><\/h2><div class=\"eael-timeline-excerpt\"><p>L'ic\u00f2nic edifici circular que hui es coneix com a Edifici Antonio Llombart, va comen\u00e7ar a edificar-se sobre una superf\u00edcie de 2.196 metres quadrats i una volumetria de 9.000 metres c\u00fabics edificable en tres plantes.<\/p><p><a href=\"https:\/\/www.ivo.es\/wp-content\/uploads\/2022\/04\/ivo-en-obras-scaled.jpg\"><img fetchpriority=\"high\" decoding=\"async\" class=\"aligncenter wp-image-788 size-medium\" title=\"L'IVO, en construcci\u00f3, al costat de la ciutat sanit\u00e0ria La Fe\" src=\"https:\/\/www.ivo.es\/wp-content\/uploads\/2022\/04\/ivo-en-obras-300x199.jpg\" alt=\"\" width=\"300\" height=\"199\" srcset=\"https:\/\/www.ivo.es\/wp-content\/uploads\/2022\/04\/ivo-en-obras-300x199.jpg 300w, https:\/\/www.ivo.es\/wp-content\/uploads\/2022\/04\/ivo-en-obras-1024x679.jpg 1024w, https:\/\/www.ivo.es\/wp-content\/uploads\/2022\/04\/ivo-en-obras-768x509.jpg 768w, https:\/\/www.ivo.es\/wp-content\/uploads\/2022\/04\/ivo-en-obras-1536x1018.jpg 1536w, https:\/\/www.ivo.es\/wp-content\/uploads\/2022\/04\/ivo-en-obras-2048x1358.jpg 2048w, https:\/\/www.ivo.es\/wp-content\/uploads\/2022\/04\/ivo-en-obras-1200x795.jpg 1200w\" sizes=\"(max-width: 300px) 100vw, 300px\" \/><\/a><\/p><p><a href=\"https:\/\/www.ivo.es\/wp-content\/uploads\/2022\/04\/Fachadablue01.jpg\"><img decoding=\"async\" class=\"aligncenter wp-image-819 size-medium\" src=\"https:\/\/www.ivo.es\/wp-content\/uploads\/2022\/04\/Fachadablue01-300x264.jpg\" alt=\"\" width=\"300\" height=\"264\" srcset=\"https:\/\/www.ivo.es\/wp-content\/uploads\/2022\/04\/Fachadablue01-300x264.jpg 300w, https:\/\/www.ivo.es\/wp-content\/uploads\/2022\/04\/Fachadablue01-768x677.jpg 768w, https:\/\/www.ivo.es\/wp-content\/uploads\/2022\/04\/Fachadablue01-908x800.jpg 908w, https:\/\/www.ivo.es\/wp-content\/uploads\/2022\/04\/Fachadablue01.jpg 1000w\" sizes=\"(max-width: 300px) 100vw, 300px\" \/><\/a><\/p><\/div><\/div><\/div>\t\t\t\t\t\t\t\t\t\t\t\t\t\t\t\t\t\t<div class=\"eael-content-timeline-block\">\n    <div class=\"eael-content-timeline-line\">\n        <div class=\"eael-content-timeline-inner\"><\/div>\n    <\/div>\n    <div class=\"eael-content-timeline-img eael-picture \"><i class=\"fas fa-users\"><\/i><\/div><div class=\"eael-content-timeline-content\"><span class=\"eael-date\">1 de desembre de 1976<\/span><h2 class=\"eael-timeline-title\"><strong>Inauguraci\u00f3<\/strong><\/h2><div class=\"eael-timeline-excerpt\"><p>La vesprada del 1 de desembre de 1976 t\u00e9 lloc la inauguraci\u00f3 de l'Institut Valenci\u00e0 d'Oncologia.<\/p><p><a href=\"https:\/\/www.ivo.es\/wp-content\/uploads\/2022\/04\/inauguracion-reina-sofia.jpg\"><img decoding=\"async\" class=\"aligncenter wp-image-792 size-medium\" src=\"https:\/\/www.ivo.es\/wp-content\/uploads\/2022\/04\/inauguracion-reina-sofia-174x300.jpg\" alt=\"\" width=\"174\" height=\"300\" srcset=\"https:\/\/www.ivo.es\/wp-content\/uploads\/2022\/04\/inauguracion-reina-sofia-174x300.jpg 174w, https:\/\/www.ivo.es\/wp-content\/uploads\/2022\/04\/inauguracion-reina-sofia-593x1024.jpg 593w, https:\/\/www.ivo.es\/wp-content\/uploads\/2022\/04\/inauguracion-reina-sofia-768x1327.jpg 768w, https:\/\/www.ivo.es\/wp-content\/uploads\/2022\/04\/inauguracion-reina-sofia-889x1536.jpg 889w, https:\/\/www.ivo.es\/wp-content\/uploads\/2022\/04\/inauguracion-reina-sofia-1185x2048.jpg 1185w, https:\/\/www.ivo.es\/wp-content\/uploads\/2022\/04\/inauguracion-reina-sofia-463x800.jpg 463w, https:\/\/www.ivo.es\/wp-content\/uploads\/2022\/04\/inauguracion-reina-sofia.jpg 1438w\" sizes=\"(max-width: 174px) 100vw, 174px\" \/><\/a><\/p><p>Un acte que va comptar amb la pres\u00e8ncia de la reina Sof\u00eda. En la fotografia, D. Antonio Llombart explica a Sa Majestat Sof\u00eda les caracter\u00edstiques de les instal\u00b7lacions del centre oncol\u00f2gic.<\/p><p><a href=\"https:\/\/www.ivo.es\/wp-content\/uploads\/2022\/04\/inauguracion-ivo-scaled.jpg\"><img loading=\"lazy\" decoding=\"async\" class=\"aligncenter wp-image-820 size-medium\" src=\"https:\/\/www.ivo.es\/wp-content\/uploads\/2022\/04\/inauguracion-ivo-300x187.jpg\" alt=\"\" width=\"300\" height=\"187\" srcset=\"https:\/\/www.ivo.es\/wp-content\/uploads\/2022\/04\/inauguracion-ivo-300x187.jpg 300w, https:\/\/www.ivo.es\/wp-content\/uploads\/2022\/04\/inauguracion-ivo-1024x638.jpg 1024w, https:\/\/www.ivo.es\/wp-content\/uploads\/2022\/04\/inauguracion-ivo-768x478.jpg 768w, https:\/\/www.ivo.es\/wp-content\/uploads\/2022\/04\/inauguracion-ivo-1536x957.jpg 1536w, https:\/\/www.ivo.es\/wp-content\/uploads\/2022\/04\/inauguracion-ivo-2048x1276.jpg 2048w, https:\/\/www.ivo.es\/wp-content\/uploads\/2022\/04\/inauguracion-ivo-1200x747.jpg 1200w\" sizes=\"(max-width: 300px) 100vw, 300px\" \/><\/a><\/p><\/div><\/div><\/div>\t\t\t\t\t\t\t\t\t\t\t\t\t\t\t\t\t\t<div class=\"eael-content-timeline-block\">\n    <div class=\"eael-content-timeline-line\">\n        <div class=\"eael-content-timeline-inner\"><\/div>\n    <\/div>\n    <div class=\"eael-content-timeline-img eael-picture \"><i class=\"fas fa-hospital-alt\"><\/i><\/div><div class=\"eael-content-timeline-content\"><span class=\"eael-date\">26 de gener de 1992<\/span><h2 class=\"eael-timeline-title\"><strong>Ampliaci\u00f3 del complex hospitalari<\/strong><\/h2><div class=\"eael-timeline-excerpt\"><p>Inauguraci\u00f3 de l'Edifici C de Consultes Externes, ubicat a escassos metres del primer hospital.<\/p><p><a href=\"https:\/\/www.ivo.es\/wp-content\/uploads\/2022\/04\/Fachadas-edif-consultas-ext-0890.jpg\"><img loading=\"lazy\" decoding=\"async\" class=\"aligncenter wp-image-817 size-medium\" src=\"https:\/\/www.ivo.es\/wp-content\/uploads\/2022\/04\/Fachadas-edif-consultas-ext-0890-300x200.jpg\" alt=\"\" width=\"300\" height=\"200\" srcset=\"https:\/\/www.ivo.es\/wp-content\/uploads\/2022\/04\/Fachadas-edif-consultas-ext-0890-300x200.jpg 300w, https:\/\/www.ivo.es\/wp-content\/uploads\/2022\/04\/Fachadas-edif-consultas-ext-0890-768x512.jpg 768w, https:\/\/www.ivo.es\/wp-content\/uploads\/2022\/04\/Fachadas-edif-consultas-ext-0890.jpg 1000w\" sizes=\"(max-width: 300px) 100vw, 300px\" \/><\/a><\/p><p>Una construcci\u00f3 de 3.000 m<sup>2<\/sup> de superf\u00edcie repartits en quatre altures m\u00e9s la planta baixa.<\/p><\/div><\/div><\/div>\t\t\t\t\t\t\t\t\t\t\t\t\t\t\t\t\t\t<div class=\"eael-content-timeline-block\">\n    <div class=\"eael-content-timeline-line\">\n        <div class=\"eael-content-timeline-inner\"><\/div>\n    <\/div>\n    <div class=\"eael-content-timeline-img eael-picture \"><i class=\"fas fa-hospital-alt\"><\/i><\/div><div class=\"eael-content-timeline-content\"><span class=\"eael-date\">1997<\/span><h2 class=\"eael-timeline-title\"><strong>Edifici Jos\u00e9 Sim\u00f3<\/strong><\/h2><div class=\"eael-timeline-excerpt\"><p>En 1997 es va emprendre el projecte d'ampliaci\u00f3 de l'Edifici Antonio Llombart Rodr\u00edguez, batejat popularment com el \u00abplat volador\u00bb per la seua forma circular. L'edifici B, anomenat Jos\u00e9 Sim\u00f3 en mem\u00f2ria de qui havia sigut el segon president de l'IVO, ocupa una superf\u00edcie de 3.000 metres quadrats i est\u00e0 connectat amb l'edifici A per una passarel\u00b7la.<\/p><p><a href=\"https:\/\/www.ivo.es\/wp-content\/uploads\/2022\/04\/IVO-Valencia-02-2-scaled.jpg\"><img loading=\"lazy\" decoding=\"async\" class=\"aligncenter wp-image-818 size-medium\" src=\"https:\/\/www.ivo.es\/wp-content\/uploads\/2022\/04\/IVO-Valencia-02-2-300x199.jpg\" alt=\"\" width=\"300\" height=\"199\" srcset=\"https:\/\/www.ivo.es\/wp-content\/uploads\/2022\/04\/IVO-Valencia-02-2-300x199.jpg 300w, https:\/\/www.ivo.es\/wp-content\/uploads\/2022\/04\/IVO-Valencia-02-2-1024x681.jpg 1024w, https:\/\/www.ivo.es\/wp-content\/uploads\/2022\/04\/IVO-Valencia-02-2-768x511.jpg 768w, https:\/\/www.ivo.es\/wp-content\/uploads\/2022\/04\/IVO-Valencia-02-2-1536x1021.jpg 1536w, https:\/\/www.ivo.es\/wp-content\/uploads\/2022\/04\/IVO-Valencia-02-2-2048x1362.jpg 2048w, https:\/\/www.ivo.es\/wp-content\/uploads\/2022\/04\/IVO-Valencia-02-2-1200x798.jpg 1200w\" sizes=\"(max-width: 300px) 100vw, 300px\" \/><\/a><\/p><\/div><\/div><\/div>\t\t\t\t\t\t\t\t\t\t\t\t\t\t\t\t\t\t<div class=\"eael-content-timeline-block\">\n    <div class=\"eael-content-timeline-line\">\n        <div class=\"eael-content-timeline-inner\"><\/div>\n    <\/div>\n    <div class=\"eael-content-timeline-img eael-picture \"><i class=\"fas fa-hospital-alt\"><\/i><\/div><div class=\"eael-content-timeline-content\"><span class=\"eael-date\">2007<\/span><h2 class=\"eael-timeline-title\"><strong>Nou Edifici D<\/strong><\/h2><div class=\"eael-timeline-excerpt\"><p>La seu de Consultes Externes, que havia comen\u00e7at a funcionar en 1992, resultava ja insuficient per a atendre l'important nombre de pacients que di\u00e0riament acudien a les instal\u00b7lacions.<\/p><p><a href=\"https:\/\/www.ivo.es\/wp-content\/uploads\/2022\/04\/Fachada-edifi-nuevo-0372.jpg\"><img loading=\"lazy\" decoding=\"async\" class=\"aligncenter wp-image-816 size-medium\" src=\"https:\/\/www.ivo.es\/wp-content\/uploads\/2022\/04\/Fachada-edifi-nuevo-0372-300x200.jpg\" alt=\"\" width=\"300\" height=\"200\" srcset=\"https:\/\/www.ivo.es\/wp-content\/uploads\/2022\/04\/Fachada-edifi-nuevo-0372-300x200.jpg 300w, https:\/\/www.ivo.es\/wp-content\/uploads\/2022\/04\/Fachada-edifi-nuevo-0372-768x512.jpg 768w, https:\/\/www.ivo.es\/wp-content\/uploads\/2022\/04\/Fachada-edifi-nuevo-0372.jpg 1000w\" sizes=\"(max-width: 300px) 100vw, 300px\" \/><\/a><\/p><p>Amb 8.000 m<sup>2<\/sup> d'espai disponible, el 2007 es va inaugurar el Nou Edifici D, connectat als edificis Antonio Llombart i Jos\u00e9 Sim\u00f3 mitjan\u00e7ant un t\u00fanel subterrani. En el soterrani de l'edifici estan situats els serveis d'Oncologia Radioter\u00e0pica i dos quir\u00f2fans.\u00a0<\/p><\/div><\/div><\/div>\t\t\t\t\t\t\t\t\t\t\t\t\t\t\t\t\t\t<div class=\"eael-content-timeline-block\">\n    <div class=\"eael-content-timeline-line\">\n        <div class=\"eael-content-timeline-inner\"><\/div>\n    <\/div>\n    <div class=\"eael-content-timeline-img eael-picture \"><i class=\"fas fa-hospital\"><\/i><\/div><div class=\"eael-content-timeline-content\"><span class=\"eael-date\">2007<\/span><h2 class=\"eael-timeline-title\"><strong>Alcoi i Conca<\/strong><\/h2><div class=\"eael-timeline-excerpt\"><p>En 2007, l'IVO va posar en marxa sengles Unitats de Radioter\u00e0pia a Alcoi (Alacant) i Conca. La primera est\u00e0 situada al costat de l'Hospital Virgen de los Lirios; la segona es va crear associada a l'Hospital Virgen de la Luz de la capital manxega.\u00a0<\/p><p><a href=\"https:\/\/www.ivo.es\/wp-content\/uploads\/2022\/04\/ivo-alcoi.jpg\"><img loading=\"lazy\" decoding=\"async\" class=\"aligncenter wp-image-809 size-medium\" title=\"IVO Alcoi\" src=\"https:\/\/www.ivo.es\/wp-content\/uploads\/2022\/04\/ivo-alcoi-300x199.jpg\" alt=\"IVO Alcoi\" width=\"300\" height=\"199\" srcset=\"https:\/\/www.ivo.es\/wp-content\/uploads\/2022\/04\/ivo-alcoi-300x199.jpg 300w, https:\/\/www.ivo.es\/wp-content\/uploads\/2022\/04\/ivo-alcoi-1024x681.jpg 1024w, https:\/\/www.ivo.es\/wp-content\/uploads\/2022\/04\/ivo-alcoi-768x511.jpg 768w, https:\/\/www.ivo.es\/wp-content\/uploads\/2022\/04\/ivo-alcoi-1536x1021.jpg 1536w, https:\/\/www.ivo.es\/wp-content\/uploads\/2022\/04\/ivo-alcoi-2048x1362.jpg 2048w, https:\/\/www.ivo.es\/wp-content\/uploads\/2022\/04\/ivo-alcoi-1200x798.jpg 1200w\" sizes=\"(max-width: 300px) 100vw, 300px\" \/><\/a><\/p><p><a href=\"https:\/\/www.ivo.es\/wp-content\/uploads\/2022\/04\/ivo-cuenca.jpg\"><img loading=\"lazy\" decoding=\"async\" class=\"aligncenter wp-image-808 size-medium\" title=\"IVO Conca\" src=\"https:\/\/www.ivo.es\/wp-content\/uploads\/2022\/04\/ivo-cuenca-300x199.jpg\" alt=\"IVO Conca\" width=\"300\" height=\"199\" srcset=\"https:\/\/www.ivo.es\/wp-content\/uploads\/2022\/04\/ivo-cuenca-300x199.jpg 300w, https:\/\/www.ivo.es\/wp-content\/uploads\/2022\/04\/ivo-cuenca-1024x681.jpg 1024w, https:\/\/www.ivo.es\/wp-content\/uploads\/2022\/04\/ivo-cuenca-768x511.jpg 768w, https:\/\/www.ivo.es\/wp-content\/uploads\/2022\/04\/ivo-cuenca-1536x1021.jpg 1536w, https:\/\/www.ivo.es\/wp-content\/uploads\/2022\/04\/ivo-cuenca-2048x1362.jpg 2048w, https:\/\/www.ivo.es\/wp-content\/uploads\/2022\/04\/ivo-cuenca-1200x798.jpg 1200w\" sizes=\"(max-width: 300px) 100vw, 300px\" \/><\/a><\/p><p>Ambdues unitats es van crear amb l'objectiu de facilitar als pacients que viuen en les seues \u00e0rees geogr\u00e0fiques d'influ\u00e8ncia l'acc\u00e9s a l'assist\u00e8ncia i el tractament radioter\u00e0pic.<\/p><\/div><\/div><\/div>\t\t\t\t\t\t\t\t\t\t\t\t\t\t\t\t\t\t<div class=\"eael-content-timeline-block\">\n    <div class=\"eael-content-timeline-line\">\n        <div class=\"eael-content-timeline-inner\"><\/div>\n    <\/div>\n    <div class=\"eael-content-timeline-img eael-picture \"><i class=\"fas fa-hospital-alt\"><\/i><\/div><div class=\"eael-content-timeline-content\"><span class=\"eael-date\">2007<\/span><h2 class=\"eael-timeline-title\"><strong>Un complex hospitalari de 25.000 m<sup>2<\/sup><\/strong><\/h2><div class=\"eael-timeline-excerpt\"><p>La suma de la volumetria de cadascun dels edificis que integren el complex hospitalari oncol\u00f2gic de l'IVO ascendeix a 25.000 m<sup>2<\/sup>.\u00a0<\/p><p><a href=\"https:\/\/www.ivo.es\/wp-content\/uploads\/2022\/04\/IVO-Complejo-Hospitalario-Valencia-e1650185123911.jpg\"><img loading=\"lazy\" decoding=\"async\" class=\"aligncenter wp-image-206 size-full\" src=\"https:\/\/www.ivo.es\/wp-content\/uploads\/2022\/04\/IVO-Complejo-Hospitalario-Valencia-e1650185123911.jpg\" alt=\"\" width=\"2000\" height=\"445\" \/><\/a><\/p><\/div><\/div><\/div>\t\t\t\t<\/div>\n\t\t\t<\/div>\n\t\t<\/div>\n\t\t\t\t\t<\/div>\n\t\t\t\t<\/div>\n\t\t\t\t\t<\/div>\n\t\t<\/div>\n\t\t\t\t\t<\/div>\n\t\t<\/section>\n\t\t\t\t<\/div>\n\t\t","protected":false},"excerpt":{"rendered":"<p>L&#8217;IVO es va inaugurar l&#8217;any 1976<\/p>\n","protected":false},"author":1,"featured_media":30013,"parent":0,"menu_order":0,"comment_status":"closed","ping_status":"closed","template":"","meta":{"_acf_changed":false,"om_disable_all_campaigns":false,"footnotes":""},"class_list":["post-31356","page","type-page","status-publish","has-post-thumbnail","hentry"],"acf":[],"aioseo_notices":[],"_links":{"self":[{"href":"https:\/\/www.ivo.es\/val\/wp-json\/wp\/v2\/pages\/31356","targetHints":{"allow":["GET"]}}],"collection":[{"href":"https:\/\/www.ivo.es\/val\/wp-json\/wp\/v2\/pages"}],"about":[{"href":"https:\/\/www.ivo.es\/val\/wp-json\/wp\/v2\/types\/page"}],"author":[{"embeddable":true,"href":"https:\/\/www.ivo.es\/val\/wp-json\/wp\/v2\/users\/1"}],"replies":[{"embeddable":true,"href":"https:\/\/www.ivo.es\/val\/wp-json\/wp\/v2\/comments?post=31356"}],"version-history":[{"count":4,"href":"https:\/\/www.ivo.es\/val\/wp-json\/wp\/v2\/pages\/31356\/revisions"}],"predecessor-version":[{"id":42341,"href":"https:\/\/www.ivo.es\/val\/wp-json\/wp\/v2\/pages\/31356\/revisions\/42341"}],"wp:featuredmedia":[{"embeddable":true,"href":"https:\/\/www.ivo.es\/val\/wp-json\/wp\/v2\/media\/30013"}],"wp:attachment":[{"href":"https:\/\/www.ivo.es\/val\/wp-json\/wp\/v2\/media?parent=31356"}],"curies":[{"name":"wp","href":"https:\/\/api.w.org\/{rel}","templated":true}]}}