{"id":31240,"date":"2022-04-16T09:38:26","date_gmt":"2022-04-16T09:38:26","guid":{"rendered":"https:\/\/www.ivo.es\/avis-legal\/"},"modified":"2022-06-08T10:33:15","modified_gmt":"2022-06-08T10:33:15","slug":"avis-legal","status":"publish","type":"page","link":"https:\/\/www.ivo.es\/val\/avis-legal\/","title":{"rendered":"Av\u00eds legal"},"content":{"rendered":"\n<p>I. DADES IDENTIFICATIVES DEL PRESTADOR DE SERVEIS DE LA SOCIETAT DE LA INFORMACI\u00d3.<br>De conformitat amb l&#8217;article 10 de la Llei 34\/2002, de Serveis de la Societat de la Informaci\u00f3 i Comer\u00e7 Electr\u00f2nic, es posa en el seu coneixement que les dades identificatives del titular del lloc web \u00e9s:<\/p>\n\n\n\n<p>\u2013 FUNDACI\u00d3 INSTITUT VALENCI\u00c0 D&#8217;ONCOLOGIA (d&#8217;ara en avant, IVO).<\/p>\n\n\n\n<p>\u2013 Inscrita en el Registre de Fundacions amb compet\u00e8ncia estatal amb el n\u00famero 1258SND.<\/p>\n\n\n\n<p>\u2013 CIF: G46129698.<\/p>\n\n\n\n<p>\u2013 Domicili: carrer Beltr\u00e1n *B\u00e1guena 8, Val\u00e8ncia (Espanya), CP 46009.<\/p>\n\n\n\n<p>\u2013 Tel\u00e8fon: 961114000.<\/p>\n\n\n\n<p>\u2013 Fax: 961114346.<\/p>\n\n\n\n<p>\u2013 Email: informacion@fivo.org<\/p>\n\n\n\n<p>II. CONDICIONS I TERMES D&#8217;\u00daS DEL LLOC WEB<br>1. Introducci\u00f3.<br>El present Av\u00eds Legal regula l&#8217;\u00fas del lloc o p\u00e0gina web https:\/\/www.ivo.es de l&#8217;IVO.<\/p>\n\n\n\n<p>2. Acceptaci\u00f3.<br>La utilitzaci\u00f3 de la p\u00e0gina web atribueix la condici\u00f3 d&#8217;usuari i implica l&#8217;acceptaci\u00f3 de totes les condicions i termes d&#8217;\u00fas inclosos en el present Av\u00eds Legal.<\/p>\n\n\n\n<p>Es recomana als usuaris llegir atentament aquest Av\u00eds Legal de manera peri\u00f2dica, ja que les condicions d&#8217;\u00fas de la mateixa poden patir modificacions.<\/p>\n\n\n\n<p>L&#8217;IVO es reserva la facultat de modificar unilateralment les condicions i termes d&#8217;\u00fas d&#8217;aquesta p\u00e0gina. Qualsevol canvi en aquest sentit es publicar\u00e0 de manera visible en la p\u00e0gina web. Si vost\u00e9 continua fent \u00fas dels serveis prestats en la p\u00e0gina web, una vegada modificades les condicions d&#8217;\u00fas d&#8217;aquesta, s&#8217;entendr\u00e0 que accepta les modificacions realitzades en aquestes.<\/p>\n\n\n\n<p>3. Navegaci\u00f3, acc\u00e9s i seguretat.<br>L&#8217;acc\u00e9s i navegaci\u00f3 en aquest lloc web suposa acceptar i con\u00e9ixer els advertiments legals, condicions i termes d&#8217;\u00fas contingudes en ella. L&#8217;IVO fa els m\u00e0xims esfor\u00e7os perqu\u00e8 la navegaci\u00f3 es realitze en les millors condicions i evitar els perjudicis de qualsevol tipus que pogueren ocasionar-se durant aquesta.<\/p>\n\n\n\n<p>L&#8217;IVO no es fa responsable dels perjudicis, de qualsevol \u00edndole, que pogueren ocasionar-se als usuaris per la utilitzaci\u00f3 d&#8217;altres navegadors o versions diferents dels navegadors per als quals ha sigut dissenyat el lloc web.<\/p>\n\n\n\n<p>L&#8217;acc\u00e9s a aquest lloc web es realitza en un entorn segur, per la qual cosa la informaci\u00f3 es transmet de forma xifrada.<\/p>\n\n\n\n<p>L&#8217;IVO podr\u00e0 restringir l&#8217;acc\u00e9s a determinats serveis o recursos mitjan\u00e7ant usuari (*login) i\/o contrasenyes (password), com a elements d&#8217;autenticaci\u00f3 i identificaci\u00f3. L&#8217;usuari haur\u00e0 d&#8217;aportar informaci\u00f3 vera\u00e7 i l\u00edcita, garantint l&#8217;autenticitat de totes aquelles dades que introdu\u00efsca a l&#8217;hora d&#8217;emplenar els formularis preestablits i mantindre sota la seua exclusiva responsabilitat les contrasenyes en la m\u00e9s estricta i absoluta confidencialitat, assumint, per tant, quants danys o conseq\u00fc\u00e8ncies de tota mena es deriven del trencament o revelaci\u00f3 del secret. Per raons de seguretat, la contrasenya d&#8217;acc\u00e9s telem\u00e0tic als serveis vinculats al lloc web podr\u00e0 ser modificada per l&#8217;usuari.<\/p>\n\n\n\n<p>4. Menors.<br>Aquesta p\u00e0gina web no est\u00e0 dissenyada o dirigida per al seu \u00fas a menors de 16 anys. No recollim conscientment cap dada personal de menors de 16 anys sense el previ consentiment, verificable del seu pare, mare, tutor o representant legal. Per a l&#8217;acc\u00e9s a determinats espais o recursos restringits el menor haur\u00e0 de sol\u00b7licitar l&#8217;autoritzaci\u00f3 pr\u00e8via del seu pare, mare, tutor o representant legal.<\/p>\n\n\n\n<p>5. Car\u00e0cter de la informaci\u00f3 publicada.<br>Les informacions oferides mitjan\u00e7ant aquest mig tenen exclusivament car\u00e0cter il\u00b7lustratiu i no originen drets ni expectatives de drets, ni suposen dictamen o prescripci\u00f3 m\u00e8dica. D&#8217;aquesta manera, la informaci\u00f3 proporcionada de manera general en el lloc web t\u00e9 car\u00e0cter merament orientatiu o divulgatiu i, en cap cas, resultar\u00e0 vinculant per a l&#8217;IVO. L&#8217;assist\u00e8ncia o informaci\u00f3 m\u00e8dica, a l&#8217;efecte de rebre dictamen o diagn\u00f2stic, s&#8217;emetr\u00e0 estrictament per professional sanitari per altres mitjans. Aquesta informaci\u00f3 no pret\u00e9n substituir en cap cas la consulta del facultatiu.<\/p>\n\n\n\n<p>L&#8217;IVO procura que la informaci\u00f3 siga exacta i precisa, i procedir\u00e0 a la seua actualitzaci\u00f3 amb la m\u00e0xima celeritat possible, tractant d&#8217;evitar errors i corregint-los tan prompte com els detecten. L&#8217;IVO no pot garantir la inexist\u00e8ncia d&#8217;errors, ni que el contingut de la informaci\u00f3 es trobe, permanentment, actualitzat.<\/p>\n\n\n\n<p>6. Obligacions de l&#8217;usuari.<br>6.1. Obligaci\u00f3 de fer un \u00fas correcte de la p\u00e0gina web.<\/p>\n\n\n\n<p>Les condicions d&#8217;acc\u00e9s i \u00fas d&#8217;aquesta p\u00e0gina web estan supeditades a la legalitat vigent i als principis de bona fe i \u00fas l\u00edcit per part de l&#8217;usuari d&#8217;aquesta, quedant prohibit, amb car\u00e0cter general, qualsevol tipus d&#8217;actuaci\u00f3 en perjudici de l&#8217;IVO, i\/o contr\u00e0ria al present Av\u00eds Legal.<\/p>\n\n\n\n<p>L&#8217;usuari es compromet a utilitzar aquest servei sense inc\u00f3rrer en activitats que puguen ser considerades il\u00b7l\u00edcites o il\u00b7legals, que infringisquen els drets de l&#8217;IVO, o de tercers, o que puguen danyar, inutilitzar, sobrecarregar o deteriorar la p\u00e0gina web o impedir la normal utilitzaci\u00f3 de la mateixa per part d&#8217;altres usuaris.<\/p>\n\n\n\n<p>6.2. Prohibicions.<\/p>\n\n\n\n<p>Queda prohibit l&#8217;\u00fas d&#8217;aquesta web amb finalitats il\u00b7legals o no autoritzats, en concret i sense car\u00e0cter taxatiu:<\/p>\n\n\n\n<p>a) Qualsevol forma de violaci\u00f3 dels drets de tercers (dret a la intimitat, dret a la pr\u00f2pia imatge, drets de propietat intel\u00b7lectual i industrial, etc.)<\/p>\n\n\n\n<p>b) Realitzar, usant els continguts d&#8217;aquesta web, qualsevol tipus de publicitat com a enviament de correus electr\u00f2nics no sol\u00b7licitats (*spam) o comunicaci\u00f3 similar.<\/p>\n\n\n\n<p>c) No utilitzar identitats falses, ni suplantar la identitat d&#8217;uns altres en la utilitzaci\u00f3 del lloc web o de qualsevol dels serveis vinculats a aquest, incloent la utilitzaci\u00f3 en el seu cas de contrasenyes o claus d&#8217;acc\u00e9s de tercers o de qualsevol altra forma.<\/p>\n\n\n\n<p>d) Introduir virus inform\u00e0tics, arxius defectuosos o qualsevol altre programari o programa inform\u00e0tic que puga provocar danys o alteracions no autoritzades dels continguts o sistemes accessibles a trav\u00e9s d&#8217;aquesta p\u00e0gina web.<\/p>\n\n\n\n<p>7. Propietat intel\u00b7lectual i industrial.<br>Tota la informaci\u00f3 continguda en aquesta p\u00e0gina web, aix\u00ed com el seu disseny gr\u00e0fic i els codis utilitzats, estan protegits per drets d&#8217;autor o altres drets de protecci\u00f3 recollits en el Reial decret legislatiu 1\/1996, de 12 d&#8217;abril, pel qual s&#8217;aprova el Text Ref\u00f3s de la Llei de Propietat Intel\u00b7lectual. Aquests drets pertanyen exclusivament a l&#8217;IVO, o als seus llicenciadors, per tant, queda expressament excl\u00f2s qualsevol acte de reproducci\u00f3, distribuci\u00f3, transformaci\u00f3 o comunicaci\u00f3 p\u00fablica, aix\u00ed com qualsevol tipus de cessi\u00f3, del tot o part del contingut d&#8217;aquest lloc, i en general de qualsevol objecte que segons la legislaci\u00f3 vigent siga protegible per les normes de propietat intel\u00b7lectual.<\/p>\n\n\n\n<p>Tot el contingut del web i tot el contingut disponible a trav\u00e9s dels productes i serveis de l&#8217;IVO incloent dissenys, text, gr\u00e0fics, imatges, v\u00eddeo, informaci\u00f3, aplicacions, programari, m\u00fasica, so i altres arxius, aix\u00ed com la seua selecci\u00f3 i disposici\u00f3 (d&#8217;ara en avant, el \u201cContingut\u201d) s\u00f3n propietat exclusiva de l&#8217;IVO o dels seus llicenciadors, amb tots els drets reservats.<\/p>\n\n\n\n<p>Cap part del Contingut del web podr\u00e0 ser modificada, copiada, distribu\u00efda, emmarcada, reprodu\u00efda, republicada, descarregada, extreta, mostrada, publicada, transmesa o venuda de cap manera o per cap mig, totalment o parcialment, sense el previ consentiment per escrit de l&#8217;IVO. No es podr\u00e0 carregar o republicar Contingut del web en cap lloc d&#8217;Internet, Intranet o Extranet ni integrar la informaci\u00f3 en bases de dades o compilaci\u00f3. Qualsevol altre \u00fas del Contingut del web queda estrictament prohibit.<\/p>\n\n\n\n<p>El contingut d&#8217;aquesta p\u00e0gina no ha de ser utilitzat per a difusi\u00f3 p\u00fablica o amb finalitats comercials, i no ha de ser modificat sense el previ consentiment escrit de l&#8217;IVO.<\/p>\n\n\n\n<p>Totes les marques, logotips i anagrames mostrats en aquest lloc s\u00f3n propietat de l&#8217;IVO o, en el seu cas, de terceres empreses. Queda expressament prohibida la utilitzaci\u00f3, sense previ consentiment, de qualsevol element d&#8217;aquesta p\u00e0gina web que siga objecte de protecci\u00f3 d&#8217;acord amb la legislaci\u00f3 vigent relativa a propietat industrial. Especialment, no podran utilitzar-se marques, noms comercials, r\u00e8tols d&#8217;establiments, denominacions, logotips, esl\u00f2gans o qualsevol tipus de signe distintiu pertanyent a l&#8217;IVO<\/p>\n\n\n\n<p>8. Enlla\u00e7os.<br>L&#8217;usuari que vulga introduir enlla\u00e7os des de les seues pr\u00f2pies p\u00e0gines web a la de l&#8217;IVO, haur\u00e0 de complir amb les condicions que es detallen a continuaci\u00f3 sense que el desconeixement de les mateixes evite les responsabilitats derivades de la Llei:<\/p>\n\n\n\n<p>a) L&#8217;enlla\u00e7 podr\u00e0 vincular-se amb qualsevol de les p\u00e0gines o *subp\u00e1ginas de contingut incloses en https:\/\/www.ivo.es. Per\u00f2 no podr\u00e0 reproduir-se de cap manera la c\u00f2pia de textos, gr\u00e0fics, fotografies o v\u00eddeos.<\/p>\n\n\n\n<p>b) Quedar\u00e0 en tot cas prohibit, d&#8217;acord amb la legislaci\u00f3 aplicable i vigent a cada moment, establir *frames o marcs de qualsevol tipus que emboliquen a aquesta p\u00e0gina o permeten la visualitzaci\u00f3 dels continguts a trav\u00e9s d&#8217;adreces d&#8217;Internet diferents a les de la mateixa i, en qualsevol cas, quan es visualitzen conjuntament amb continguts aliens a ella de manera que: (I) produ\u00efsca, o puga produir, error, confusi\u00f3 o engany en els usuaris sobre la vertadera proced\u00e8ncia del servei o continguts; (II) supose un acte de comparaci\u00f3 o imitaci\u00f3 deslleial; (III) servisca per a aprofitar la reputaci\u00f3 de la marca i prestigi de l&#8217;IVO o (IV) de qualsevol altra forma resulte prohibit per la legislaci\u00f3 vigent.<\/p>\n\n\n\n<p>c) No es realitzaran des de la p\u00e0gina que introdueix l&#8217;enlla\u00e7 cap mena de manifestaci\u00f3 falsa, inexacta o incorrecta sobre l&#8217;IVO, els seus empleats o sobre les activitats que desenvolupa.<\/p>\n\n\n\n<p>d) En cap cas, s&#8217;expressar\u00e0 en la p\u00e0gina on se situe l&#8217;enlla\u00e7 que l&#8217;IVO ha prestat el seu consentiment per a la inserci\u00f3 del mateix o que, d&#8217;una altra forma, patrocina, col\u00b7labora, verifica o supervisa els serveis del remitent.<\/p>\n\n\n\n<p>e) Est\u00e0 prohibida la utilitzaci\u00f3 de qualsevol marca denominativa, gr\u00e0fica o mixta o qualsevol altre distintiu de l&#8217;IVO, dins de la p\u00e0gina del remitent excepte en els casos permesos per la Llei o expressament autoritzats per l&#8217;IVO, i sempre que es permeta, en aquests casos, un enlla\u00e7 directe amb la p\u00e0gina web de l&#8217;IVO, en la forma establida en aquesta cl\u00e0usula.<\/p>\n\n\n\n<p>f) La p\u00e0gina que establisca l&#8217;enlla\u00e7 haur\u00e0 de complir fidelment amb la Llei i no podr\u00e0 en cap cas disposar o enlla\u00e7ar amb continguts propis o de tercers que: (i) siguen il\u00b7l\u00edcits, nocius o contraris a la moral i als bons costums (pornogr\u00e0fics, violents, racistes, etc.); (<em>ii) indu\u00efsquen o puguen induir en l&#8217;usuari la falsa concepci\u00f3 que l&#8217;IVO subscriu, recolza, s&#8217;adhereix o de qualsevol manera secunda, les idees, manifestacions o expressions, l\u00edcites o il\u00b7l\u00edcites, del remitent; (<\/em>iii) resulten inapropiats o no pertinents amb l&#8217;activitat de l&#8217;IVO, en atenci\u00f3 al lloc, continguts i tem\u00e0tica de la p\u00e0gina web del remitent.<\/p>\n\n\n\n<p>En qualsevol cas, l&#8217;IVO es reserva el dret a prohibir els enlla\u00e7os a la seua p\u00e0gina web i a exigir la seua retirada quan aquests no complisquen les condicions exigides en aquest apartat.<\/p>\n\n\n\n<p>L&#8217;IVO no controla, ni fa propis, ni garanteix l&#8217;exactitud, qualitat, veracitat, fiabilitat o idone\u00eftat de les informacions i serveis facilitats o prestats per tercers a trav\u00e9s del lloc web. D&#8217;igual forma, no controla i no garanteix l&#8217;abs\u00e8ncia de virus o altres elements lesius en els continguts o serveis facilitats o prestats per tercers a trav\u00e9s del lloc web.<\/p>\n\n\n\n<p>9. Responsabilitat.<br>L&#8217;usuari ser\u00e0 l&#8217;\u00fanic responsable de les infraccions en qu\u00e8 puga inc\u00f3rrer o dels perjudicis que es puguen causar a tercers per la indeguda o il\u00b7leg\u00edtima utilitzaci\u00f3 de la p\u00e0gina web.<\/p>\n\n\n\n<p>L&#8217;IVO no ser\u00e0 responsable dels possibles danys o perjudicis que es pogueren derivar d&#8217;interfer\u00e8ncies, omissions, interrupcions, virus inform\u00e0tics, avaries telef\u00f2niques o desconnexions en el funcionament operatiu dels sistemes electr\u00f2nics o inform\u00e0tics, motivades per causes alienes a l&#8217;empresa, dels retards o bloquejos en l&#8217;\u00fas d&#8217;aquests sistemes causats per defici\u00e8ncies o sobrec\u00e0rregues de l\u00ednies telef\u00f2niques, sobrec\u00e0rregues en el sistema d&#8217;Internet o en altres sistemes electr\u00f2nics.<\/p>\n\n\n\n<p>L&#8217;IVO no garanteix la veracitat ni es responsabilitza de les conseq\u00fc\u00e8ncies que pogueren derivar-se dels errors en els continguts proporcionats per tercers que pogueren apar\u00e9ixer en aquesta p\u00e0gina web.<\/p>\n\n\n\n<p>De la mateixa manera, l&#8217;IVO, tampoc es responsabilitza dels continguts, productes o serveis que puguen visualitzar-se mitjan\u00e7ant enlla\u00e7os electr\u00f2nics (links), directament o indirectament, a trav\u00e9s de la p\u00e0gina web, excepte en aquells sup\u00f2sits previstos en l&#8217;article 17 de la Llei 34\/2002, de 12 de juliol, de Serveis de la Societat de la Informaci\u00f3 i Comer\u00e7 Electr\u00f2nic. En cas que un usuari considere que existeix un lloc enlla\u00e7at amb continguts il\u00b7l\u00edcits o inadequats haur\u00e0 de posar-los en coneixement de l&#8217;IVO.<\/p>\n\n\n\n<p>Els enlla\u00e7os no representen necess\u00e0riament l&#8217;exist\u00e8ncia de relaci\u00f3 entre l&#8217;IVO, i els particulars i entitats IVO \u00e9s de les p\u00e0gines a les quals donen acc\u00e9s ni la recomanaci\u00f3, promoci\u00f3 o identificaci\u00f3 de l&#8217;IVO, amb les manifestacions, continguts o serveis facilitats a trav\u00e9s d&#8217;elles. L&#8217;IVO, es reserva el dret a retirar de manera unilateral i en qualsevol moment els links que apareixen en la seua p\u00e0gina web.<\/p>\n\n\n\n<p>L&#8217;IVO no coneix els continguts i serveis dels llocs enlla\u00e7ats i, per tant, no es fa responsable pels danys produ\u00efts per la il\u00b7licitud, qualitat, *desactualizaci\u00f3n, indisponibilitat, error i inutilitat dels mateixos ni per qualsevol altre mal que no siga directament imputable a ella.<\/p>\n\n\n\n<p>L&#8217;IVO s&#8217;eximeix de responsabilitat quant a les \u201ccookies\u201d que tercers aliens pogueren instal\u00b7lar en el disc dur de l&#8217;ordinador de l&#8217;usuari.<\/p>\n\n\n\n<p>10. Llei aplicable i jurisdicci\u00f3.<br>Els termes i condicions que regeixen aquest lloc web i totes les relacions que pogueren derivar-se es troben salvaguardats per la legislaci\u00f3 espanyola. Qualsevol controv\u00e8rsia que poguera derivar-se de l&#8217;acc\u00e9s o la utilitzaci\u00f3 d&#8217;aquest lloc web ser\u00e0 de compet\u00e8ncia dels Jutjats o Tribunals de la ciutat de Val\u00e8ncia.<\/p>\n","protected":false},"excerpt":{"rendered":"<p>I. DADES IDENTIFICATIVES DEL PRESTADOR DE SERVEIS DE LA SOCIETAT DE LA INFORMACI\u00d3.De conformitat amb l&#8217;article 10 de la Llei 34\/2002, de Serveis de la Societat de la Informaci\u00f3 i Comer\u00e7 Electr\u00f2nic, es posa en el seu coneixement que les dades identificatives del titular del lloc web \u00e9s: \u2013 FUNDACI\u00d3 INSTITUT VALENCI\u00c0 D&#8217;ONCOLOGIA (d&#8217;ara en [&hellip;]<\/p>\n","protected":false},"author":1,"featured_media":30019,"parent":0,"menu_order":0,"comment_status":"closed","ping_status":"closed","template":"","meta":{"_acf_changed":false,"om_disable_all_campaigns":false,"footnotes":""},"class_list":["post-31240","page","type-page","status-publish","has-post-thumbnail","hentry"],"acf":[],"aioseo_notices":[],"_links":{"self":[{"href":"https:\/\/www.ivo.es\/val\/wp-json\/wp\/v2\/pages\/31240","targetHints":{"allow":["GET"]}}],"collection":[{"href":"https:\/\/www.ivo.es\/val\/wp-json\/wp\/v2\/pages"}],"about":[{"href":"https:\/\/www.ivo.es\/val\/wp-json\/wp\/v2\/types\/page"}],"author":[{"embeddable":true,"href":"https:\/\/www.ivo.es\/val\/wp-json\/wp\/v2\/users\/1"}],"replies":[{"embeddable":true,"href":"https:\/\/www.ivo.es\/val\/wp-json\/wp\/v2\/comments?post=31240"}],"version-history":[{"count":3,"href":"https:\/\/www.ivo.es\/val\/wp-json\/wp\/v2\/pages\/31240\/revisions"}],"predecessor-version":[{"id":31244,"href":"https:\/\/www.ivo.es\/val\/wp-json\/wp\/v2\/pages\/31240\/revisions\/31244"}],"wp:featuredmedia":[{"embeddable":true,"href":"https:\/\/www.ivo.es\/val\/wp-json\/wp\/v2\/media\/30019"}],"wp:attachment":[{"href":"https:\/\/www.ivo.es\/val\/wp-json\/wp\/v2\/media?parent=31240"}],"curies":[{"name":"wp","href":"https:\/\/api.w.org\/{rel}","templated":true}]}}