{"id":30585,"date":"2022-06-06T08:23:35","date_gmt":"2022-06-06T06:23:35","guid":{"rendered":"https:\/\/www.ivo.es\/politica-de-privacitat\/"},"modified":"2025-05-15T15:01:57","modified_gmt":"2025-05-15T13:01:57","slug":"politica-de-privacitat","status":"publish","type":"page","link":"https:\/\/www.ivo.es\/val\/politica-de-privacitat\/","title":{"rendered":"Pol\u00edtica de privacitat"},"content":{"rendered":"\n<h2 class=\"wp-block-heading\">Qui \u00e9s el responsable del tractament de les seues dades personals?<\/h2>\n\n\n\n<p>El responsable del tractament \u00e9s Fundaci\u00f3 Institut Valenci\u00e0 d&#8217;Oncologia, amb domicili social a aquest efecte en Carrer Professor Beltr\u00e1n *B\u00e1guena 8, CP 46009 Val\u00e8ncia (Espanya).<\/p>\n\n\n\n<p>L&#8217;IVO ha nomenat formalment un Delegat de Protecci\u00f3 de Dades Personals, i a m\u00e9s t\u00e9 habilitat el seg\u00fcent email: dpo@fivo.org<\/p>\n\n\n\n<h2 class=\"wp-block-heading\">Amb quines finalitats tractem les seues dades personals?<\/h2>\n\n\n\n<p>L&#8217;IVO, a trav\u00e9s de la p\u00e0gina Web, recull dades personals per a les seg\u00fcents finalitats o usos:<\/p>\n\n\n\n<p>Formulari de contacte: Les dades personals de car\u00e0cter merament identificatiu (Nom i\/o cognoms) i de contacte (correu electr\u00f2nic, tel\u00e8fon) seran tractats per a atendre la consulta, opini\u00f3, suggeriment o un altre tipus de comunicaci\u00f3 que ens dirigisca, en relaci\u00f3 a l&#8217;activitat realitzada per l&#8217;IVO.<br>Formulari \u2018Vull ser pacient\u2019: Les dades personals de car\u00e0cter merament identificatiu (Nom i\/o cognoms) i de contacte (correu electr\u00f2nic, tel\u00e8fon) seran tractats per a iniciar el primer contacte des de l&#8217;IVO amb Vost\u00e9; per a obtindre m\u00e9s informaci\u00f3 sobre l&#8217;atenci\u00f3 sanit\u00e0ria oncologia que Vost\u00e9 precise.<\/p>\n\n\n\n<h2 class=\"wp-block-heading\">Quina \u00e9s la legitimaci\u00f3 de l&#8217;IVO per al tractament de les seues dades?<\/h2>\n\n\n\n<p>D&#8217;acord amb les finalitats o usos avantdits, el tractament de les dades personals est\u00e0 legitimat amb base a les seg\u00fcents condicions de licitud:<\/p>\n\n\n\n<ul class=\"wp-block-list\">\n<li>En relaci\u00f3 a les dades obtingudes en el formulari de \u2018Contacte\u2019 la base jur\u00eddica de licitud o legitimaci\u00f3 \u00e9s el consentiment que Vost\u00e9 manifesta mitjan\u00e7ant l&#8217;emplenament i enviament de les dades, de manera lliure i volunt\u00e0ria.<\/li>\n\n\n\n<li>En relaci\u00f3 a les dades obtingudes en el formulari de \u2018Vull ser pacient\u2019 la base jur\u00eddica de licitud o legitimaci\u00f3 \u00e9s la necessitat de gestionar la relaci\u00f3 precontractual amb l&#8217;IVO.<\/li>\n<\/ul>\n\n\n\n<h2 class=\"wp-block-heading\">Es fan decisions automatitzades o elaboraci\u00f3 de perfils?<\/h2>\n\n\n\n<p>No es fan decisions automatitzades ni elaboraci\u00f3 de perfils sobre les dades personals proporcionades.<\/p>\n\n\n\n<h2 class=\"wp-block-heading\">Per quant temps conservem les seues dades?<\/h2>\n\n\n\n<p>Les dades es conservaran durant el temps necessari per a complir amb la finalitat per a la qual es van recaptar i per a determinar les possibles responsabilitats que es pogueren derivar d&#8217;aquesta finalitat i del tractament de les dades.<\/p>\n\n\n\n<h2 class=\"wp-block-heading\">A quins destinataris es comunicaran les seues dades personals?<\/h2>\n\n\n\n<p>Les dades personals tractats per l&#8217;IVO, a trav\u00e9s dels citats formularis disposats en la p\u00e0gina Web, no seran cedits o comunicats a tercers, excepte en els sup\u00f2sits previstos, segons Llei.<\/p>\n\n\n\n<h2 class=\"wp-block-heading\">Quins s\u00f3n els seus drets en relaci\u00f3 al tractament que fem de les seues dades?<\/h2>\n\n\n\n<p>L&#8217;IVO informa que t\u00e9 dret a accedir a les seues dades personals i obtindre confirmaci\u00f3 sobre com s&#8217;estan tractant aquestes dades. Aix\u00ed mateix, t\u00e9 dret a sol\u00b7licitar la rectificaci\u00f3 de les dades inexactes o, en el seu cas, sol\u00b7licitar la seua supressi\u00f3 quan, entre altres motius, les dades ja no siguen necessaris per als fins que hagen sigut recaptats per l&#8217;IVO.<\/p>\n\n\n\n<p>En determinades circumst\u00e0ncies, podr\u00e0 sol\u00b7licitar la limitaci\u00f3 del tractament de les seues dades, i en aquest cas l&#8217;IVO \u00fanicament els conservar\u00e0 per a l&#8217;exercici o la defensa de les possibles reclamacions.<\/p>\n\n\n\n<p>Per favor observe que la supressi\u00f3 o limitaci\u00f3 del tractament \u00e9s \u00fanicament possible si i en la mesura en qu\u00e8 aquest tractament est\u00e0 basat en el consentiment o en inter\u00e9s leg\u00edtim. Si es basa en el consentiment, t\u00e9 el dret a retirar-lo en qualsevol moment, per\u00f2 la retirada del mateix no afecta a la legalitat del tractament basat en el seu consentiment abans de la seua retirada. En cas d&#8217;una sol\u00b7licitud de supressi\u00f3, podr\u00edem conservar una c\u00f2pia de les seues dades personals per a les nostres finalitats de manteniment de registres i per a evitar accedir a les seues dades personals en els nostres sistemes despr\u00e9s de la seua sol\u00b7licitud.<\/p>\n\n\n\n<p>Aix\u00ed mateix, tamb\u00e9 en determinades circumst\u00e0ncies Vost\u00e9 podr\u00e0 oposar-se al tractament de les seues dades personals amb la finalitat informada per l&#8217;IVO. En aqueix cas, l&#8217;IVO cessar\u00e0 en el tractament de les dades personals, llevat que conc\u00f3rreguen motius leg\u00edtims, o per a garantir l&#8217;exercici o la defensa de possibles reclamacions.<\/p>\n\n\n\n<p>Finalment, Vost\u00e9 podr\u00e0 sol\u00b7licitar el dret a la portabilitat i obtindre per a si mateix o per a un altre prestador de serveis determinada informaci\u00f3 derivada de la relaci\u00f3 contractual formalitzada amb l&#8217;IVO.<\/p>\n\n\n\n<p>Vost\u00e9 podr\u00e0 exercir tals drets mitjan\u00e7ant escrit dirigit a l&#8217;adre\u00e7a postal a dalt indicada o al correu electr\u00f2nic dpo@fivo.org.<\/p>\n\n\n\n<p>Resultant necessari acreditar la identitat de la persona que exerceix els seus drets, mitjan\u00e7ant l&#8217;enviament de c\u00f2pia del seu DNI, NIE, Passaport o document equivalent.<\/p>\n\n\n\n<p>L&#8217;IVO li facilitar\u00e0 la informaci\u00f3 sol\u00b7licitada en el termini m\u00e0xim d&#8217;un mes a partir de la recepci\u00f3 de la sol\u00b7licitud. Aquest termini podr\u00e0 prorrogar-se altres dos mesos en cas necessari, tenint en compte la complexitat i el nombre de sol\u00b7licituds.<\/p>\n\n\n\n<p>Vost\u00e9 podr\u00e0 retirar el consentiment en qualsevol moment, en el cas que s&#8217;haja atorgat el consentiment per a alguna finalitat espec\u00edfica, sense que aix\u00f2 afecte la licitud del tractament basat en el consentiment previ a la seua retirada.<\/p>\n\n\n\n<p>Vost\u00e9 podr\u00e0 presentar reclamaci\u00f3 davant l&#8217;Ag\u00e8ncia Espanyola de Protecci\u00f3 de Dades (www.aepd.es). No obstant aix\u00f2, en primera inst\u00e0ncia, podr\u00e0 presentar reclamaci\u00f3 davant el nostre Delegat de Protecci\u00f3 de Dades (dpo@fivo.org).<\/p>\n","protected":false},"excerpt":{"rendered":"<p>Qui \u00e9s el responsable del tractament de les seues dades personals? El responsable del tractament \u00e9s Fundaci\u00f3 Institut Valenci\u00e0 d&#8217;Oncologia, amb domicili social a aquest efecte en Carrer Professor Beltr\u00e1n *B\u00e1guena 8, CP 46009 Val\u00e8ncia (Espanya). L&#8217;IVO ha nomenat formalment un Delegat de Protecci\u00f3 de Dades Personals, i a m\u00e9s t\u00e9 habilitat el seg\u00fcent email: [&hellip;]<\/p>\n","protected":false},"author":3,"featured_media":30019,"parent":0,"menu_order":0,"comment_status":"closed","ping_status":"closed","template":"","meta":{"_acf_changed":false,"om_disable_all_campaigns":false,"footnotes":""},"class_list":["post-30585","page","type-page","status-publish","has-post-thumbnail","hentry"],"acf":[],"aioseo_notices":[],"_links":{"self":[{"href":"https:\/\/www.ivo.es\/val\/wp-json\/wp\/v2\/pages\/30585","targetHints":{"allow":["GET"]}}],"collection":[{"href":"https:\/\/www.ivo.es\/val\/wp-json\/wp\/v2\/pages"}],"about":[{"href":"https:\/\/www.ivo.es\/val\/wp-json\/wp\/v2\/types\/page"}],"author":[{"embeddable":true,"href":"https:\/\/www.ivo.es\/val\/wp-json\/wp\/v2\/users\/3"}],"replies":[{"embeddable":true,"href":"https:\/\/www.ivo.es\/val\/wp-json\/wp\/v2\/comments?post=30585"}],"version-history":[{"count":3,"href":"https:\/\/www.ivo.es\/val\/wp-json\/wp\/v2\/pages\/30585\/revisions"}],"predecessor-version":[{"id":41005,"href":"https:\/\/www.ivo.es\/val\/wp-json\/wp\/v2\/pages\/30585\/revisions\/41005"}],"wp:featuredmedia":[{"embeddable":true,"href":"https:\/\/www.ivo.es\/val\/wp-json\/wp\/v2\/media\/30019"}],"wp:attachment":[{"href":"https:\/\/www.ivo.es\/val\/wp-json\/wp\/v2\/media?parent=30585"}],"curies":[{"name":"wp","href":"https:\/\/api.w.org\/{rel}","templated":true}]}}