{"id":30106,"date":"2022-04-18T16:12:04","date_gmt":"2022-04-18T14:12:04","guid":{"rendered":"https:\/\/www.ivo.es\/com-previndre-el-cancer\/"},"modified":"2023-10-23T14:41:29","modified_gmt":"2023-10-23T12:41:29","slug":"com-previndre-el-cancer","status":"publish","type":"page","link":"https:\/\/www.ivo.es\/val\/cancer\/com-previndre-el-cancer\/","title":{"rendered":"Com previndre el c\u00e0ncer"},"content":{"rendered":"\t\t<div data-elementor-type=\"wp-page\" data-elementor-id=\"30106\" class=\"elementor elementor-30106 elementor-582\" data-elementor-post-type=\"page\">\n\t\t\t\t\t\t<section data-particle_enable=\"false\" data-particle-mobile-disabled=\"false\" class=\"elementor-section elementor-top-section elementor-element elementor-element-6b33bf3 elementor-section-boxed elementor-section-height-default elementor-section-height-default\" data-id=\"6b33bf3\" data-element_type=\"section\" data-e-type=\"section\">\n\t\t\t\t\t\t<div class=\"elementor-container elementor-column-gap-default\">\n\t\t\t\t\t<div class=\"elementor-column elementor-col-50 elementor-top-column elementor-element elementor-element-753fe25\" data-id=\"753fe25\" data-element_type=\"column\" data-e-type=\"column\">\n\t\t\t<div class=\"elementor-widget-wrap elementor-element-populated\">\n\t\t\t\t\t\t<div class=\"elementor-element elementor-element-d52177f elementor-widget elementor-widget-heading\" data-id=\"d52177f\" data-element_type=\"widget\" data-e-type=\"widget\" data-widget_type=\"heading.default\">\n\t\t\t\t<div class=\"elementor-widget-container\">\n\t\t\t\t\t<h2 class=\"elementor-heading-title elementor-size-default\">Prevenci\u00f3 prim\u00e0ria<\/h2>\t\t\t\t<\/div>\n\t\t\t\t<\/div>\n\t\t\t\t<div class=\"elementor-element elementor-element-c856aba elementor-widget elementor-widget-text-editor\" data-id=\"c856aba\" data-element_type=\"widget\" data-e-type=\"widget\" data-widget_type=\"text-editor.default\">\n\t\t\t\t<div class=\"elementor-widget-container\">\n\t\t\t\t\t\t\t\t\t<b>Els h\u00e0bits saludables<\/b>\u00a0no sols\u00a0<b>ens protegixen del c\u00e0ncer<\/b>,\u00a0sin\u00f3 que\u00a0<b>ens allunyen de moltes altres patologies<\/b>, a m\u00e9s d\u2019augmentar el benestar i millorar el nostre aspecte f\u00edsic. El que mengem, la falta d\u2019activitat f\u00edsica, l\u2019exc\u00e9s de sol, la contaminaci\u00f3 del medi ambient, l\u2019alcohol i sobretot el tabac s\u00f3n els principals factors de risc de c\u00e0ncer per davant de la predisposici\u00f3 gen\u00e8tica.\r\n\r\nAmb el coneixement d\u2019estos factors podem intervindre positivament almenys en alguns d\u2019ells i reduir el risc de desenvolupar algun proc\u00e9s oncol\u00f2gic.\r\n<ul>\r\n \t<li>El 30% de les morts per c\u00e0ncer es produ\u00efxen a causa del tabac.<\/li>\r\n \t<li>El 90% de les persones amb c\u00e0ncer de pulm\u00f3 s\u00f3n fumadores.<\/li>\r\n \t<li>El 40% de les defuncions per malalties oncol\u00f2giques estan relacionats amb el sobrep\u00e9s i l\u2019alimentaci\u00f3.<\/li>\r\n \t<li>Entre el 50% i el 70% dels tumors en la pell estan associats al sol.<\/li>\r\n \t<li>El 3,5% de les morts per c\u00e0ncer s\u00f3n atribu\u00efbles a l\u2019alcohol.<\/li>\r\n<\/ul>\t\t\t\t\t\t\t\t<\/div>\n\t\t\t\t<\/div>\n\t\t\t\t\t<\/div>\n\t\t<\/div>\n\t\t\t\t<div class=\"elementor-column elementor-col-50 elementor-top-column elementor-element elementor-element-14f9a75\" data-id=\"14f9a75\" data-element_type=\"column\" data-e-type=\"column\">\n\t\t\t<div class=\"elementor-widget-wrap elementor-element-populated\">\n\t\t\t\t\t\t<div class=\"elementor-element elementor-element-a2da74f elementor-widget elementor-widget-image\" data-id=\"a2da74f\" data-element_type=\"widget\" data-e-type=\"widget\" data-widget_type=\"image.default\">\n\t\t\t\t<div class=\"elementor-widget-container\">\n\t\t\t\t\t\t\t\t\t\t\t\t\t\t\t<img fetchpriority=\"high\" decoding=\"async\" width=\"640\" height=\"426\" src=\"https:\/\/www.ivo.es\/wp-content\/uploads\/2022\/03\/stop-gc12075bf0_640-1.jpg\" class=\"attachment-large size-large wp-image-21617\" alt=\"\" srcset=\"https:\/\/www.ivo.es\/wp-content\/uploads\/2022\/03\/stop-gc12075bf0_640-1.jpg 640w, https:\/\/www.ivo.es\/wp-content\/uploads\/2022\/03\/stop-gc12075bf0_640-1-300x200.jpg 300w\" sizes=\"(max-width: 640px) 100vw, 640px\" \/>\t\t\t\t\t\t\t\t\t\t\t\t\t\t\t<\/div>\n\t\t\t\t<\/div>\n\t\t\t\t\t<\/div>\n\t\t<\/div>\n\t\t\t\t\t<\/div>\n\t\t<\/section>\n\t\t\t\t<section data-particle_enable=\"false\" data-particle-mobile-disabled=\"false\" class=\"elementor-section elementor-top-section elementor-element elementor-element-8420d30 elementor-section-boxed elementor-section-height-default elementor-section-height-default\" data-id=\"8420d30\" data-element_type=\"section\" data-e-type=\"section\">\n\t\t\t\t\t\t<div class=\"elementor-container elementor-column-gap-default\">\n\t\t\t\t\t<div class=\"elementor-column elementor-col-100 elementor-top-column elementor-element elementor-element-ef74f9f\" data-id=\"ef74f9f\" data-element_type=\"column\" data-e-type=\"column\">\n\t\t\t<div class=\"elementor-widget-wrap elementor-element-populated\">\n\t\t\t\t\t\t<div class=\"elementor-element elementor-element-a6af5f9 elementor-widget-divider--view-line elementor-widget elementor-widget-divider\" data-id=\"a6af5f9\" data-element_type=\"widget\" data-e-type=\"widget\" data-widget_type=\"divider.default\">\n\t\t\t\t<div class=\"elementor-widget-container\">\n\t\t\t\t\t\t\t<div class=\"elementor-divider\">\n\t\t\t<span class=\"elementor-divider-separator\">\n\t\t\t\t\t\t<\/span>\n\t\t<\/div>\n\t\t\t\t\t\t<\/div>\n\t\t\t\t<\/div>\n\t\t\t\t\t<\/div>\n\t\t<\/div>\n\t\t\t\t\t<\/div>\n\t\t<\/section>\n\t\t\t\t<section data-particle_enable=\"false\" data-particle-mobile-disabled=\"false\" class=\"elementor-section elementor-top-section elementor-element elementor-element-57aec34 elementor-section-boxed elementor-section-height-default elementor-section-height-default\" data-id=\"57aec34\" data-element_type=\"section\" data-e-type=\"section\">\n\t\t\t\t\t\t<div class=\"elementor-container elementor-column-gap-default\">\n\t\t\t\t\t<div class=\"elementor-column elementor-col-50 elementor-top-column elementor-element elementor-element-da2f461\" data-id=\"da2f461\" data-element_type=\"column\" data-e-type=\"column\">\n\t\t\t<div class=\"elementor-widget-wrap elementor-element-populated\">\n\t\t\t\t\t\t<div class=\"elementor-element elementor-element-2502ae7 elementor-widget elementor-widget-image\" data-id=\"2502ae7\" data-element_type=\"widget\" data-e-type=\"widget\" data-widget_type=\"image.default\">\n\t\t\t\t<div class=\"elementor-widget-container\">\n\t\t\t\t\t\t\t\t\t\t\t\t\t\t\t<img decoding=\"async\" width=\"640\" height=\"427\" src=\"https:\/\/www.ivo.es\/wp-content\/uploads\/2022\/05\/muestras-sangre.jpg\" class=\"attachment-large size-large wp-image-23805\" alt=\"\" srcset=\"https:\/\/www.ivo.es\/wp-content\/uploads\/2022\/05\/muestras-sangre.jpg 640w, https:\/\/www.ivo.es\/wp-content\/uploads\/2022\/05\/muestras-sangre-300x200.jpg 300w\" sizes=\"(max-width: 640px) 100vw, 640px\" \/>\t\t\t\t\t\t\t\t\t\t\t\t\t\t\t<\/div>\n\t\t\t\t<\/div>\n\t\t\t\t\t<\/div>\n\t\t<\/div>\n\t\t\t\t<div class=\"elementor-column elementor-col-50 elementor-top-column elementor-element elementor-element-16516f8\" data-id=\"16516f8\" data-element_type=\"column\" data-e-type=\"column\">\n\t\t\t<div class=\"elementor-widget-wrap elementor-element-populated\">\n\t\t\t\t\t\t<div class=\"elementor-element elementor-element-768645f elementor-widget elementor-widget-heading\" data-id=\"768645f\" data-element_type=\"widget\" data-e-type=\"widget\" data-widget_type=\"heading.default\">\n\t\t\t\t<div class=\"elementor-widget-container\">\n\t\t\t\t\t<h2 class=\"elementor-heading-title elementor-size-default\">Prevenci\u00f3 secund\u00e0ria<\/h2>\t\t\t\t<\/div>\n\t\t\t\t<\/div>\n\t\t\t\t<div class=\"elementor-element elementor-element-47ea60d elementor-widget elementor-widget-text-editor\" data-id=\"47ea60d\" data-element_type=\"widget\" data-e-type=\"widget\" data-widget_type=\"text-editor.default\">\n\t\t\t\t<div class=\"elementor-widget-container\">\n\t\t\t\t\t\t\t\t\t<b>L\u2019objectiu<\/b>\u00a0de les accions de prevenci\u00f3 secund\u00e0ria \u00e9s avan\u00e7ar-se per a guanyar la carrera al c\u00e0ncer,\u00a0<b>detectar preco\u00e7ment tumors<\/b>\u00a0abans que evolucionen a un estat maligne o en les fases inicials de la malaltia oncol\u00f2gica.\r\n\r\n<b>Un xicotet percentatge (entre el 5 i el 10%) dels tumors localitzats a Espanya s\u00f3n hereditaris.<\/b>\u00a0El consell gen\u00e8tic consistix en unes proves que s\u2019oferixen a individus amb historials personals o familiars que suggerixen susceptibilitat gen\u00e8tica a patir c\u00e0ncer. Encara que no totes les persones que presenten esta predisposici\u00f3 el desenvoluparan\u00a0al llarg de la seua vida. No obstant aix\u00f2, si es diagnostica a temps, en les fases en qu\u00e8 est\u00e0 localitzat<b>,\u00a0<\/b>pot curar-se entre el 70 i el 90% dels casos.\r\n\r\nD\u2019ac\u00ed prov\u00e9 la import\u00e0ncia que les persones que, per la seua edat i sexe, pertanyen a grups de risc participen en\u00a0<b>programes de prevenci\u00f3 secund\u00e0ria: detecci\u00f3 preco\u00e7 i consell gen\u00e8tic<\/b>, que suposen una ajuda inestimable per a descobrir a temps moltes malalties oncol\u00f2giques.\r\n\r\nD\u2019esta manera, la incid\u00e8ncia de determinats tipus de c\u00e0ncer podria reduir-se en:\r\n<ul>\r\n \t<li><strong><b>C\u00e0ncer de mama, 90%<\/b><\/strong><\/li>\r\n \t<li><strong><b>C\u00e0ncer de c\u00f2lon, 90%<\/b><\/strong><\/li>\r\n \t<li><strong>C\u00e0ncer de Pell, 100%<\/strong><\/li>\r\n \t<li><strong><b>C\u00e0ncer de pulm\u00f3, 80% si es detecta en el I Estadi<\/b><\/strong><\/li>\r\n \t<li><strong>C<b>\u00e0ncer de c\u00e8rvix, 80%<\/b><\/strong><\/li>\r\n<\/ul>\t\t\t\t\t\t\t\t<\/div>\n\t\t\t\t<\/div>\n\t\t\t\t\t<\/div>\n\t\t<\/div>\n\t\t\t\t\t<\/div>\n\t\t<\/section>\n\t\t\t\t<section data-particle_enable=\"false\" data-particle-mobile-disabled=\"false\" class=\"elementor-section elementor-top-section elementor-element elementor-element-051deac elementor-section-boxed elementor-section-height-default elementor-section-height-default\" data-id=\"051deac\" data-element_type=\"section\" data-e-type=\"section\">\n\t\t\t\t\t\t<div class=\"elementor-container elementor-column-gap-default\">\n\t\t\t\t\t<div class=\"elementor-column elementor-col-100 elementor-top-column elementor-element elementor-element-8e355f5\" data-id=\"8e355f5\" data-element_type=\"column\" data-e-type=\"column\">\n\t\t\t<div class=\"elementor-widget-wrap elementor-element-populated\">\n\t\t\t\t\t\t<div class=\"elementor-element elementor-element-7bd5147 elementor-widget-divider--view-line elementor-widget elementor-widget-divider\" data-id=\"7bd5147\" data-element_type=\"widget\" data-e-type=\"widget\" data-widget_type=\"divider.default\">\n\t\t\t\t<div class=\"elementor-widget-container\">\n\t\t\t\t\t\t\t<div class=\"elementor-divider\">\n\t\t\t<span class=\"elementor-divider-separator\">\n\t\t\t\t\t\t<\/span>\n\t\t<\/div>\n\t\t\t\t\t\t<\/div>\n\t\t\t\t<\/div>\n\t\t\t\t\t<\/div>\n\t\t<\/div>\n\t\t\t\t\t<\/div>\n\t\t<\/section>\n\t\t\t\t<section data-particle_enable=\"false\" data-particle-mobile-disabled=\"false\" class=\"elementor-section elementor-top-section elementor-element elementor-element-32d3950 elementor-section-boxed elementor-section-height-default elementor-section-height-default\" data-id=\"32d3950\" data-element_type=\"section\" data-e-type=\"section\">\n\t\t\t\t\t\t<div class=\"elementor-container elementor-column-gap-default\">\n\t\t\t\t\t<div class=\"elementor-column elementor-col-100 elementor-top-column elementor-element elementor-element-e431876\" data-id=\"e431876\" data-element_type=\"column\" data-e-type=\"column\">\n\t\t\t<div class=\"elementor-widget-wrap elementor-element-populated\">\n\t\t\t\t\t\t<div class=\"elementor-element elementor-element-015583a elementor-widget elementor-widget-video\" data-id=\"015583a\" data-element_type=\"widget\" data-e-type=\"widget\" data-settings=\"{&quot;youtube_url&quot;:&quot;https:\\\/\\\/www.youtube.com\\\/watch?v=x7gC50efz_g&amp;t=33s&quot;,&quot;video_type&quot;:&quot;youtube&quot;,&quot;controls&quot;:&quot;yes&quot;}\" data-widget_type=\"video.default\">\n\t\t\t\t<div class=\"elementor-widget-container\">\n\t\t\t\t\t\t\t<div class=\"elementor-wrapper elementor-open-inline\">\n\t\t\t<div class=\"elementor-video\"><\/div>\t\t<\/div>\n\t\t\t\t\t\t<\/div>\n\t\t\t\t<\/div>\n\t\t\t\t\t<\/div>\n\t\t<\/div>\n\t\t\t\t\t<\/div>\n\t\t<\/section>\n\t\t\t\t<section data-particle_enable=\"false\" data-particle-mobile-disabled=\"false\" class=\"elementor-section elementor-top-section elementor-element elementor-element-bcb595d elementor-section-boxed elementor-section-height-default elementor-section-height-default\" data-id=\"bcb595d\" data-element_type=\"section\" data-e-type=\"section\">\n\t\t\t\t\t\t<div class=\"elementor-container elementor-column-gap-default\">\n\t\t\t\t\t<div class=\"elementor-column elementor-col-100 elementor-top-column elementor-element elementor-element-3b0801a\" data-id=\"3b0801a\" data-element_type=\"column\" data-e-type=\"column\">\n\t\t\t<div class=\"elementor-widget-wrap elementor-element-populated\">\n\t\t\t\t\t\t<div class=\"elementor-element elementor-element-bd32227 elementor-widget-divider--view-line elementor-widget elementor-widget-divider\" data-id=\"bd32227\" data-element_type=\"widget\" data-e-type=\"widget\" data-widget_type=\"divider.default\">\n\t\t\t\t<div class=\"elementor-widget-container\">\n\t\t\t\t\t\t\t<div class=\"elementor-divider\">\n\t\t\t<span class=\"elementor-divider-separator\">\n\t\t\t\t\t\t<\/span>\n\t\t<\/div>\n\t\t\t\t\t\t<\/div>\n\t\t\t\t<\/div>\n\t\t\t\t\t<\/div>\n\t\t<\/div>\n\t\t\t\t\t<\/div>\n\t\t<\/section>\n\t\t\t\t<section data-particle_enable=\"false\" data-particle-mobile-disabled=\"false\" class=\"elementor-section elementor-top-section elementor-element elementor-element-b3c7f5f elementor-section-boxed elementor-section-height-default elementor-section-height-default\" data-id=\"b3c7f5f\" data-element_type=\"section\" data-e-type=\"section\">\n\t\t\t\t\t\t<div class=\"elementor-container elementor-column-gap-default\">\n\t\t\t\t\t<div class=\"elementor-column elementor-col-100 elementor-top-column elementor-element elementor-element-e1db1f9\" data-id=\"e1db1f9\" data-element_type=\"column\" data-e-type=\"column\">\n\t\t\t<div class=\"elementor-widget-wrap elementor-element-populated\">\n\t\t\t\t\t\t<div class=\"elementor-element elementor-element-c6d14ab elementor-widget elementor-widget-heading\" data-id=\"c6d14ab\" data-element_type=\"widget\" data-e-type=\"widget\" data-widget_type=\"heading.default\">\n\t\t\t\t<div class=\"elementor-widget-container\">\n\t\t\t\t\t<h3 class=\"elementor-heading-title elementor-size-default\">Existeixen dos\u00a0programes de prevenci\u00f3 secund\u00e0ria: detecci\u00f3 preco\u00e7 i consell gen\u00e8tic<\/h3>\t\t\t\t<\/div>\n\t\t\t\t<\/div>\n\t\t\t\t\t<\/div>\n\t\t<\/div>\n\t\t\t\t\t<\/div>\n\t\t<\/section>\n\t\t\t\t<section data-particle_enable=\"false\" data-particle-mobile-disabled=\"false\" class=\"elementor-section elementor-top-section elementor-element elementor-element-3ff9dbd elementor-section-boxed elementor-section-height-default elementor-section-height-default\" data-id=\"3ff9dbd\" data-element_type=\"section\" data-e-type=\"section\">\n\t\t\t\t\t\t<div class=\"elementor-container elementor-column-gap-default\">\n\t\t\t\t\t<div class=\"elementor-column elementor-col-100 elementor-top-column elementor-element elementor-element-d9091e9\" data-id=\"d9091e9\" data-element_type=\"column\" data-e-type=\"column\">\n\t\t\t<div class=\"elementor-widget-wrap elementor-element-populated\">\n\t\t\t\t\t\t<section data-particle_enable=\"false\" data-particle-mobile-disabled=\"false\" class=\"elementor-section elementor-inner-section elementor-element elementor-element-9c18fd2 elementor-section-boxed elementor-section-height-default elementor-section-height-default\" data-id=\"9c18fd2\" data-element_type=\"section\" data-e-type=\"section\">\n\t\t\t\t\t\t<div class=\"elementor-container elementor-column-gap-wider\">\n\t\t\t\t\t<div class=\"elementor-column elementor-col-50 elementor-inner-column elementor-element elementor-element-80c5553\" data-id=\"80c5553\" data-element_type=\"column\" data-e-type=\"column\" data-settings=\"{&quot;background_background&quot;:&quot;classic&quot;}\">\n\t\t\t<div class=\"elementor-widget-wrap elementor-element-populated\">\n\t\t\t\t\t\t<div class=\"elementor-element elementor-element-ec63f9e elementor-position-top elementor-widget elementor-widget-image-box\" data-id=\"ec63f9e\" data-element_type=\"widget\" data-e-type=\"widget\" data-widget_type=\"image-box.default\">\n\t\t\t\t<div class=\"elementor-widget-container\">\n\t\t\t\t\t<div class=\"elementor-image-box-wrapper\"><figure class=\"elementor-image-box-img\"><img decoding=\"async\" width=\"1000\" height=\"667\" src=\"https:\/\/www.ivo.es\/wp-content\/uploads\/2015\/03\/Mamo-7-2.jpg\" class=\"attachment-full size-full wp-image-7263\" alt=\"\" srcset=\"https:\/\/www.ivo.es\/wp-content\/uploads\/2015\/03\/Mamo-7-2.jpg 1000w, https:\/\/www.ivo.es\/wp-content\/uploads\/2015\/03\/Mamo-7-2-300x200.jpg 300w, https:\/\/www.ivo.es\/wp-content\/uploads\/2015\/03\/Mamo-7-2-768x512.jpg 768w\" sizes=\"(max-width: 1000px) 100vw, 1000px\" \/><\/figure><div class=\"elementor-image-box-content\"><h3 class=\"elementor-image-box-title\">Diagn\u00f2stic Preco\u00e7 IVO<\/h3><p class=\"elementor-image-box-description\">Les Unitats de Diagn\u00f2stic Preco\u00e7 de l'IVO tenen per objectiu previndre i detectar la possible pres\u00e8ncia del c\u00e0ncer abans fins i tot que provoque s\u00edmptomes.<\/p><\/div><\/div>\t\t\t\t<\/div>\n\t\t\t\t<\/div>\n\t\t\t\t<div class=\"elementor-element elementor-element-ae0f738 elementor-align-center animated-slow elementor-invisible elementor-widget elementor-widget-button\" data-id=\"ae0f738\" data-element_type=\"widget\" data-e-type=\"widget\" data-settings=\"{&quot;_animation&quot;:&quot;fadeIn&quot;}\" data-widget_type=\"button.default\">\n\t\t\t\t<div class=\"elementor-widget-container\">\n\t\t\t\t\t\t\t\t\t<div class=\"elementor-button-wrapper\">\n\t\t\t\t\t<a class=\"elementor-button elementor-button-link elementor-size-sm\" href=\"https:\/\/www.ivo.es\/val\/atencio-al-pacient\/diagnostic-precoc-del-cancer\/\">\n\t\t\t\t\t\t<span class=\"elementor-button-content-wrapper\">\n\t\t\t\t\t\t\t\t\t<span class=\"elementor-button-text\">Saber m\u00e9s<\/span>\n\t\t\t\t\t<\/span>\n\t\t\t\t\t<\/a>\n\t\t\t\t<\/div>\n\t\t\t\t\t\t\t\t<\/div>\n\t\t\t\t<\/div>\n\t\t\t\t\t<\/div>\n\t\t<\/div>\n\t\t\t\t<div class=\"elementor-column elementor-col-50 elementor-inner-column elementor-element elementor-element-bd202df\" data-id=\"bd202df\" data-element_type=\"column\" data-e-type=\"column\" data-settings=\"{&quot;background_background&quot;:&quot;classic&quot;}\">\n\t\t\t<div class=\"elementor-widget-wrap elementor-element-populated\">\n\t\t\t\t\t\t<div class=\"elementor-element elementor-element-95cecd0 elementor-position-top elementor-widget elementor-widget-image-box\" data-id=\"95cecd0\" data-element_type=\"widget\" data-e-type=\"widget\" data-widget_type=\"image-box.default\">\n\t\t\t\t<div class=\"elementor-widget-container\">\n\t\t\t\t\t<div class=\"elementor-image-box-wrapper\"><figure class=\"elementor-image-box-img\"><img loading=\"lazy\" decoding=\"async\" width=\"640\" height=\"426\" src=\"https:\/\/www.ivo.es\/wp-content\/uploads\/2022\/04\/lab-gc413707f5_640.jpg\" class=\"attachment-full size-full wp-image-28703\" alt=\"\" srcset=\"https:\/\/www.ivo.es\/wp-content\/uploads\/2022\/04\/lab-gc413707f5_640.jpg 640w, https:\/\/www.ivo.es\/wp-content\/uploads\/2022\/04\/lab-gc413707f5_640-300x200.jpg 300w\" sizes=\"(max-width: 640px) 100vw, 640px\" \/><\/figure><div class=\"elementor-image-box-content\"><h3 class=\"elementor-image-box-title\">Unitat de Consell Gen\u00e8tic IVO<\/h3><p class=\"elementor-image-box-description\">L'objectiu del Consell Gen\u00e8tic \u00e9s identificar a aquelles persones portadores d'una mutaci\u00f3 patog\u00e8nica en gens.<\/p><\/div><\/div>\t\t\t\t<\/div>\n\t\t\t\t<\/div>\n\t\t\t\t<div class=\"elementor-element elementor-element-a625591 elementor-align-center animated-slow elementor-invisible elementor-widget elementor-widget-button\" data-id=\"a625591\" data-element_type=\"widget\" data-e-type=\"widget\" data-settings=\"{&quot;_animation&quot;:&quot;fadeIn&quot;}\" data-widget_type=\"button.default\">\n\t\t\t\t<div class=\"elementor-widget-container\">\n\t\t\t\t\t\t\t\t\t<div class=\"elementor-button-wrapper\">\n\t\t\t\t\t<a class=\"elementor-button elementor-button-link elementor-size-sm\" href=\"https:\/\/www.ivo.es\/quadre-medic\/serveis\/consell-genetic\/\">\n\t\t\t\t\t\t<span class=\"elementor-button-content-wrapper\">\n\t\t\t\t\t\t\t\t\t<span class=\"elementor-button-text\">Saber m\u00e9s<\/span>\n\t\t\t\t\t<\/span>\n\t\t\t\t\t<\/a>\n\t\t\t\t<\/div>\n\t\t\t\t\t\t\t\t<\/div>\n\t\t\t\t<\/div>\n\t\t\t\t\t<\/div>\n\t\t<\/div>\n\t\t\t\t\t<\/div>\n\t\t<\/section>\n\t\t\t\t\t<\/div>\n\t\t<\/div>\n\t\t\t\t\t<\/div>\n\t\t<\/section>\n\t\t\t\t<\/div>\n\t\t","protected":false},"excerpt":{"rendered":"<p>Previndre el c\u00e0ncer no \u00e9s centrar la vida en l\u2019objectiu d\u2019evitar la malaltia, sin\u00f3 disfrutar de la vida cuidant-nos. <\/p>\n","protected":false},"author":1,"featured_media":30013,"parent":0,"menu_order":0,"comment_status":"closed","ping_status":"closed","template":"","meta":{"_acf_changed":false,"om_disable_all_campaigns":false,"footnotes":""},"class_list":["post-30106","page","type-page","status-publish","has-post-thumbnail","hentry"],"acf":[],"aioseo_notices":[],"_links":{"self":[{"href":"https:\/\/www.ivo.es\/val\/wp-json\/wp\/v2\/pages\/30106","targetHints":{"allow":["GET"]}}],"collection":[{"href":"https:\/\/www.ivo.es\/val\/wp-json\/wp\/v2\/pages"}],"about":[{"href":"https:\/\/www.ivo.es\/val\/wp-json\/wp\/v2\/types\/page"}],"author":[{"embeddable":true,"href":"https:\/\/www.ivo.es\/val\/wp-json\/wp\/v2\/users\/1"}],"replies":[{"embeddable":true,"href":"https:\/\/www.ivo.es\/val\/wp-json\/wp\/v2\/comments?post=30106"}],"version-history":[{"count":7,"href":"https:\/\/www.ivo.es\/val\/wp-json\/wp\/v2\/pages\/30106\/revisions"}],"predecessor-version":[{"id":36773,"href":"https:\/\/www.ivo.es\/val\/wp-json\/wp\/v2\/pages\/30106\/revisions\/36773"}],"wp:featuredmedia":[{"embeddable":true,"href":"https:\/\/www.ivo.es\/val\/wp-json\/wp\/v2\/media\/30013"}],"wp:attachment":[{"href":"https:\/\/www.ivo.es\/val\/wp-json\/wp\/v2\/media?parent=30106"}],"curies":[{"name":"wp","href":"https:\/\/api.w.org\/{rel}","templated":true}]}}