{"id":30079,"date":"2022-05-07T18:16:18","date_gmt":"2022-05-07T18:16:18","guid":{"rendered":"https:\/\/www.ivo.es\/hormonoterapia\/"},"modified":"2022-06-09T12:08:37","modified_gmt":"2022-06-09T12:08:37","slug":"hormonoterapia","status":"publish","type":"page","link":"https:\/\/www.ivo.es\/val\/el-cancer\/tractament\/tractaments-sistemics\/hormonoterapia\/","title":{"rendered":"Hormonoter\u00e0pia"},"content":{"rendered":"\t\t<div data-elementor-type=\"wp-page\" data-elementor-id=\"30079\" class=\"elementor elementor-30079 elementor-24924\" data-elementor-post-type=\"page\">\n\t\t\t\t\t\t<section data-particle_enable=\"false\" data-particle-mobile-disabled=\"false\" class=\"elementor-section elementor-top-section elementor-element elementor-element-801071c elementor-section-boxed elementor-section-height-default elementor-section-height-default\" data-id=\"801071c\" data-element_type=\"section\" data-e-type=\"section\">\n\t\t\t\t\t\t<div class=\"elementor-container elementor-column-gap-default\">\n\t\t\t\t\t<div class=\"elementor-column elementor-col-100 elementor-top-column elementor-element elementor-element-ebdd9c7\" data-id=\"ebdd9c7\" data-element_type=\"column\" data-e-type=\"column\">\n\t\t\t<div class=\"elementor-widget-wrap elementor-element-populated\">\n\t\t\t\t\t\t<div class=\"elementor-element elementor-element-870b13d elementor-widget elementor-widget-text-editor\" data-id=\"870b13d\" data-element_type=\"widget\" data-e-type=\"widget\" data-widget_type=\"text-editor.default\">\n\t\t\t\t<div class=\"elementor-widget-container\">\n\t\t\t\t\t\t\t\t\tAlguns c\u00e0ncers s\u00f3n hormonodependents. A\u00e7\u00f2 suposa que necessiten determinades subst\u00e0ncies (les hormones) per a continuar creixent i dividir-se.\r\n\r\nPer a aix\u00f2, les c\u00e8l\u00b7lules tumorals requerixen receptors hormonals, que s\u00f3n unes prote\u00efnes a trav\u00e9s de les quals perceben la seua pres\u00e8ncia. Estudiant si un tumor t\u00e9 estos receptors o no, es pot saber si \u00e9s hormonodependent.\r\n\r\nL\u2019hormonoter\u00e0pia consistix a inhibir la producci\u00f3 hormonal o bloquejar l\u2019acci\u00f3 dels receptors per mitj\u00e0 de cirurgia, radioter\u00e0pia o f\u00e0rmacs.\r\n\r\nEn el cas de c\u00e0ncer de mama i pr\u00f2stata, sense els estr\u00f2gens en el primer cas, i la testosterona en el segon, els tumors moren.\t\t\t\t\t\t\t\t<\/div>\n\t\t\t\t<\/div>\n\t\t\t\t\t<\/div>\n\t\t<\/div>\n\t\t\t\t\t<\/div>\n\t\t<\/section>\n\t\t\t\t<section data-particle_enable=\"false\" data-particle-mobile-disabled=\"false\" class=\"elementor-section elementor-top-section elementor-element elementor-element-07288e0 elementor-section-boxed elementor-section-height-default elementor-section-height-default\" data-id=\"07288e0\" data-element_type=\"section\" data-e-type=\"section\">\n\t\t\t\t\t\t<div class=\"elementor-container elementor-column-gap-default\">\n\t\t\t\t\t<div class=\"elementor-column elementor-col-100 elementor-top-column elementor-element elementor-element-7f26e0e\" data-id=\"7f26e0e\" data-element_type=\"column\" data-e-type=\"column\">\n\t\t\t<div class=\"elementor-widget-wrap elementor-element-populated\">\n\t\t\t\t\t\t<div class=\"elementor-element elementor-element-78643ae elementor-widget elementor-widget-template\" data-id=\"78643ae\" data-element_type=\"widget\" data-e-type=\"widget\" data-widget_type=\"template.default\">\n\t\t\t\t<div class=\"elementor-widget-container\">\n\t\t\t\t\t\t\t<div class=\"elementor-template\">\n\t\t\t\t\t<div data-elementor-type=\"section\" data-elementor-id=\"31857\" class=\"elementor elementor-31857 elementor-27551 elementor-27551\" data-elementor-post-type=\"elementor_library\">\n\t\t\t\t\t<section data-particle_enable=\"false\" data-particle-mobile-disabled=\"false\" class=\"elementor-section elementor-top-section elementor-element elementor-element-581d532c elementor-section-boxed elementor-section-height-default elementor-section-height-default\" data-id=\"581d532c\" data-element_type=\"section\" data-e-type=\"section\">\n\t\t\t\t\t\t<div class=\"elementor-container elementor-column-gap-default\">\n\t\t\t\t\t<div class=\"elementor-column elementor-col-100 elementor-top-column elementor-element elementor-element-7ce5bc00\" data-id=\"7ce5bc00\" data-element_type=\"column\" data-e-type=\"column\">\n\t\t\t<div class=\"elementor-widget-wrap elementor-element-populated\">\n\t\t\t\t\t\t<section data-particle_enable=\"false\" data-particle-mobile-disabled=\"false\" class=\"elementor-section elementor-inner-section elementor-element elementor-element-3437eeae elementor-section-boxed elementor-section-height-default elementor-section-height-default\" data-id=\"3437eeae\" data-element_type=\"section\" data-e-type=\"section\">\n\t\t\t\t\t\t<div class=\"elementor-container elementor-column-gap-wider\">\n\t\t\t\t\t<div class=\"elementor-column elementor-col-50 elementor-inner-column elementor-element elementor-element-1f1dd615\" data-id=\"1f1dd615\" data-element_type=\"column\" data-e-type=\"column\" data-settings=\"{&quot;background_background&quot;:&quot;classic&quot;}\">\n\t\t\t<div class=\"elementor-widget-wrap elementor-element-populated\">\n\t\t\t\t\t\t<div class=\"elementor-element elementor-element-75c44d31 elementor-position-top elementor-widget elementor-widget-image-box\" data-id=\"75c44d31\" data-element_type=\"widget\" data-e-type=\"widget\" data-widget_type=\"image-box.default\">\n\t\t\t\t<div class=\"elementor-widget-container\">\n\t\t\t\t\t<div class=\"elementor-image-box-wrapper\"><figure class=\"elementor-image-box-img\"><img fetchpriority=\"high\" decoding=\"async\" width=\"640\" height=\"427\" src=\"https:\/\/www.ivo.es\/wp-content\/uploads\/2022\/05\/stethoscope-gf3c5ad9a6_640.jpg\" class=\"attachment-full size-full wp-image-23618\" alt=\"\" srcset=\"https:\/\/www.ivo.es\/wp-content\/uploads\/2022\/05\/stethoscope-gf3c5ad9a6_640.jpg 640w, https:\/\/www.ivo.es\/wp-content\/uploads\/2022\/05\/stethoscope-gf3c5ad9a6_640-300x200.jpg 300w\" sizes=\"(max-width: 640px) 100vw, 640px\" \/><\/figure><div class=\"elementor-image-box-content\"><h3 class=\"elementor-image-box-title\">Servicis m\u00e8dics<\/h3><p class=\"elementor-image-box-description\">L'especialitzaci\u00f3 en oncologia de l'IVO permet una estructura del servici organitzada per \u00e0rees assistencials segons el tipus de tumor.<\/p><\/div><\/div>\t\t\t\t<\/div>\n\t\t\t\t<\/div>\n\t\t\t\t<div class=\"elementor-element elementor-element-11a77716 elementor-align-center animated-slow elementor-invisible elementor-widget elementor-widget-button\" data-id=\"11a77716\" data-element_type=\"widget\" data-e-type=\"widget\" data-settings=\"{&quot;_animation&quot;:&quot;fadeIn&quot;}\" data-widget_type=\"button.default\">\n\t\t\t\t<div class=\"elementor-widget-container\">\n\t\t\t\t\t\t\t\t\t<div class=\"elementor-button-wrapper\">\n\t\t\t\t\t<a class=\"elementor-button elementor-button-link elementor-size-sm\" href=\"https:\/\/www.ivo.es\/val\/quadre-medic\/servicis\/\">\n\t\t\t\t\t\t<span class=\"elementor-button-content-wrapper\">\n\t\t\t\t\t\t\t\t\t<span class=\"elementor-button-text\">Veure m\u00e9s<\/span>\n\t\t\t\t\t<\/span>\n\t\t\t\t\t<\/a>\n\t\t\t\t<\/div>\n\t\t\t\t\t\t\t\t<\/div>\n\t\t\t\t<\/div>\n\t\t\t\t\t<\/div>\n\t\t<\/div>\n\t\t\t\t<div class=\"elementor-column elementor-col-50 elementor-inner-column elementor-element elementor-element-5a113716\" data-id=\"5a113716\" data-element_type=\"column\" data-e-type=\"column\" data-settings=\"{&quot;background_background&quot;:&quot;classic&quot;}\">\n\t\t\t<div class=\"elementor-widget-wrap elementor-element-populated\">\n\t\t\t\t\t\t<div class=\"elementor-element elementor-element-136eb9e6 elementor-position-top elementor-widget elementor-widget-image-box\" data-id=\"136eb9e6\" data-element_type=\"widget\" data-e-type=\"widget\" data-widget_type=\"image-box.default\">\n\t\t\t\t<div class=\"elementor-widget-container\">\n\t\t\t\t\t<div class=\"elementor-image-box-wrapper\"><figure class=\"elementor-image-box-img\"><img decoding=\"async\" width=\"640\" height=\"427\" src=\"https:\/\/www.ivo.es\/wp-content\/uploads\/2022\/05\/adult-gdb6159566_640.jpg\" class=\"attachment-full size-full wp-image-23612\" alt=\"\" srcset=\"https:\/\/www.ivo.es\/wp-content\/uploads\/2022\/05\/adult-gdb6159566_640.jpg 640w, https:\/\/www.ivo.es\/wp-content\/uploads\/2022\/05\/adult-gdb6159566_640-300x200.jpg 300w\" sizes=\"(max-width: 640px) 100vw, 640px\" \/><\/figure><div class=\"elementor-image-box-content\"><h3 class=\"elementor-image-box-title\">Comit\u00e9s de Tumors<\/h3><p class=\"elementor-image-box-description\">Els comit\u00e9s s\u00f3n la m\u00e0xima expressi\u00f3 de la medicina multidisciplin\u00e0ria. Estan formats per facultatius experts de les principals especialitats oncol\u00f2giques.<\/p><\/div><\/div>\t\t\t\t<\/div>\n\t\t\t\t<\/div>\n\t\t\t\t<div class=\"elementor-element elementor-element-505775ca elementor-align-center animated-slow elementor-invisible elementor-widget elementor-widget-button\" data-id=\"505775ca\" data-element_type=\"widget\" data-e-type=\"widget\" data-settings=\"{&quot;_animation&quot;:&quot;fadeIn&quot;}\" data-widget_type=\"button.default\">\n\t\t\t\t<div class=\"elementor-widget-container\">\n\t\t\t\t\t\t\t\t\t<div class=\"elementor-button-wrapper\">\n\t\t\t\t\t<a class=\"elementor-button elementor-button-link elementor-size-sm\" href=\"https:\/\/www.ivo.es\/val\/quadre-medic\/comites-de-tumors\/\">\n\t\t\t\t\t\t<span class=\"elementor-button-content-wrapper\">\n\t\t\t\t\t\t\t\t\t<span class=\"elementor-button-text\">Veure m\u00e9s<\/span>\n\t\t\t\t\t<\/span>\n\t\t\t\t\t<\/a>\n\t\t\t\t<\/div>\n\t\t\t\t\t\t\t\t<\/div>\n\t\t\t\t<\/div>\n\t\t\t\t\t<\/div>\n\t\t<\/div>\n\t\t\t\t\t<\/div>\n\t\t<\/section>\n\t\t\t\t\t<\/div>\n\t\t<\/div>\n\t\t\t\t\t<\/div>\n\t\t<\/section>\n\t\t\t\t<\/div>\n\t\t\t\t<\/div>\n\t\t\t\t\t\t<\/div>\n\t\t\t\t<\/div>\n\t\t\t\t\t<\/div>\n\t\t<\/div>\n\t\t\t\t\t<\/div>\n\t\t<\/section>\n\t\t\t\t<section data-particle_enable=\"false\" data-particle-mobile-disabled=\"false\" class=\"elementor-section elementor-top-section elementor-element elementor-element-458f8ee elementor-section-boxed elementor-section-height-default elementor-section-height-default\" data-id=\"458f8ee\" data-element_type=\"section\" data-e-type=\"section\">\n\t\t\t\t\t\t<div class=\"elementor-container elementor-column-gap-default\">\n\t\t\t\t\t<div class=\"elementor-column elementor-col-100 elementor-top-column elementor-element elementor-element-53f1145\" data-id=\"53f1145\" data-element_type=\"column\" data-e-type=\"column\">\n\t\t\t<div class=\"elementor-widget-wrap elementor-element-populated\">\n\t\t\t\t\t\t<div class=\"elementor-element elementor-element-6612d26 elementor-widget elementor-widget-template\" data-id=\"6612d26\" data-element_type=\"widget\" data-e-type=\"widget\" data-widget_type=\"template.default\">\n\t\t\t\t<div class=\"elementor-widget-container\">\n\t\t\t\t\t\t\t<div class=\"elementor-template\">\n\t\t\t\t\t<div data-elementor-type=\"section\" data-elementor-id=\"31276\" class=\"elementor elementor-31276 elementor-25270 elementor-25270\" data-elementor-post-type=\"elementor_library\">\n\t\t\t\t\t<section data-particle_enable=\"false\" data-particle-mobile-disabled=\"false\" class=\"elementor-section elementor-top-section elementor-element elementor-element-19688cd elementor-section-boxed elementor-section-height-default elementor-section-height-default\" data-id=\"19688cd\" data-element_type=\"section\" data-e-type=\"section\">\n\t\t\t\t\t\t<div class=\"elementor-container elementor-column-gap-default\">\n\t\t\t\t\t<div class=\"elementor-column elementor-col-100 elementor-top-column elementor-element elementor-element-03beacc\" data-id=\"03beacc\" data-element_type=\"column\" data-e-type=\"column\">\n\t\t\t<div class=\"elementor-widget-wrap elementor-element-populated\">\n\t\t\t\t\t\t<section data-particle_enable=\"false\" data-particle-mobile-disabled=\"false\" class=\"elementor-section elementor-inner-section elementor-element elementor-element-afd816a elementor-section-boxed elementor-section-height-default elementor-section-height-default\" data-id=\"afd816a\" data-element_type=\"section\" data-e-type=\"section\">\n\t\t\t\t\t\t<div class=\"elementor-container elementor-column-gap-wider\">\n\t\t\t\t\t<div class=\"elementor-column elementor-col-50 elementor-inner-column elementor-element elementor-element-9e5f806\" data-id=\"9e5f806\" data-element_type=\"column\" data-e-type=\"column\" data-settings=\"{&quot;background_background&quot;:&quot;classic&quot;}\">\n\t\t\t<div class=\"elementor-widget-wrap elementor-element-populated\">\n\t\t\t\t\t\t<div class=\"elementor-element elementor-element-93312d4 elementor-widget elementor-widget-heading\" data-id=\"93312d4\" data-element_type=\"widget\" data-e-type=\"widget\" data-widget_type=\"heading.default\">\n\t\t\t\t<div class=\"elementor-widget-container\">\n\t\t\t\t\t<h2 class=\"elementor-heading-title elementor-size-default\">Admissi\u00f3 i informaci\u00f3<\/h2>\t\t\t\t<\/div>\n\t\t\t\t<\/div>\n\t\t\t\t<div class=\"elementor-element elementor-element-ee2d6dc elementor-widget elementor-widget-text-editor\" data-id=\"ee2d6dc\" data-element_type=\"widget\" data-e-type=\"widget\" data-widget_type=\"text-editor.default\">\n\t\t\t\t<div class=\"elementor-widget-container\">\n\t\t\t\t\t\t\t\t\tQualsevol ciutad\u00e0 amb c\u00e0ncer o sospita oncol\u00f2gica acreditada pot sol\u00b7licitar ser pacient en l&#8217;Institut Valenci\u00e0 d&#8217;Oncologia.\r\n\r\nCom que es tracta d&#8217;un centre concertat, els pacients no han d&#8217;assumir cap cost pels tractaments.\t\t\t\t\t\t\t\t<\/div>\n\t\t\t\t<\/div>\n\t\t\t\t<div class=\"elementor-element elementor-element-f91cfb0 elementor-align-center animated-slow elementor-invisible elementor-widget elementor-widget-button\" data-id=\"f91cfb0\" data-element_type=\"widget\" data-e-type=\"widget\" data-settings=\"{&quot;_animation&quot;:&quot;fadeIn&quot;}\" data-widget_type=\"button.default\">\n\t\t\t\t<div class=\"elementor-widget-container\">\n\t\t\t\t\t\t\t\t\t<div class=\"elementor-button-wrapper\">\n\t\t\t\t\t<a class=\"elementor-button elementor-button-link elementor-size-sm\" href=\"https:\/\/www.ivo.es\/val\/atencio-al-pacient\/vull-ser-pacient\/\">\n\t\t\t\t\t\t<span class=\"elementor-button-content-wrapper\">\n\t\t\t\t\t\t\t\t\t<span class=\"elementor-button-text\">M\u00e9s informaci\u00f3<\/span>\n\t\t\t\t\t<\/span>\n\t\t\t\t\t<\/a>\n\t\t\t\t<\/div>\n\t\t\t\t\t\t\t\t<\/div>\n\t\t\t\t<\/div>\n\t\t\t\t\t<\/div>\n\t\t<\/div>\n\t\t\t\t<div class=\"elementor-column elementor-col-50 elementor-inner-column elementor-element elementor-element-b7789b4\" data-id=\"b7789b4\" data-element_type=\"column\" data-e-type=\"column\">\n\t\t\t<div class=\"elementor-widget-wrap elementor-element-populated\">\n\t\t\t\t\t\t<div class=\"elementor-element elementor-element-376a02f elementor-widget elementor-widget-image\" data-id=\"376a02f\" data-element_type=\"widget\" data-e-type=\"widget\" data-widget_type=\"image.default\">\n\t\t\t\t<div class=\"elementor-widget-container\">\n\t\t\t\t\t\t\t\t\t\t\t\t\t\t\t<img decoding=\"async\" width=\"1000\" height=\"710\" src=\"https:\/\/www.ivo.es\/wp-content\/uploads\/2022\/05\/Fachadablue01-e1651762108753.jpg\" class=\"attachment-full size-full wp-image-32229\" alt=\"\" srcset=\"https:\/\/www.ivo.es\/wp-content\/uploads\/2022\/05\/Fachadablue01-e1651762108753.jpg 1000w, https:\/\/www.ivo.es\/wp-content\/uploads\/2022\/05\/Fachadablue01-e1651762108753-300x213.jpg 300w, https:\/\/www.ivo.es\/wp-content\/uploads\/2022\/05\/Fachadablue01-e1651762108753-768x545.jpg 768w\" sizes=\"(max-width: 1000px) 100vw, 1000px\" \/>\t\t\t\t\t\t\t\t\t\t\t\t\t\t\t<\/div>\n\t\t\t\t<\/div>\n\t\t\t\t\t<\/div>\n\t\t<\/div>\n\t\t\t\t\t<\/div>\n\t\t<\/section>\n\t\t\t\t\t<\/div>\n\t\t<\/div>\n\t\t\t\t\t<\/div>\n\t\t<\/section>\n\t\t\t\t<\/div>\n\t\t\t\t<\/div>\n\t\t\t\t\t\t<\/div>\n\t\t\t\t<\/div>\n\t\t\t\t\t<\/div>\n\t\t<\/div>\n\t\t\t\t\t<\/div>\n\t\t<\/section>\n\t\t\t\t<\/div>\n\t\t","protected":false},"excerpt":{"rendered":"<p>Alguns c\u00e0ncers s\u00f3n hormonodependents. A\u00e7\u00f2 suposa que necessiten determinades subst\u00e0ncies (les hormones) per a continuar creixent i dividir-se. Per a aix\u00f2, les c\u00e8l\u00b7lules tumorals requerixen receptors hormonals, que s\u00f3n unes prote\u00efnes a trav\u00e9s de les quals perceben la seua pres\u00e8ncia. Estudiant si un tumor t\u00e9 estos receptors o no, es pot saber si \u00e9s hormonodependent. [&hellip;]<\/p>\n","protected":false},"author":1,"featured_media":30013,"parent":30090,"menu_order":0,"comment_status":"closed","ping_status":"closed","template":"","meta":{"_acf_changed":false,"om_disable_all_campaigns":false,"footnotes":""},"class_list":["post-30079","page","type-page","status-publish","has-post-thumbnail","hentry"],"acf":[],"aioseo_notices":[],"_links":{"self":[{"href":"https:\/\/www.ivo.es\/val\/wp-json\/wp\/v2\/pages\/30079","targetHints":{"allow":["GET"]}}],"collection":[{"href":"https:\/\/www.ivo.es\/val\/wp-json\/wp\/v2\/pages"}],"about":[{"href":"https:\/\/www.ivo.es\/val\/wp-json\/wp\/v2\/types\/page"}],"author":[{"embeddable":true,"href":"https:\/\/www.ivo.es\/val\/wp-json\/wp\/v2\/users\/1"}],"replies":[{"embeddable":true,"href":"https:\/\/www.ivo.es\/val\/wp-json\/wp\/v2\/comments?post=30079"}],"version-history":[{"count":1,"href":"https:\/\/www.ivo.es\/val\/wp-json\/wp\/v2\/pages\/30079\/revisions"}],"predecessor-version":[{"id":30080,"href":"https:\/\/www.ivo.es\/val\/wp-json\/wp\/v2\/pages\/30079\/revisions\/30080"}],"up":[{"embeddable":true,"href":"https:\/\/www.ivo.es\/val\/wp-json\/wp\/v2\/pages\/30090"}],"wp:featuredmedia":[{"embeddable":true,"href":"https:\/\/www.ivo.es\/val\/wp-json\/wp\/v2\/media\/30013"}],"wp:attachment":[{"href":"https:\/\/www.ivo.es\/val\/wp-json\/wp\/v2\/media?parent=30079"}],"curies":[{"name":"wp","href":"https:\/\/api.w.org\/{rel}","templated":true}]}}