{"id":30057,"date":"2022-04-23T07:03:07","date_gmt":"2022-04-23T05:03:07","guid":{"rendered":"https:\/\/www.ivo.es\/comites-de-tumors\/"},"modified":"2023-10-26T14:26:36","modified_gmt":"2023-10-26T12:26:36","slug":"comites-de-tumors","status":"publish","type":"page","link":"https:\/\/www.ivo.es\/val\/quadre-medic\/comites-de-tumors\/","title":{"rendered":"Comit\u00e9s de Tumors"},"content":{"rendered":"\t\t<div data-elementor-type=\"wp-page\" data-elementor-id=\"30057\" class=\"elementor elementor-30057 elementor-22488\" data-elementor-post-type=\"page\">\n\t\t\t\t\t\t<section data-particle_enable=\"false\" data-particle-mobile-disabled=\"false\" class=\"elementor-section elementor-top-section elementor-element elementor-element-4c7935b elementor-section-height-min-height elementor-section-boxed elementor-section-height-default elementor-section-items-middle\" data-id=\"4c7935b\" data-element_type=\"section\" data-e-type=\"section\" data-settings=\"{&quot;background_background&quot;:&quot;classic&quot;}\">\n\t\t\t\t\t\t\t<div class=\"elementor-background-overlay\"><\/div>\n\t\t\t\t\t\t\t<div class=\"elementor-container elementor-column-gap-default\">\n\t\t\t\t\t<div class=\"elementor-column elementor-col-100 elementor-top-column elementor-element elementor-element-2c7a4055\" data-id=\"2c7a4055\" data-element_type=\"column\" data-e-type=\"column\">\n\t\t\t<div class=\"elementor-widget-wrap elementor-element-populated\">\n\t\t\t\t\t\t<div class=\"elementor-element elementor-element-62e193e9 elementor-widget elementor-widget-heading\" data-id=\"62e193e9\" data-element_type=\"widget\" data-e-type=\"widget\" data-widget_type=\"heading.default\">\n\t\t\t\t<div class=\"elementor-widget-container\">\n\t\t\t\t\t<h2 class=\"elementor-heading-title elementor-size-default\">Comit\u00e9s de Tumors<\/h2>\t\t\t\t<\/div>\n\t\t\t\t<\/div>\n\t\t\t\t\t<\/div>\n\t\t<\/div>\n\t\t\t\t\t<\/div>\n\t\t<\/section>\n\t\t\t\t<section data-particle_enable=\"false\" data-particle-mobile-disabled=\"false\" class=\"elementor-section elementor-top-section elementor-element elementor-element-ea555d5 elementor-section-boxed elementor-section-height-default elementor-section-height-default\" data-id=\"ea555d5\" data-element_type=\"section\" data-e-type=\"section\">\n\t\t\t\t\t\t<div class=\"elementor-container elementor-column-gap-default\">\n\t\t\t\t\t<div class=\"elementor-column elementor-col-100 elementor-top-column elementor-element elementor-element-1c0e5c1\" data-id=\"1c0e5c1\" data-element_type=\"column\" data-e-type=\"column\">\n\t\t\t<div class=\"elementor-widget-wrap elementor-element-populated\">\n\t\t\t\t\t\t<section data-particle_enable=\"false\" data-particle-mobile-disabled=\"false\" class=\"elementor-section elementor-inner-section elementor-element elementor-element-2a4b4c2 elementor-section-boxed elementor-section-height-default elementor-section-height-default\" data-id=\"2a4b4c2\" data-element_type=\"section\" data-e-type=\"section\">\n\t\t\t\t\t\t<div class=\"elementor-container elementor-column-gap-default\">\n\t\t\t\t\t<div class=\"elementor-column elementor-col-50 elementor-inner-column elementor-element elementor-element-11359b9\" data-id=\"11359b9\" data-element_type=\"column\" data-e-type=\"column\">\n\t\t\t<div class=\"elementor-widget-wrap elementor-element-populated\">\n\t\t\t\t\t\t<div class=\"elementor-element elementor-element-ee7bcda elementor-widget elementor-widget-heading\" data-id=\"ee7bcda\" data-element_type=\"widget\" data-e-type=\"widget\" data-widget_type=\"heading.default\">\n\t\t\t\t<div class=\"elementor-widget-container\">\n\t\t\t\t\t<h2 class=\"elementor-heading-title elementor-size-default\">La m\u00e0xima expressi\u00f3 de la medicina multidisciplin\u00e0ria<\/h2>\t\t\t\t<\/div>\n\t\t\t\t<\/div>\n\t\t\t\t<div class=\"elementor-element elementor-element-433e817 elementor-widget elementor-widget-text-editor\" data-id=\"433e817\" data-element_type=\"widget\" data-e-type=\"widget\" data-widget_type=\"text-editor.default\">\n\t\t\t\t<div class=\"elementor-widget-container\">\n\t\t\t\t\t\t\t\t\tUn comit\u00e9 de tumors \u00e9s un conjunt de professionals format per un equip multidisciplinari de facultatius, amb reunions peri\u00f2diques que es regulen amb uns protocols establits. En l&#8217;IVO existeixen deu comit\u00e9s de tumors, experts de les principals especialitats segons el tipus de tumor: oncologia m\u00e8dica, oncologia radioter\u00e0pica, cirurgia, urologia, dermatologia, radiodiagn\u00f2stic, medicina nuclear, anatomia patol\u00f2gica, biologia molecular, psicologia, infermeria, etc.\r\n\r\nEl proc\u00e9s oncol\u00f2gic \u00e9s molt complex i com la resposta no \u00e9s \u00fanica, la soluci\u00f3 tampoc pot ser \u00fanica. Cada pacient requereix respostes i estrat\u00e8gies terap\u00e8utiques individuals. Ser\u00e0 l&#8217;equip m\u00e8dic i els diferents Comit\u00e9s de Tumors els qui estudien les diferents estrat\u00e8gies terap\u00e8utiques i decidisquen entre tots els tractaments l&#8217;\u00f2ptim o la combinaci\u00f3 m\u00e9s efica\u00e7, d&#8217;una forma personalitzada per a cada pacient.\t\t\t\t\t\t\t\t<\/div>\n\t\t\t\t<\/div>\n\t\t\t\t\t<\/div>\n\t\t<\/div>\n\t\t\t\t<div class=\"elementor-column elementor-col-50 elementor-inner-column elementor-element elementor-element-26067d1\" data-id=\"26067d1\" data-element_type=\"column\" data-e-type=\"column\">\n\t\t\t<div class=\"elementor-widget-wrap elementor-element-populated\">\n\t\t\t\t\t\t<div class=\"elementor-element elementor-element-993a2c5 elementor-widget elementor-widget-image\" data-id=\"993a2c5\" data-element_type=\"widget\" data-e-type=\"widget\" data-widget_type=\"image.default\">\n\t\t\t\t<div class=\"elementor-widget-container\">\n\t\t\t\t\t\t\t\t\t\t\t\t\t\t\t<img fetchpriority=\"high\" decoding=\"async\" width=\"640\" height=\"480\" src=\"https:\/\/www.ivo.es\/wp-content\/uploads\/2023\/10\/Comite-de-tumores-de-mama-1-1024x768.jpg\" class=\"attachment-large size-large wp-image-36797\" alt=\"\" srcset=\"https:\/\/www.ivo.es\/wp-content\/uploads\/2023\/10\/Comite-de-tumores-de-mama-1-1024x768.jpg 1024w, https:\/\/www.ivo.es\/wp-content\/uploads\/2023\/10\/Comite-de-tumores-de-mama-1-300x225.jpg 300w, https:\/\/www.ivo.es\/wp-content\/uploads\/2023\/10\/Comite-de-tumores-de-mama-1-768x576.jpg 768w, https:\/\/www.ivo.es\/wp-content\/uploads\/2023\/10\/Comite-de-tumores-de-mama-1-1536x1152.jpg 1536w, https:\/\/www.ivo.es\/wp-content\/uploads\/2023\/10\/Comite-de-tumores-de-mama-1-2048x1536.jpg 2048w, https:\/\/www.ivo.es\/wp-content\/uploads\/2023\/10\/Comite-de-tumores-de-mama-1-1067x800.jpg 1067w\" sizes=\"(max-width: 640px) 100vw, 640px\" \/>\t\t\t\t\t\t\t\t\t\t\t\t\t\t\t<\/div>\n\t\t\t\t<\/div>\n\t\t\t\t\t<\/div>\n\t\t<\/div>\n\t\t\t\t\t<\/div>\n\t\t<\/section>\n\t\t\t\t<div class=\"elementor-element elementor-element-1c521f2 elementor-widget elementor-widget-text-editor\" data-id=\"1c521f2\" data-element_type=\"widget\" data-e-type=\"widget\" data-widget_type=\"text-editor.default\">\n\t\t\t\t<div class=\"elementor-widget-container\">\n\t\t\t\t\t\t\t\t\tL&#8217;IVO compta amb els seg\u00fcents Comit\u00e9s de Tumors segons la localitzaci\u00f3 del c\u00e0ncer:\t\t\t\t\t\t\t\t<\/div>\n\t\t\t\t<\/div>\n\t\t\t\t<div class=\"elementor-element elementor-element-9137b25 elementor-widget elementor-widget-eael-adv-accordion\" data-id=\"9137b25\" data-element_type=\"widget\" data-e-type=\"widget\" data-widget_type=\"eael-adv-accordion.default\">\n\t\t\t\t<div class=\"elementor-widget-container\">\n\t\t\t\t\t            <div class=\"eael-adv-accordion\" id=\"eael-adv-accordion-9137b25\" data-scroll-on-click=\"no\" data-scroll-speed=\"300\" data-accordion-id=\"9137b25\" data-accordion-type=\"accordion\" data-toogle-speed=\"300\">\n            <div class=\"eael-accordion-list\">\n\t\t\t\t\t<div id=\"comit-de-tumors-de-cap-i-coll\" class=\"elementor-tab-title eael-accordion-header\" tabindex=\"0\" data-tab=\"1\" aria-controls=\"elementor-tab-content-1521\"><i aria-hidden=\"true\" class=\"fa-toggle fas fa-angle-right\"><\/i><span class=\"eael-accordion-tab-title\">Comit\u00e9 de Tumors de Cap i Coll<\/span><\/div><div id=\"elementor-tab-content-1521\" class=\"eael-accordion-content clearfix\" data-tab=\"1\" aria-labelledby=\"comit-de-tumors-de-cap-i-coll\"><p><strong>C\u00e0ncer de laringe, c\u00e0ncer de tiroides i altres\u00a0<\/strong><\/p><p>ANATOMIA PATOL\u00d2GICA<br \/>BIOLOGIA MOL\u00b7LECULAR<br \/>CIRURGIA GENERAL I DIGESTIVA<br \/>CIRURGIA TOR\u00c0CICA<br \/>DERMATOLOG\u00cdA<br \/>INFERMERA<br \/>FISIOTER\u00c0PIA<br \/>MEDICINA NUCLEAR<br \/>NEUROCIRURGIA<br \/>ONCOLOGIA M\u00c8DICA<br \/>ONCOLOGIA RADIOTER\u00c0PICA<br \/>OTORINOLARINGOLOG\u00cdA<br \/>PSICO-ONCOLOGIA<br \/>RADIODIAGN\u00d2STIC<br \/>TRAUMATOLOGIA<\/p><\/div>\n\t\t\t\t\t<\/div><div class=\"eael-accordion-list\">\n\t\t\t\t\t<div id=\"comit-de-tumors-de-cervell\" class=\"elementor-tab-title eael-accordion-header\" tabindex=\"0\" data-tab=\"2\" aria-controls=\"elementor-tab-content-1522\"><i aria-hidden=\"true\" class=\"fa-toggle fas fa-angle-right\"><\/i><span class=\"eael-accordion-tab-title\">Comit\u00e9 de Tumors de Cervell<\/span><\/div><div id=\"elementor-tab-content-1522\" class=\"eael-accordion-content clearfix\" data-tab=\"2\" aria-labelledby=\"comit-de-tumors-de-cervell\"><p><strong>Tumors del sistema nervi\u00f3s central<\/strong><\/p><p>ANATOMIA PATOL\u00d2GICA<br \/>BIOLOGIA MOL\u00b7LECULAR<br \/>INFERMERIA<br \/>MEDICINA NUCLEAR<br \/>NEUROCIRURGIA<br \/>ONCOLOGIA M\u00c8DICA<br \/>ONCOLOGIA RADIOTER\u00c0PICA<br \/>RADIODIAGN\u00d2STIC<br \/>RADIOF\u00cdSICA I PROTECCI\u00d3 RADIOL\u00d2GICA<\/p><p>N<\/p><\/div>\n\t\t\t\t\t<\/div><div class=\"eael-accordion-list\">\n\t\t\t\t\t<div id=\"comit-de-tumors-digestiu\" class=\"elementor-tab-title eael-accordion-header\" tabindex=\"0\" data-tab=\"3\" aria-controls=\"elementor-tab-content-1523\"><i aria-hidden=\"true\" class=\"fa-toggle fas fa-angle-right\"><\/i><span class=\"eael-accordion-tab-title\">Comit\u00e9 de Tumors Digestiu<\/span><\/div><div id=\"elementor-tab-content-1523\" class=\"eael-accordion-content clearfix\" data-tab=\"3\" aria-labelledby=\"comit-de-tumors-digestiu\"><p><strong>C\u00e0ncer colorectal, c\u00e0ncer d\u2019est\u00f3mac, cencer de fetge, c\u00e0ncer de p\u00e0ncrees, c\u00e0ncer de es\u00e0fag, c\u00e0ncer de ves\u00edcula biliar i c\u00e0ncer de vies biliars<\/strong><\/p><p>ANATOMIA PATOL\u00d2GICA<br \/>BIOLOGIA MOL\u00b7LECULAR<br \/>CIRURGIA GENERAL I DIGESTIVA<br \/>DIGESTIU<br \/>INFERMERIA<br \/>ONCOLOGIA M\u00c8DICA<br \/>ONCOLOGIA RADIOTER\u00c0PICA<br \/>PSICO-ONCOLOGIA<br \/>RADIODIAGN\u00d2STICO<br \/>RADIOF\u00cdSICA I PROTECCI\u00d3 RADIOL\u00d2GICA<\/p><p>\u00a0<\/p><\/div>\n\t\t\t\t\t<\/div><div class=\"eael-accordion-list\">\n\t\t\t\t\t<div id=\"comit-de-tumors-ginecolgics\" class=\"elementor-tab-title eael-accordion-header\" tabindex=\"0\" data-tab=\"4\" aria-controls=\"elementor-tab-content-1524\"><i aria-hidden=\"true\" class=\"fa-toggle fas fa-angle-right\"><\/i><span class=\"eael-accordion-tab-title\">Comit\u00e9 de Tumors Ginecol\u00f2gics<\/span><\/div><div id=\"elementor-tab-content-1524\" class=\"eael-accordion-content clearfix\" data-tab=\"4\" aria-labelledby=\"comit-de-tumors-ginecolgics\"><p><strong>C\u00e0ncer d\u2019ovario, c\u00e0ncer d\u2019\u00fater-c\u00e9rvix i c\u00e0ncer de vagina<\/strong><\/p><p>ANATOMIA PATOL\u00d2GICA<br \/>BIOLOGIA MOL\u00b7LECULAR<br \/>CIRURGIA GENERAL I DIGESTIVA<br \/>INFERMERIA<br \/>FISIOTER\u00c0PIA<br \/>GINECOLOGIA<br \/>HEMATOLOGIA<br \/>ONCOLOGIA M\u00c8DICA<br \/>ONCOLOGIA RADIOTER\u00c0PICA<br \/>OTORINOLARINGOLOG\u00cdA<br \/>PSICO-ONCOLOG\u00cdA<br \/>RADIODIAGN\u00d3STICO<br \/>UROLOG\u00cdA<br \/>DOMICILI\u00c0RIA<\/p><\/div>\n\t\t\t\t\t<\/div><div class=\"eael-accordion-list\">\n\t\t\t\t\t<div id=\"comit-de-tumors-hematolgics\" class=\"elementor-tab-title eael-accordion-header\" tabindex=\"0\" data-tab=\"5\" aria-controls=\"elementor-tab-content-1525\"><i aria-hidden=\"true\" class=\"fa-toggle fas fa-angle-right\"><\/i><span class=\"eael-accordion-tab-title\">Comit\u00e9 de Tumors Hematol\u00f2gics<\/span><\/div><div id=\"elementor-tab-content-1525\" class=\"eael-accordion-content clearfix\" data-tab=\"5\" aria-labelledby=\"comit-de-tumors-hematolgics\"><p><strong>Limfoma, leuc\u00e8mia i mieloma m\u00faltiple<\/strong><\/p><p>ANATOMIA PATOL\u00d2GICA<br \/>DERMATOLOGIA<br \/>INFERMERIA<br \/>HEMATOLOGIA<br \/>MEDICINA NUCLEAR<br \/>ONCOLOGIA M\u00c8DICA<br \/>ONCOLOGIA RADIOTER\u00c0PICA<br \/>PSICO-ONCOLOGIA<br \/>RADIODIAGN\u00d2STIC<\/p><\/div>\n\t\t\t\t\t<\/div><div class=\"eael-accordion-list\">\n\t\t\t\t\t<div id=\"comit-de-tumors-mama\" class=\"elementor-tab-title eael-accordion-header\" tabindex=\"0\" data-tab=\"6\" aria-controls=\"elementor-tab-content-1526\"><i aria-hidden=\"true\" class=\"fa-toggle fas fa-angle-right\"><\/i><span class=\"eael-accordion-tab-title\">Comit\u00e9 de Tumors Mama<\/span><\/div><div id=\"elementor-tab-content-1526\" class=\"eael-accordion-content clearfix\" data-tab=\"6\" aria-labelledby=\"comit-de-tumors-mama\"><p>ANATOMIA PATOL\u00d2GICA<br \/>BIOLOGIA MOL\u00b7LECULAR<br \/>CIRURGIA GENERAL I DIGESTIVA<br \/>INFERMERIA<br \/>FISIOTER\u00c0PIA<br \/>GINECOLOGIA<br \/>MEDICINA NUCLEAR<br \/>ONCOLOGIA M\u00c8DICA<br \/>ONCOLOGIA RADIOTER\u00c0PICA<br \/>PSICO-ONCOLOGIA<br \/>RADIODIAGN\u00d2STIC<br \/>DOMICILI\u00c0RIA<br \/>UNITAT DE DIAGN\u00d2STICO PRECO\u00c7<\/p><\/div>\n\t\t\t\t\t<\/div><div class=\"eael-accordion-list\">\n\t\t\t\t\t<div id=\"comit-de-tumors-melanoma\" class=\"elementor-tab-title eael-accordion-header\" tabindex=\"0\" data-tab=\"7\" aria-controls=\"elementor-tab-content-1527\"><i aria-hidden=\"true\" class=\"fa-toggle fas fa-angle-right\"><\/i><span class=\"eael-accordion-tab-title\">Comit\u00e9 de Tumors Melanoma<\/span><\/div><div id=\"elementor-tab-content-1527\" class=\"eael-accordion-content clearfix\" data-tab=\"7\" aria-labelledby=\"comit-de-tumors-melanoma\"><p>ANATOMIA PATOL\u00d2GICA<br \/>BIOLOG\u00cdA MOL\u00b7LECULAR<br \/>CIRURGIA GENERAL I DIGESTIVA<br \/>CIRURGIA TOR\u00c0CICA<br \/>DERMATOLOGIA<br \/>MEDICINA NUCLEAR<br \/>ONCOLOGIA M\u00c8DICA<br \/>ONCOLOGIA RADIOTER\u00c0PICA<br \/>OTORINOLARINGOLOGIA<br \/>RADIODIAGN\u00d2STIC<br \/>INFERMERIA<\/p><\/div>\n\t\t\t\t\t<\/div><div class=\"eael-accordion-list\">\n\t\t\t\t\t<div id=\"comit-de-tumors-pulm\" class=\"elementor-tab-title eael-accordion-header\" tabindex=\"0\" data-tab=\"8\" aria-controls=\"elementor-tab-content-1528\"><i aria-hidden=\"true\" class=\"fa-toggle fas fa-angle-right\"><\/i><span class=\"eael-accordion-tab-title\">Comit\u00e9 de Tumors Pulm\u00f3<\/span><\/div><div id=\"elementor-tab-content-1528\" class=\"eael-accordion-content clearfix\" data-tab=\"8\" aria-labelledby=\"comit-de-tumors-pulm\"><p>ANATOMIA PATOL\u00d2GICA<br \/>BIOLOG\u00cdA MOL\u00b7LECULAR<br \/>CIRURGIA TOR\u00c0CICA<br \/>INFERMERIA<br \/>FISIOTER\u00c0PIA<br \/>MEDICINA NUCLEAR<br \/>NEUMOLOGIA<br \/>ONCOLOGIA M\u00c8DICA<br \/>ONCOLOGIA RADIOTER\u00c0PICA<br \/>PSICO-ONCOLOGIA<br \/>RADIODIAGN\u00d2STICO<br \/>RADIOF\u00cdSICA I PROTECCI\u00d3 RADIOL\u00d2GICA<br \/>DOMICILI\u00c0RIA<\/p><\/div>\n\t\t\t\t\t<\/div><div class=\"eael-accordion-list\">\n\t\t\t\t\t<div id=\"comit-de-tumors-sarcomas\" class=\"elementor-tab-title eael-accordion-header\" tabindex=\"0\" data-tab=\"9\" aria-controls=\"elementor-tab-content-1529\"><i aria-hidden=\"true\" class=\"fa-toggle fas fa-angle-right\"><\/i><span class=\"eael-accordion-tab-title\">Comit\u00e9 de Tumors Sarcomas<\/span><\/div><div id=\"elementor-tab-content-1529\" class=\"eael-accordion-content clearfix\" data-tab=\"9\" aria-labelledby=\"comit-de-tumors-sarcomas\"><p><strong>Sarcoma partes blanes i osteosarcoma<\/strong><\/p><p>ANATOMIA PATOL\u00d3GICA<br \/>CIRUTGIA GENERAL I DIGESTIVA<br \/>DERMATOLOGIA<br \/>INFERMERIA<br \/>ONCOLOGIA M\u00c8DICA<br \/>ONCOLOGIA RADIOTER\u00c0PICA<br \/>RADIODIAGN\u00d2STIC<br \/>TRAUMATOLOGIA<\/p><\/div>\n\t\t\t\t\t<\/div><div class=\"eael-accordion-list\">\n\t\t\t\t\t<div id=\"comit-de-tumors-urolgics\" class=\"elementor-tab-title eael-accordion-header\" tabindex=\"0\" data-tab=\"10\" aria-controls=\"elementor-tab-content-15210\"><i aria-hidden=\"true\" class=\"fa-toggle fas fa-angle-right\"><\/i><span class=\"eael-accordion-tab-title\">Comit\u00e9 de Tumors Urol\u00f2gics<\/span><\/div><div id=\"elementor-tab-content-15210\" class=\"eael-accordion-content clearfix\" data-tab=\"10\" aria-labelledby=\"comit-de-tumors-urolgics\"><p><strong>C\u00e1ncer de pr\u00f2stata, c\u00e0ncer de bufeta, c\u00e0ncer de testicle i c\u00e0ncer de reny\u00f3<\/strong><\/p><p>ANATOMIA PATOL\u00d2GICA<br \/>BIOLOGIA MOL\u00b7LECULAR<br \/>ONCOLOGIA M\u00c8DICA<br \/>ONCOLOGIA RADIOTER\u00c0PICA<br \/>INFERMERIA<br \/>PSICO-ONCOLOGIA<br \/>RADIODIAGN\u00d2STICO<br \/>UROLOGIA<\/p><\/div>\n\t\t\t\t\t<\/div><\/div>\t\t\t\t<\/div>\n\t\t\t\t<\/div>\n\t\t\t\t<div class=\"elementor-element elementor-element-3c112f4 elementor-posts--thumbnail-none elementor-grid-2 elementor-grid-tablet-2 elementor-grid-mobile-1 elementor-card-shadow-yes elementor-posts__hover-gradient elementor-widget elementor-widget-posts\" data-id=\"3c112f4\" data-element_type=\"widget\" data-e-type=\"widget\" data-settings=\"{&quot;cards_columns&quot;:&quot;2&quot;,&quot;cards_columns_tablet&quot;:&quot;2&quot;,&quot;cards_columns_mobile&quot;:&quot;1&quot;,&quot;cards_row_gap&quot;:{&quot;unit&quot;:&quot;px&quot;,&quot;size&quot;:35,&quot;sizes&quot;:[]},&quot;cards_row_gap_tablet&quot;:{&quot;unit&quot;:&quot;px&quot;,&quot;size&quot;:&quot;&quot;,&quot;sizes&quot;:[]},&quot;cards_row_gap_mobile&quot;:{&quot;unit&quot;:&quot;px&quot;,&quot;size&quot;:&quot;&quot;,&quot;sizes&quot;:[]}}\" data-widget_type=\"posts.cards\">\n\t\t\t\t<div class=\"elementor-widget-container\">\n\t\t\t\t\t\t\t<div class=\"elementor-posts-container elementor-posts elementor-posts--skin-cards elementor-grid\" role=\"list\">\n\t\t\t\t<article class=\"elementor-post elementor-grid-item post-34646 gs_comitee type-gs_comitee status-publish hentry\" role=\"listitem\">\n\t\t\t<div class=\"elementor-post__card\">\n\t\t\t\t<div class=\"elementor-post__text\">\n\t\t\t\t<h3 class=\"elementor-post__title\">\n\t\t\t<a href=\"https:\/\/www.ivo.es\/val\/cuadro-medico\/comites-de-tumores\/comite-de-tumors-de-cap-i-coll\/\" >\n\t\t\t\tComit\u00e9 de Tumors de Cap i Coll\t\t\t<\/a>\n\t\t<\/h3>\n\t\t\n\t\t<a class=\"elementor-post__read-more\" href=\"https:\/\/www.ivo.es\/val\/cuadro-medico\/comites-de-tumores\/comite-de-tumors-de-cap-i-coll\/\" aria-label=\"Read more about Comit\u00e9 de Tumors de Cap i Coll\" tabindex=\"-1\" >\n\t\t\tVer\t\t<\/a>\n\n\t\t\t\t<\/div>\n\t\t\t\t\t<\/div>\n\t\t<\/article>\n\t\t\t\t<article class=\"elementor-post elementor-grid-item post-34645 gs_comitee type-gs_comitee status-publish hentry\" role=\"listitem\">\n\t\t\t<div class=\"elementor-post__card\">\n\t\t\t\t<div class=\"elementor-post__text\">\n\t\t\t\t<h3 class=\"elementor-post__title\">\n\t\t\t<a href=\"https:\/\/www.ivo.es\/val\/cuadro-medico\/comites-de-tumores\/comite-de-tumors-cerebrals\/\" >\n\t\t\t\tComit\u00e9 de Tumors Cerebrals\t\t\t<\/a>\n\t\t<\/h3>\n\t\t\n\t\t<a class=\"elementor-post__read-more\" href=\"https:\/\/www.ivo.es\/val\/cuadro-medico\/comites-de-tumores\/comite-de-tumors-cerebrals\/\" aria-label=\"Read more about Comit\u00e9 de Tumors Cerebrals\" tabindex=\"-1\" >\n\t\t\tVer\t\t<\/a>\n\n\t\t\t\t<\/div>\n\t\t\t\t\t<\/div>\n\t\t<\/article>\n\t\t\t\t<article class=\"elementor-post elementor-grid-item post-34644 gs_comitee type-gs_comitee status-publish hentry\" role=\"listitem\">\n\t\t\t<div class=\"elementor-post__card\">\n\t\t\t\t<div class=\"elementor-post__text\">\n\t\t\t\t<h3 class=\"elementor-post__title\">\n\t\t\t<a href=\"https:\/\/www.ivo.es\/val\/cuadro-medico\/comites-de-tumores\/comite-de-tumors-digestius\/\" >\n\t\t\t\tComit\u00e9 de Tumors Digestius\t\t\t<\/a>\n\t\t<\/h3>\n\t\t\n\t\t<a class=\"elementor-post__read-more\" href=\"https:\/\/www.ivo.es\/val\/cuadro-medico\/comites-de-tumores\/comite-de-tumors-digestius\/\" aria-label=\"Read more about Comit\u00e9 de Tumors Digestius\" tabindex=\"-1\" >\n\t\t\tVer\t\t<\/a>\n\n\t\t\t\t<\/div>\n\t\t\t\t\t<\/div>\n\t\t<\/article>\n\t\t\t\t<article class=\"elementor-post elementor-grid-item post-34643 gs_comitee type-gs_comitee status-publish hentry\" role=\"listitem\">\n\t\t\t<div class=\"elementor-post__card\">\n\t\t\t\t<div class=\"elementor-post__text\">\n\t\t\t\t<h3 class=\"elementor-post__title\">\n\t\t\t<a href=\"https:\/\/www.ivo.es\/val\/cuadro-medico\/comites-de-tumores\/comite-de-tumors-ginecologics\/\" >\n\t\t\t\tComit\u00e9 de Tumors Ginecol\u00f2gics\t\t\t<\/a>\n\t\t<\/h3>\n\t\t\n\t\t<a class=\"elementor-post__read-more\" href=\"https:\/\/www.ivo.es\/val\/cuadro-medico\/comites-de-tumores\/comite-de-tumors-ginecologics\/\" aria-label=\"Read more about Comit\u00e9 de Tumors Ginecol\u00f2gics\" tabindex=\"-1\" >\n\t\t\tVer\t\t<\/a>\n\n\t\t\t\t<\/div>\n\t\t\t\t\t<\/div>\n\t\t<\/article>\n\t\t\t\t<article class=\"elementor-post elementor-grid-item post-34642 gs_comitee type-gs_comitee status-publish hentry\" role=\"listitem\">\n\t\t\t<div class=\"elementor-post__card\">\n\t\t\t\t<div class=\"elementor-post__text\">\n\t\t\t\t<h3 class=\"elementor-post__title\">\n\t\t\t<a href=\"https:\/\/www.ivo.es\/val\/cuadro-medico\/comites-de-tumores\/comite-de-tumors-hematologics\/\" >\n\t\t\t\tComit\u00e9 de Tumors Hematol\u00f2gics\t\t\t<\/a>\n\t\t<\/h3>\n\t\t\n\t\t<a class=\"elementor-post__read-more\" href=\"https:\/\/www.ivo.es\/val\/cuadro-medico\/comites-de-tumores\/comite-de-tumors-hematologics\/\" aria-label=\"Read more about Comit\u00e9 de Tumors Hematol\u00f2gics\" tabindex=\"-1\" >\n\t\t\tVer\t\t<\/a>\n\n\t\t\t\t<\/div>\n\t\t\t\t\t<\/div>\n\t\t<\/article>\n\t\t\t\t<article class=\"elementor-post elementor-grid-item post-34641 gs_comitee type-gs_comitee status-publish hentry\" role=\"listitem\">\n\t\t\t<div class=\"elementor-post__card\">\n\t\t\t\t<div class=\"elementor-post__text\">\n\t\t\t\t<h3 class=\"elementor-post__title\">\n\t\t\t<a href=\"https:\/\/www.ivo.es\/val\/cuadro-medico\/comites-de-tumores\/comite-de-tumors-de-mama\/\" >\n\t\t\t\tComit\u00e9 de Tumors de Mama\t\t\t<\/a>\n\t\t<\/h3>\n\t\t\n\t\t<a class=\"elementor-post__read-more\" href=\"https:\/\/www.ivo.es\/val\/cuadro-medico\/comites-de-tumores\/comite-de-tumors-de-mama\/\" aria-label=\"Read more about Comit\u00e9 de Tumors de Mama\" tabindex=\"-1\" >\n\t\t\tVer\t\t<\/a>\n\n\t\t\t\t<\/div>\n\t\t\t\t\t<\/div>\n\t\t<\/article>\n\t\t\t\t<article class=\"elementor-post elementor-grid-item post-34640 gs_comitee type-gs_comitee status-publish hentry\" role=\"listitem\">\n\t\t\t<div class=\"elementor-post__card\">\n\t\t\t\t<div class=\"elementor-post__text\">\n\t\t\t\t<h3 class=\"elementor-post__title\">\n\t\t\t<a href=\"https:\/\/www.ivo.es\/val\/cuadro-medico\/comites-de-tumores\/comite-de-tumors-de-melanoma\/\" >\n\t\t\t\tComit\u00e9 de Tumors de Melanoma\t\t\t<\/a>\n\t\t<\/h3>\n\t\t\n\t\t<a class=\"elementor-post__read-more\" href=\"https:\/\/www.ivo.es\/val\/cuadro-medico\/comites-de-tumores\/comite-de-tumors-de-melanoma\/\" aria-label=\"Read more about Comit\u00e9 de Tumors de Melanoma\" tabindex=\"-1\" >\n\t\t\tVer\t\t<\/a>\n\n\t\t\t\t<\/div>\n\t\t\t\t\t<\/div>\n\t\t<\/article>\n\t\t\t\t<article class=\"elementor-post elementor-grid-item post-34639 gs_comitee type-gs_comitee status-publish hentry\" role=\"listitem\">\n\t\t\t<div class=\"elementor-post__card\">\n\t\t\t\t<div class=\"elementor-post__text\">\n\t\t\t\t<h3 class=\"elementor-post__title\">\n\t\t\t<a href=\"https:\/\/www.ivo.es\/val\/cuadro-medico\/comites-de-tumores\/comite-de-tumors-de-pulmo\/\" >\n\t\t\t\tComit\u00e9 de Tumors de Pulm\u00f3\t\t\t<\/a>\n\t\t<\/h3>\n\t\t\n\t\t<a class=\"elementor-post__read-more\" href=\"https:\/\/www.ivo.es\/val\/cuadro-medico\/comites-de-tumores\/comite-de-tumors-de-pulmo\/\" aria-label=\"Read more about Comit\u00e9 de Tumors de Pulm\u00f3\" tabindex=\"-1\" >\n\t\t\tVer\t\t<\/a>\n\n\t\t\t\t<\/div>\n\t\t\t\t\t<\/div>\n\t\t<\/article>\n\t\t\t\t<article class=\"elementor-post elementor-grid-item post-34638 gs_comitee type-gs_comitee status-publish hentry\" role=\"listitem\">\n\t\t\t<div class=\"elementor-post__card\">\n\t\t\t\t<div class=\"elementor-post__text\">\n\t\t\t\t<h3 class=\"elementor-post__title\">\n\t\t\t<a href=\"https:\/\/www.ivo.es\/val\/cuadro-medico\/comites-de-tumores\/comite-de-tumors-sarcomes\/\" >\n\t\t\t\tComit\u00e9 de Tumors Sarcomes\t\t\t<\/a>\n\t\t<\/h3>\n\t\t\n\t\t<a class=\"elementor-post__read-more\" href=\"https:\/\/www.ivo.es\/val\/cuadro-medico\/comites-de-tumores\/comite-de-tumors-sarcomes\/\" aria-label=\"Read more about Comit\u00e9 de Tumors Sarcomes\" tabindex=\"-1\" >\n\t\t\tVer\t\t<\/a>\n\n\t\t\t\t<\/div>\n\t\t\t\t\t<\/div>\n\t\t<\/article>\n\t\t\t\t<article class=\"elementor-post elementor-grid-item post-34637 gs_comitee type-gs_comitee status-publish hentry\" role=\"listitem\">\n\t\t\t<div class=\"elementor-post__card\">\n\t\t\t\t<div class=\"elementor-post__text\">\n\t\t\t\t<h3 class=\"elementor-post__title\">\n\t\t\t<a href=\"https:\/\/www.ivo.es\/val\/cuadro-medico\/comites-de-tumores\/comite-de-tumors-urologics\/\" >\n\t\t\t\tComit\u00e9 de Tumors Urol\u00f2gics\t\t\t<\/a>\n\t\t<\/h3>\n\t\t\n\t\t<a class=\"elementor-post__read-more\" href=\"https:\/\/www.ivo.es\/val\/cuadro-medico\/comites-de-tumores\/comite-de-tumors-urologics\/\" aria-label=\"Read more about Comit\u00e9 de Tumors Urol\u00f2gics\" tabindex=\"-1\" >\n\t\t\tVer\t\t<\/a>\n\n\t\t\t\t<\/div>\n\t\t\t\t\t<\/div>\n\t\t<\/article>\n\t\t\t\t<\/div>\n\t\t\n\t\t\t\t\t\t<\/div>\n\t\t\t\t<\/div>\n\t\t\t\t\t<\/div>\n\t\t<\/div>\n\t\t\t\t\t<\/div>\n\t\t<\/section>\n\t\t\t\t<\/div>\n\t\t","protected":false},"excerpt":{"rendered":"<p>Comit\u00e9s de Tumors La m\u00e0xima expressi\u00f3 de la medicina multidisciplin\u00e0ria Un comit\u00e9 de tumors \u00e9s un conjunt de professionals format per un equip multidisciplinari de<\/p>\n","protected":false},"author":1,"featured_media":0,"parent":31372,"menu_order":0,"comment_status":"closed","ping_status":"closed","template":"elementor_header_footer","meta":{"_acf_changed":false,"om_disable_all_campaigns":false,"footnotes":""},"class_list":["post-30057","page","type-page","status-publish","hentry"],"acf":[],"aioseo_notices":[],"_links":{"self":[{"href":"https:\/\/www.ivo.es\/val\/wp-json\/wp\/v2\/pages\/30057","targetHints":{"allow":["GET"]}}],"collection":[{"href":"https:\/\/www.ivo.es\/val\/wp-json\/wp\/v2\/pages"}],"about":[{"href":"https:\/\/www.ivo.es\/val\/wp-json\/wp\/v2\/types\/page"}],"author":[{"embeddable":true,"href":"https:\/\/www.ivo.es\/val\/wp-json\/wp\/v2\/users\/1"}],"replies":[{"embeddable":true,"href":"https:\/\/www.ivo.es\/val\/wp-json\/wp\/v2\/comments?post=30057"}],"version-history":[{"count":13,"href":"https:\/\/www.ivo.es\/val\/wp-json\/wp\/v2\/pages\/30057\/revisions"}],"predecessor-version":[{"id":36836,"href":"https:\/\/www.ivo.es\/val\/wp-json\/wp\/v2\/pages\/30057\/revisions\/36836"}],"up":[{"embeddable":true,"href":"https:\/\/www.ivo.es\/val\/wp-json\/wp\/v2\/pages\/31372"}],"wp:attachment":[{"href":"https:\/\/www.ivo.es\/val\/wp-json\/wp\/v2\/media?parent=30057"}],"curies":[{"name":"wp","href":"https:\/\/api.w.org\/{rel}","templated":true}]}}