{"id":33472,"date":"2022-05-20T11:11:37","date_gmt":"2022-05-20T09:11:37","guid":{"rendered":"https:\/\/www.ivo.es\/teaching\/teaching-commission\/"},"modified":"2025-11-24T17:25:43","modified_gmt":"2025-11-24T16:25:43","slug":"teaching-commission","status":"publish","type":"page","link":"https:\/\/www.ivo.es\/en\/teaching\/teaching-commission\/","title":{"rendered":"Teaching commission"},"content":{"rendered":"\t\t<div data-elementor-type=\"wp-page\" data-elementor-id=\"33472\" class=\"elementor elementor-33472 elementor-28196\" data-elementor-post-type=\"page\">\n\t\t\t\t\t\t<section data-particle_enable=\"false\" data-particle-mobile-disabled=\"false\" class=\"elementor-section elementor-top-section elementor-element elementor-element-8271bec elementor-section-height-min-height elementor-section-boxed elementor-section-height-default elementor-section-items-middle\" data-id=\"8271bec\" data-element_type=\"section\" data-e-type=\"section\">\n\t\t\t\t\t\t<div class=\"elementor-container elementor-column-gap-default\">\n\t\t\t\t\t<div class=\"elementor-column elementor-col-100 elementor-top-column elementor-element elementor-element-4e3c0a2\" data-id=\"4e3c0a2\" data-element_type=\"column\" data-e-type=\"column\">\n\t\t\t<div class=\"elementor-widget-wrap elementor-element-populated\">\n\t\t\t\t\t\t<section data-particle_enable=\"false\" data-particle-mobile-disabled=\"false\" class=\"elementor-section elementor-inner-section elementor-element elementor-element-7833f36 elementor-section-boxed elementor-section-height-default elementor-section-height-default\" data-id=\"7833f36\" data-element_type=\"section\" data-e-type=\"section\">\n\t\t\t\t\t\t<div class=\"elementor-container elementor-column-gap-wider\">\n\t\t\t\t\t<div class=\"elementor-column elementor-col-50 elementor-inner-column elementor-element elementor-element-0eb5427\" data-id=\"0eb5427\" data-element_type=\"column\" data-e-type=\"column\">\n\t\t\t<div class=\"elementor-widget-wrap elementor-element-populated\">\n\t\t\t\t\t\t<div class=\"elementor-element elementor-element-9e60f5d elementor-widget elementor-widget-heading\" data-id=\"9e60f5d\" data-element_type=\"widget\" data-e-type=\"widget\" data-widget_type=\"heading.default\">\n\t\t\t\t<div class=\"elementor-widget-container\">\n\t\t\t\t\t<h2 class=\"elementor-heading-title elementor-size-default\">Teaching commission<\/h2>\t\t\t\t<\/div>\n\t\t\t\t<\/div>\n\t\t\t\t<div class=\"elementor-element elementor-element-555f458 elementor-widget elementor-widget-text-editor\" data-id=\"555f458\" data-element_type=\"widget\" data-e-type=\"widget\" data-widget_type=\"text-editor.default\">\n\t\t\t\t<div class=\"elementor-widget-container\">\n\t\t\t\t\t\t\t\t\t<p>The IVO&#8217;s teaching commission is mainly responsible for organising training, supervising its practical application and monitoring compliance with the objectives specified in the programmes.\u00a0<\/p><p>Its mission is to identify and meet the training expectations and needs of the IVO professionals regarding health sciences and other related sciences on an ongoing basis.\u00a0<\/p>\t\t\t\t\t\t\t\t<\/div>\n\t\t\t\t<\/div>\n\t\t\t\t\t<\/div>\n\t\t<\/div>\n\t\t\t\t<div class=\"elementor-column elementor-col-50 elementor-inner-column elementor-element elementor-element-8019cc9\" data-id=\"8019cc9\" data-element_type=\"column\" data-e-type=\"column\">\n\t\t\t<div class=\"elementor-widget-wrap elementor-element-populated\">\n\t\t\t\t\t\t<div class=\"elementor-element elementor-element-869bdea elementor-widget elementor-widget-image\" data-id=\"869bdea\" data-element_type=\"widget\" data-e-type=\"widget\" data-widget_type=\"image.default\">\n\t\t\t\t<div class=\"elementor-widget-container\">\n\t\t\t\t\t\t\t\t\t\t\t\t\t\t\t<img fetchpriority=\"high\" decoding=\"async\" width=\"640\" height=\"427\" src=\"https:\/\/www.ivo.es\/wp-content\/uploads\/2024\/02\/SalonActos-8391.jpg\" class=\"attachment-large size-large wp-image-37310\" alt=\"\" srcset=\"https:\/\/www.ivo.es\/wp-content\/uploads\/2024\/02\/SalonActos-8391.jpg 1000w, https:\/\/www.ivo.es\/wp-content\/uploads\/2024\/02\/SalonActos-8391-300x200.jpg 300w, https:\/\/www.ivo.es\/wp-content\/uploads\/2024\/02\/SalonActos-8391-768x512.jpg 768w\" sizes=\"(max-width: 640px) 100vw, 640px\" \/>\t\t\t\t\t\t\t\t\t\t\t\t\t\t\t<\/div>\n\t\t\t\t<\/div>\n\t\t\t\t\t<\/div>\n\t\t<\/div>\n\t\t\t\t\t<\/div>\n\t\t<\/section>\n\t\t\t\t<section data-particle_enable=\"false\" data-particle-mobile-disabled=\"false\" class=\"elementor-section elementor-inner-section elementor-element elementor-element-50895aa elementor-section-boxed elementor-section-height-default elementor-section-height-default\" data-id=\"50895aa\" data-element_type=\"section\" data-e-type=\"section\">\n\t\t\t\t\t\t<div class=\"elementor-container elementor-column-gap-wider\">\n\t\t\t\t\t<div class=\"elementor-column elementor-col-50 elementor-inner-column elementor-element elementor-element-4ae4373\" data-id=\"4ae4373\" data-element_type=\"column\" data-e-type=\"column\">\n\t\t\t<div class=\"elementor-widget-wrap elementor-element-populated\">\n\t\t\t\t\t\t<div class=\"elementor-element elementor-element-e669d9f elementor-widget elementor-widget-eael-adv-accordion\" data-id=\"e669d9f\" data-element_type=\"widget\" data-e-type=\"widget\" data-widget_type=\"eael-adv-accordion.default\">\n\t\t\t\t<div class=\"elementor-widget-container\">\n\t\t\t\t\t            <div class=\"eael-adv-accordion\" id=\"eael-adv-accordion-e669d9f\" data-scroll-on-click=\"no\" data-scroll-speed=\"300\" data-accordion-id=\"e669d9f\" data-accordion-type=\"accordion\" data-toogle-speed=\"300\">\n            <div class=\"eael-accordion-list\">\n\t\t\t\t\t<div id=\"functions\" class=\"elementor-tab-title eael-accordion-header\" tabindex=\"0\" data-tab=\"1\" aria-controls=\"elementor-tab-content-2411\"><span class=\"eael-accordion-tab-title\">Functions<\/span><i aria-hidden=\"true\" class=\"fa-toggle fas fa-angle-right\"><\/i><\/div><div id=\"elementor-tab-content-2411\" class=\"eael-accordion-content clearfix\" data-tab=\"1\" aria-labelledby=\"functions\"><div class=\"elementor-element elementor-element-5282a66 eael-infobox-icon-bg-shape-none eael-infobox-icon-hover-bg-shape-none elementor-widget elementor-widget-eael-info-box\"><div class=\"elementor-widget-container\"><div class=\"eael-infobox icon-on-left\"><div class=\"infobox-content eael-icon-only\"><p class=\"title\"><strong>Facilitating integration<\/strong><\/p><p>To facilitate the integration of the training activities and of the residents with the care and ordinary activity in the centre, and to plan their professional activity in the centre together with the its management bodies.<\/p><p><strong>Developing protocols<\/strong><\/p><\/div><\/div><\/div><\/div><div class=\"elementor-element elementor-element-a3978eb eael-infobox-icon-bg-shape-none eael-infobox-icon-hover-bg-shape-none elementor-widget elementor-widget-eael-info-box\"><div class=\"elementor-widget-container\"><div class=\"eael-infobox icon-on-left\"><div class=\"infobox-content eael-icon-only\"><p>To develop the protocol for the supervision of residents in accordance with the terms established by current legislation.<\/p><p><strong>Ensuring individual training plans<\/strong><\/p><\/div><\/div><\/div><\/div><div class=\"elementor-element elementor-element-8a32e1f eael-infobox-icon-bg-shape-none eael-infobox-icon-hover-bg-shape-none elementor-widget elementor-widget-eael-info-box\"><div class=\"elementor-widget-container\"><div class=\"eael-infobox icon-on-left\"><div class=\"infobox-content eael-icon-only\"><p>To guarantee that each of the residents of the specialities being trained at the centre has the corresponding individual training plan, working with the tutors of the speciality in question to verify that they are in line with the aforementioned training guide or standard syllabus.<\/p><p><strong>Approving the teaching quality management plan<\/strong><\/p><\/div><\/div><\/div><\/div><div class=\"elementor-element elementor-element-7357e51 eael-infobox-icon-bg-shape-none eael-infobox-icon-hover-bg-shape-none elementor-widget elementor-widget-eael-info-box\"><div class=\"elementor-widget-container\"><div class=\"eael-infobox icon-on-left\"><div class=\"infobox-content eael-icon-only\"><p>Approving the centre&#8217;s teaching quality management plan and supervising its compliance, to which end they will be provided with all necessary information by the heads of the care units and by the corresponding management and administrative bodies.<\/p><p><strong>Providing continuous training<\/strong><\/p><\/div><\/div><\/div><\/div><div class=\"elementor-element elementor-element-2878ef9 eael-infobox-icon-bg-shape-none eael-infobox-icon-hover-bg-shape-none elementor-widget elementor-widget-eael-info-box\"><div class=\"elementor-widget-container\"><div class=\"eael-infobox icon-on-left\"><div class=\"infobox-content eael-icon-only\"><p>To facilitate the continuous training of tutors in teaching methodologies and other aspects related to the training programmes.<\/p><\/div><\/div><\/div><\/div><\/div>\n\t\t\t\t\t<\/div><div class=\"eael-accordion-list\">\n\t\t\t\t\t<div id=\"members\" class=\"elementor-tab-title eael-accordion-header\" tabindex=\"0\" data-tab=\"2\" aria-controls=\"elementor-tab-content-2412\"><span class=\"eael-accordion-tab-title\">Members<\/span><i aria-hidden=\"true\" class=\"fa-toggle fas fa-angle-right\"><\/i><\/div><div id=\"elementor-tab-content-2412\" class=\"eael-accordion-content clearfix\" data-tab=\"2\" aria-labelledby=\"members\"><div class=\"elementor-element elementor-element-5282a66 eael-infobox-icon-bg-shape-none eael-infobox-icon-hover-bg-shape-none elementor-widget elementor-widget-eael-info-box\"><div class=\"elementor-widget-container\"><div class=\"eael-infobox icon-on-left\"><div class=\"infobox-content eael-icon-only\"><strong>President:<\/strong> Onofre Sanmart\u00edn Jim\u00e9nez (Head of Dermatology Service)<\/div><\/div><\/div><\/div><div class=\"elementor-element elementor-element-2878ef9 eael-infobox-icon-bg-shape-none eael-infobox-icon-hover-bg-shape-none elementor-widget elementor-widget-eael-info-box\"><div class=\"elementor-widget-container\"><div class=\"eael-infobox icon-on-left\"><div class=\"infobox-content eael-icon-only\"><p><strong>Secretary:<\/strong> Lourdes Bello Luna (Graduate in Law)<\/p><p><strong>Board Members: <\/strong><\/p><ul><li>Sergio Sandiego Contreras (Tutor and Assistant Doctor in Medical Oncology)<\/li><li>Marcos Meli\u00e1n Sosa (Tutor and Assistant Doctor in Medical Oncology)<\/li><li>Sandra Canos Puente (Tutor and Head of Section in Radiation Oncology)<\/li><li>Paula Santamar\u00eda Garc\u00eda (Tutor and Assistant Doctor in Radiation Oncology)<\/li><li>F\u00e1tima Mar\u00eda Mayo Mart\u00ednez (Tutor and Assistant Doctor in Dermatology)<\/li><li>Vicente Crisp\u00edn Contreras (Head of the Radiophysics and Radiation Protection Service)<\/li><li>Carlos J. Andr\u00e9s Blasco (Head of the Pharmacy Service)<\/li><li>Pilar Ferrer Pe\u00f1aranda (Representative of the Conseller\u00eda de Sanidad)<\/li><li>Carlos Fuster Diana (Head of Section of the General and Digestive Surgery Service)<\/li><li>Francisco Manchon Adsuar (Tutor and Assistant Doctor of Nuclear Medicine Service)<\/li><li>Ismael Pascual Pastor Climente (Tutor and assistant pharmacist)<\/li><li>Sandra Bernab\u00e9u Castell\u00e1 (Tutor and\u00a0 assistant pharmacist)<\/li><li>Representative of Training Specialists<\/li><\/ul><\/div><\/div><\/div><\/div><\/div>\n\t\t\t\t\t<\/div><div class=\"eael-accordion-list\">\n\t\t\t\t\t<div id=\"location\" class=\"elementor-tab-title eael-accordion-header\" tabindex=\"0\" data-tab=\"3\" aria-controls=\"elementor-tab-content-2413\"><span class=\"eael-accordion-tab-title\">Location<\/span><i aria-hidden=\"true\" class=\"fa-toggle fas fa-angle-right\"><\/i><\/div><div id=\"elementor-tab-content-2413\" class=\"eael-accordion-content clearfix\" data-tab=\"3\" aria-labelledby=\"location\"><p>The Secretariat of the Teaching Commission is located on the third floor of the <a href=\"https:\/\/ivo22.gyoza.tech\/complejo-hospitalario\/edificio-consultas-externas\/\">Outpatients building<\/a>.\u00a0<\/p><\/div>\n\t\t\t\t\t<\/div><\/div>\t\t\t\t<\/div>\n\t\t\t\t<\/div>\n\t\t\t\t\t<\/div>\n\t\t<\/div>\n\t\t\t\t<div class=\"elementor-column elementor-col-50 elementor-inner-column elementor-element elementor-element-a53a0f5\" data-id=\"a53a0f5\" data-element_type=\"column\" data-e-type=\"column\">\n\t\t\t<div class=\"elementor-widget-wrap elementor-element-populated\">\n\t\t\t\t\t\t<div class=\"elementor-element elementor-element-a58e23d elementor-widget elementor-widget-heading\" data-id=\"a58e23d\" data-element_type=\"widget\" data-e-type=\"widget\" data-widget_type=\"heading.default\">\n\t\t\t\t<div class=\"elementor-widget-container\">\n\t\t\t\t\t<h3 class=\"elementor-heading-title elementor-size-default\">Contact<\/h3>\t\t\t\t<\/div>\n\t\t\t\t<\/div>\n\t\t\t\t<div class=\"elementor-element elementor-element-e6fc96d elementor-align-justify elementor-widget elementor-widget-button\" data-id=\"e6fc96d\" data-element_type=\"widget\" data-e-type=\"widget\" data-widget_type=\"button.default\">\n\t\t\t\t<div class=\"elementor-widget-container\">\n\t\t\t\t\t\t\t\t\t<div class=\"elementor-button-wrapper\">\n\t\t\t\t\t<a class=\"elementor-button elementor-button-link elementor-size-sm\" href=\"#elementor-action%3Aaction%3Dpopup%3Aopen%26settings%3DeyJpZCI6MzE4MzcsInRvZ2dsZSI6ZmFsc2V9\">\n\t\t\t\t\t\t<span class=\"elementor-button-content-wrapper\">\n\t\t\t\t\t\t<span class=\"elementor-button-icon\">\n\t\t\t\t<i aria-hidden=\"true\" class=\"far fa-envelope\"><\/i>\t\t\t<\/span>\n\t\t\t\t\t\t\t\t\t<span class=\"elementor-button-text\">Contact<\/span>\n\t\t\t\t\t<\/span>\n\t\t\t\t\t<\/a>\n\t\t\t\t<\/div>\n\t\t\t\t\t\t\t\t<\/div>\n\t\t\t\t<\/div>\n\t\t\t\t\t<\/div>\n\t\t<\/div>\n\t\t\t\t\t<\/div>\n\t\t<\/section>\n\t\t\t\t\t<\/div>\n\t\t<\/div>\n\t\t\t\t\t<\/div>\n\t\t<\/section>\n\t\t\t\t<\/div>\n\t\t","protected":false},"excerpt":{"rendered":"<p>Teaching commission The IVO&#8217;s teaching commission is mainly responsible for organising training, supervising its practical application and monitoring compliance with the objectives specified in the programmes.\u00a0 Its mission is to identify and meet the training expectations and needs of the IVO professionals regarding health sciences and other related sciences on an ongoing basis.\u00a0 Functions Facilitating [&hellip;]<\/p>\n","protected":false},"author":3,"featured_media":26775,"parent":33452,"menu_order":0,"comment_status":"closed","ping_status":"closed","template":"","meta":{"_acf_changed":false,"om_disable_all_campaigns":false,"footnotes":""},"class_list":["post-33472","page","type-page","status-publish","has-post-thumbnail","hentry"],"acf":[],"aioseo_notices":[],"_links":{"self":[{"href":"https:\/\/www.ivo.es\/en\/wp-json\/wp\/v2\/pages\/33472","targetHints":{"allow":["GET"]}}],"collection":[{"href":"https:\/\/www.ivo.es\/en\/wp-json\/wp\/v2\/pages"}],"about":[{"href":"https:\/\/www.ivo.es\/en\/wp-json\/wp\/v2\/types\/page"}],"author":[{"embeddable":true,"href":"https:\/\/www.ivo.es\/en\/wp-json\/wp\/v2\/users\/3"}],"replies":[{"embeddable":true,"href":"https:\/\/www.ivo.es\/en\/wp-json\/wp\/v2\/comments?post=33472"}],"version-history":[{"count":28,"href":"https:\/\/www.ivo.es\/en\/wp-json\/wp\/v2\/pages\/33472\/revisions"}],"predecessor-version":[{"id":41953,"href":"https:\/\/www.ivo.es\/en\/wp-json\/wp\/v2\/pages\/33472\/revisions\/41953"}],"up":[{"embeddable":true,"href":"https:\/\/www.ivo.es\/en\/wp-json\/wp\/v2\/pages\/33452"}],"wp:featuredmedia":[{"embeddable":true,"href":"https:\/\/www.ivo.es\/en\/wp-json\/wp\/v2\/media\/26775"}],"wp:attachment":[{"href":"https:\/\/www.ivo.es\/en\/wp-json\/wp\/v2\/media?parent=33472"}],"curies":[{"name":"wp","href":"https:\/\/api.w.org\/{rel}","templated":true}]}}